{"id":25198,"date":"2016-03-03T15:36:34","date_gmt":"2016-03-03T14:36:34","guid":{"rendered":"http:\/\/www.libraria-occitana.org\/all-products\/la-bela-vida?lang=oc"},"modified":"2026-04-29T02:36:55","modified_gmt":"2026-04-29T00:36:55","slug":"la-bela-vida","status":"publish","type":"product","link":"https:\/\/www.libraria-occitana.org\/oc\/produch\/la-bela-vida\/","title":{"rendered":"La B\u00e8la Vida"},"content":{"rendered":"<p><strong>Robin Abela :<\/strong> Violon, chant<br \/>\n<strong>Micka\u00ebl Vidal :<\/strong> Clarinette, accord\u00e9on diatonique, chant<\/p>\n<p>Duo jeune et prometteur, les deux amis ont d\u00e9j\u00e0 anim\u00e9s de nombreux bals dans le collectif \u00ab Les Cousins du Quercy \u00bb.<br \/>\nUne formation en musiques traditionnelles pour l\u2019un et plus, jazz pour l\u2019autre, Micka\u00ebl et Robin allient dans leur musique la tradition et l\u2019improvisation fantaisiste, le tout au service de la danse et des danseurs.<\/p>\n<p><strong>Titres :<\/strong><br \/>\n1. I a longtemps qu&#8217;esp\u00e8ri [Valse] 3&#8217;31&#8221;<br \/>\n2. Las vitarellas e lo cardalhac [Scottish] 2&#8217;59&#8221;<br \/>\n3. Suite de Polkas [Polka] 3&#8217;16&#8221;<br \/>\n4. La-haut sur la montagne 1&#8217;57&#8221;<br \/>\n5. Mazurka d&#8217;Arsenino Contini [Mazurka] 3&#8217;03&#8221;<br \/>\n6. La filha d&#8217;un paure \u00f2me [Ronde du Quercy] 2&#8217;44&#8221;<br \/>\n7. Appel 0&#8217;56&#8221;<br \/>\n8. Seguida de borr\u00e9ias [Bourr\u00e9es 3 temps] 2&#8217;55&#8221;<br \/>\n9. La Bourka [Bourr\u00e9es 2 temps] 4&#8217;34&#8221;<br \/>\n10. Ma Maire 3&#8217;22&#8221;<\/p>\n","protected":false},"excerpt":{"rendered":"<p>Robin Abela : Violon, chant Micka\u00ebl Vidal : Clarinette, accord\u00e9on diatonique, chant Duo jeune et prometteur, les deux amis ont d\u00e9j\u00e0 anim\u00e9s de nombreux bals dans le collectif \u00ab Les Cousins du Quercy \u00bb. Une formation en musiques traditionnelles pour l\u2019un et plus, jazz pour l\u2019autre, Micka\u00ebl et Robin allient dans leur musique la tradition [&hellip;]<\/p>\n","protected":false},"featured_media":17574,"template":"","meta":{"_acf_changed":false,"_genesis_hide_title":false,"_genesis_hide_breadcrumbs":false,"_genesis_hide_singular_image":false,"_genesis_hide_footer_widgets":false,"_genesis_custom_body_class":"","_genesis_custom_post_class":"","_genesis_layout":""},"product_brand":[],"product_cat":[16683,7229],"product_tag":[],"class_list":{"0":"post-25198","1":"product","2":"type-product","3":"status-publish","4":"has-post-thumbnail","6":"product_cat-musica-oc","7":"product_cat-novela-tradicion-oc","8":"pa_auteur-duo-abela-vidal-oc","9":"pa_editeur-c-a-m-o-m-oc","10":"entry","12":"first","13":"instock","14":"shipping-taxable","15":"purchasable","16":"product-type-simple"},"acf":[],"_links":{"self":[{"href":"https:\/\/www.libraria-occitana.org\/oc\/wp-json\/wp\/v2\/product\/25198","targetHints":{"allow":["GET"]}}],"collection":[{"href":"https:\/\/www.libraria-occitana.org\/oc\/wp-json\/wp\/v2\/product"}],"about":[{"href":"https:\/\/www.libraria-occitana.org\/oc\/wp-json\/wp\/v2\/types\/product"}],"wp:featuredmedia":[{"embeddable":true,"href":"https:\/\/www.libraria-occitana.org\/oc\/wp-json\/wp\/v2\/media\/17574"}],"wp:attachment":[{"href":"https:\/\/www.libraria-occitana.org\/oc\/wp-json\/wp\/v2\/media?parent=25198"}],"wp:term":[{"taxonomy":"product_brand","embeddable":true,"href":"https:\/\/www.libraria-occitana.org\/oc\/wp-json\/wp\/v2\/product_brand?post=25198"},{"taxonomy":"product_cat","embeddable":true,"href":"https:\/\/www.libraria-occitana.org\/oc\/wp-json\/wp\/v2\/product_cat?post=25198"},{"taxonomy":"product_tag","embeddable":true,"href":"https:\/\/www.libraria-occitana.org\/oc\/wp-json\/wp\/v2\/product_tag?post=25198"}],"curies":[{"name":"wp","href":"https:\/\/api.w.org\/{rel}","templated":true}]}}