{"id":27231,"date":"1976-12-01T11:21:54","date_gmt":"1976-12-01T10:21:54","guid":{"rendered":"http:\/\/www.libraria-occitana.org\/all-products\/los-tres-tessons?lang=oc"},"modified":"2026-04-15T02:41:29","modified_gmt":"2026-04-15T00:41:29","slug":"los-tres-tessons","status":"publish","type":"product","link":"https:\/\/www.libraria-occitana.org\/oc\/produch\/los-tres-tessons\/","title":{"rendered":"Los tres tessons"},"content":{"rendered":"<p>C&#8217;\u00e9tait en 1976. Quatre grands classiques des Albums du P\u00e8re Castor avaient \u00e9t\u00e9 traduits dans plusieurs langues de France, en basque, en breton, en corse, en catalan et pour l&#8217;ensemble occitan en proven\u00e7al et en limousin, et \u00e9dit\u00e9s dans la m\u00eame pr\u00e9sentation que l&#8217;\u00e9dition originale.<\/p>\n<p>Ici en limousin.<br \/>\nLes autres albums traduits :<br \/>\n&#8211; <a title=\"La chabra e los chabrits\" href=\"http:\/\/www.libraria-occitana.org\/all-products\/la-chabra-e-los-chabrits\">La chabra e los chabrits<\/a> (La ch\u00e8vre et les biquets)<br \/>\n&#8211; <a title=\"Los bons amics\" href=\"http:\/\/www.libraria-occitana.org\/all-products\/los-bons-amics\">Los bons amics<\/a> (Les bons amis)<br \/>\n&#8211; <a title=\"Pitit chat perdut\" href=\"http:\/\/www.libraria-occitana.org\/all-products\/pitit-chat-perdut\">Pitit chat perdut<\/a> (Petit chat perdu)<\/p>\n","protected":false},"excerpt":{"rendered":"<p>C&#8217;\u00e9tait en 1976. Quatre grands classiques des Albums du P\u00e8re Castor avaient \u00e9t\u00e9 traduits dans plusieurs langues de France, en basque, en breton, en corse, en catalan et pour l&#8217;ensemble occitan en proven\u00e7al et en limousin, et \u00e9dit\u00e9s dans la m\u00eame pr\u00e9sentation que l&#8217;\u00e9dition originale. Ici en limousin. Les autres albums traduits : &#8211; La [&hellip;]<\/p>\n","protected":false},"featured_media":36863,"template":"","meta":{"_acf_changed":false,"_genesis_hide_title":false,"_genesis_hide_breadcrumbs":false,"_genesis_hide_singular_image":false,"_genesis_hide_footer_widgets":false,"_genesis_custom_body_class":"","_genesis_custom_post_class":"","_genesis_layout":""},"product_brand":[],"product_cat":[7171,7165,7133],"product_tag":[],"class_list":{"0":"post-27231","1":"product","2":"type-product","3":"status-publish","4":"has-post-thumbnail","6":"product_cat-drolles-oc","7":"product_cat-jounessa-bd-umor","8":"product_cat-libres-oc","9":"pa_auteur-francois-paul-oc","10":"pa_auteur-marot-sergi-rev-oc","11":"pa_editeur-flammarion-oc","12":"pa_illustrateur-gerda-oc","13":"pa_langue-occitan-oc","14":"pa_langue-occitan-lemosin-oc","15":"entry","17":"first","18":"instock","19":"shipping-taxable","20":"purchasable","21":"product-type-simple"},"acf":[],"_links":{"self":[{"href":"https:\/\/www.libraria-occitana.org\/oc\/wp-json\/wp\/v2\/product\/27231","targetHints":{"allow":["GET"]}}],"collection":[{"href":"https:\/\/www.libraria-occitana.org\/oc\/wp-json\/wp\/v2\/product"}],"about":[{"href":"https:\/\/www.libraria-occitana.org\/oc\/wp-json\/wp\/v2\/types\/product"}],"wp:featuredmedia":[{"embeddable":true,"href":"https:\/\/www.libraria-occitana.org\/oc\/wp-json\/wp\/v2\/media\/36863"}],"wp:attachment":[{"href":"https:\/\/www.libraria-occitana.org\/oc\/wp-json\/wp\/v2\/media?parent=27231"}],"wp:term":[{"taxonomy":"product_brand","embeddable":true,"href":"https:\/\/www.libraria-occitana.org\/oc\/wp-json\/wp\/v2\/product_brand?post=27231"},{"taxonomy":"product_cat","embeddable":true,"href":"https:\/\/www.libraria-occitana.org\/oc\/wp-json\/wp\/v2\/product_cat?post=27231"},{"taxonomy":"product_tag","embeddable":true,"href":"https:\/\/www.libraria-occitana.org\/oc\/wp-json\/wp\/v2\/product_tag?post=27231"}],"curies":[{"name":"wp","href":"https:\/\/api.w.org\/{rel}","templated":true}]}}