{"id":27237,"date":"1975-10-01T10:51:17","date_gmt":"1975-10-01T09:51:17","guid":{"rendered":"http:\/\/www.libraria-occitana.org\/all-products\/joseph-roux-et-la-grande-parole-biographie-anthologie-etude-critique?lang=oc"},"modified":"2026-04-26T04:06:45","modified_gmt":"2026-04-26T02:06:45","slug":"joseph-roux-et-la-grande-parole-biographie-anthologie-etude-critique","status":"publish","type":"product","link":"https:\/\/www.libraria-occitana.org\/oc\/produch\/joseph-roux-et-la-grande-parole-biographie-anthologie-etude-critique\/","title":{"rendered":"Joseph Roux et la grande Parole : Biographie &#8211; Anthologie &#8211; \u00c9tude critique"},"content":{"rendered":"<p>[&#8230;]<br \/>\nAujourd&#8217;hui, Joseph Roux est un nom qu&#8217;on salue avec respect dans toute l&#8217;Occitanie. Il est parmi les grands. Mais il vaudrait mieux pour sa gloire qu&#8217;on le l\u00fbt davantage. Et comment le lirait-on ? Ses grandes \u0153uvres : <em>Les Pens\u00e9es<\/em> (en fran\u00e7ais) et <em>La Chansou lemouzina<\/em> n&#8217;ont pas \u00e9t\u00e9 r\u00e9\u00e9dit\u00e9es depuis plus de quatre-vingts ans ! Sauf erreur, elles ne figurent m\u00eame pas &#8211; \u00f4 honte ! &#8211; dans toutes les biblioth\u00e8ques publiques de son propre pays : la Corr\u00e8ze et Tulle m\u00eame, sa ville natale, n&#8217;a pas trouv\u00e9 de bronze pour son buste. Bref, celui qui ne voulant pas \u00eatre &#8220;capouli\u00e9&#8221;, comme &#8220;Messieurs de Provence et de Languedoc&#8221;, s&#8217;appelait orgueilleusement &#8220;chaptal&#8221; du F\u00e9librige limousin, est une figure sur la chemin\u00e9e dont la glace renvoie \u00e0 des indiff\u00e9rents l&#8217;image morte.<br \/>\n[&#8230;]<br \/>\nL&#8217;ouvrage qu&#8217;on va lire, o\u00f9 les citations ont \u00e9t\u00e9 multipli\u00e9es, n&#8217;a qu&#8217;un but : faire mieux conna\u00eetre Joseph Roux et surtout l'&#8221;apprendre&#8221; \u00e0 ceux qui ne l&#8217;ont jamais &#8220;lu&#8221;.<br \/>\nLa voix du grand ouvrier de la Renaissance limousine doit encore inspirer.&#8221;<\/p>\n<p style=\"text-align: right;\">Roger T\u00e9n\u00e8ze<\/p>\n","protected":false},"excerpt":{"rendered":"<p>[&#8230;] Aujourd&#8217;hui, Joseph Roux est un nom qu&#8217;on salue avec respect dans toute l&#8217;Occitanie. Il est parmi les grands. Mais il vaudrait mieux pour sa gloire qu&#8217;on le l\u00fbt davantage. Et comment le lirait-on ? Ses grandes \u0153uvres : Les Pens\u00e9es (en fran\u00e7ais) et La Chansou lemouzina n&#8217;ont pas \u00e9t\u00e9 r\u00e9\u00e9dit\u00e9es depuis plus de quatre-vingts [&hellip;]<\/p>\n","protected":false},"featured_media":27238,"template":"","meta":{"_acf_changed":false,"_genesis_hide_title":false,"_genesis_hide_breadcrumbs":false,"_genesis_hide_singular_image":false,"_genesis_hide_footer_widgets":false,"_genesis_custom_body_class":"","_genesis_custom_post_class":"","_genesis_layout":""},"product_brand":[],"product_cat":[7189,7133,7175],"product_tag":[],"class_list":{"0":"post-27237","1":"product","2":"type-product","3":"status-publish","4":"has-post-thumbnail","6":"product_cat-estudis-literaris-oc","7":"product_cat-libres-oc","8":"product_cat-literatura-oc","9":"pa_auteur-teneze-roger-oc","10":"pa_editeur-lemouzi-oc","11":"pa_langue-francais-oc","12":"entry","14":"first","15":"instock","16":"shipping-taxable","17":"purchasable","18":"product-type-simple"},"acf":[],"_links":{"self":[{"href":"https:\/\/www.libraria-occitana.org\/oc\/wp-json\/wp\/v2\/product\/27237","targetHints":{"allow":["GET"]}}],"collection":[{"href":"https:\/\/www.libraria-occitana.org\/oc\/wp-json\/wp\/v2\/product"}],"about":[{"href":"https:\/\/www.libraria-occitana.org\/oc\/wp-json\/wp\/v2\/types\/product"}],"wp:featuredmedia":[{"embeddable":true,"href":"https:\/\/www.libraria-occitana.org\/oc\/wp-json\/wp\/v2\/media\/27238"}],"wp:attachment":[{"href":"https:\/\/www.libraria-occitana.org\/oc\/wp-json\/wp\/v2\/media?parent=27237"}],"wp:term":[{"taxonomy":"product_brand","embeddable":true,"href":"https:\/\/www.libraria-occitana.org\/oc\/wp-json\/wp\/v2\/product_brand?post=27237"},{"taxonomy":"product_cat","embeddable":true,"href":"https:\/\/www.libraria-occitana.org\/oc\/wp-json\/wp\/v2\/product_cat?post=27237"},{"taxonomy":"product_tag","embeddable":true,"href":"https:\/\/www.libraria-occitana.org\/oc\/wp-json\/wp\/v2\/product_tag?post=27237"}],"curies":[{"name":"wp","href":"https:\/\/api.w.org\/{rel}","templated":true}]}}