{"id":27265,"date":"1979-01-01T10:51:21","date_gmt":"1979-01-01T09:51:21","guid":{"rendered":"http:\/\/www.libraria-occitana.org\/all-products\/li-maires-danguilas?lang=oc"},"modified":"2021-09-20T12:35:27","modified_gmt":"2021-09-20T10:35:27","slug":"li-maires-danguilas","status":"publish","type":"product","link":"https:\/\/www.libraria-occitana.org\/oc\/produch\/li-maires-danguilas\/","title":{"rendered":"Li Maires d&#8217;Anguilas"},"content":{"rendered":"<p><span style=\"color: #ff0000;\">[oc] Mens char (vielha edicion, libre passat) \u2013 [fr] Prix r\u00e9duit (vieille \u00e9dition, livre d\u00e9fra\u00eechi) \u2013 [en] Discount price (early edition, worn book)<br \/>\n<\/span><\/p>\n<blockquote><p>Lo barquet resquilha sus l'aiga. Lo buta Baj\u00f2ca amb sa partega que vai tafurar dins la nita dau fons. Li sanhas dins aqueste canton de l'estanh son pas estadas dalhadas p\u00e8r la sega d'estiu. Una pradari\u00e1 verda de fuelhas sus li cambas secas s'espand\u00eds a vista d'uelh bolegant si floquets jovenets, e l'aiga sema dins li tra\u00e7ats lus\u00eds qu'emb\u00f2rnha. Lo sol\u00e8u monta, s'ent\u00e8nd plus ges lo zonzon di moissaus. L'\u00f2me se l\u00e8va la masqueta de gaza. Ara que l'aiga se fai mai vesedoira e passa au rosat dins l'abrivament dau navegar. A cada c\u00f2p de la barra la nau pich\u00f2ta quilha un pauc lo nas e lampa mai. Darrier, de bofigas v\u00e8non crebar a la susf\u00e0cia, sa poison d'odor gatilha li narras. Passa una s\u00e8rp en morrejant. Lo c\u00f2s longanha fai si zigazagas dins lo triangle de lutz que tirassa. I a plus que lo tombar di granolhas p\u00e8r menar de bruch. Ges d'auc\u00e8u. Lo but\u00f2r s'es taisat. Dempu\u00e8i un moment tanb\u00e8n s'aus\u00eds plus la manada.<\/p><\/blockquote>\n<p><strong>Rob\u00e8rt August Cesar Lafont<\/strong> (Robert Lafont en franc\u00e9s) (Nimes, 1923 - Floren\u00e7a, It\u00e0lia, 2009) \u00e8ra un intellectuau occitan e pus particularament un ling\u00fcista, un escrivan, un istorian, un especialista de la literatura e un teorician politic. Es una dei pus grandei figuras istoricas de l\u2019occitanisme.<\/p>\n","protected":false},"excerpt":{"rendered":"<p>[oc] Mens char (vielha edicion, libre passat) \u2013 [fr] Prix r\u00e9duit (vieille \u00e9dition, livre d\u00e9fra\u00eechi) \u2013 [en] Discount price (early edition, worn book) Lo barquet resquilha sus l&#8217;aiga. Lo buta Baj\u00f2ca amb sa partega que vai tafurar dins la nita dau fons. Li sanhas dins aqueste canton de l&#8217;estanh son pas estadas dalhadas p\u00e8r la [&hellip;]<\/p>\n","protected":false},"featured_media":27266,"template":"","meta":{"_acf_changed":false,"_genesis_hide_title":false,"_genesis_hide_breadcrumbs":false,"_genesis_hide_singular_image":false,"_genesis_hide_footer_widgets":false,"_genesis_custom_body_class":"","_genesis_custom_post_class":"","_genesis_layout":""},"product_brand":[],"product_cat":[7133,7175,7239,7183],"product_tag":[],"class_list":{"0":"post-27265","1":"product","2":"type-product","3":"status-publish","4":"has-post-thumbnail","6":"product_cat-libres-oc","7":"product_cat-literatura-oc","8":"product_cat-promos-oc","9":"product_cat-romans-novelas-oc","10":"pa_editeur-ieo-fr-oc","11":"pa_illustrateur-lafont-robert-oc","12":"pa_langue-occitan-oc","13":"pa_langue-occitan-provencau-oc","14":"entry","16":"first","17":"instock","18":"sale","19":"shipping-taxable","20":"purchasable","21":"product-type-simple"},"acf":[],"_links":{"self":[{"href":"https:\/\/www.libraria-occitana.org\/oc\/wp-json\/wp\/v2\/product\/27265","targetHints":{"allow":["GET"]}}],"collection":[{"href":"https:\/\/www.libraria-occitana.org\/oc\/wp-json\/wp\/v2\/product"}],"about":[{"href":"https:\/\/www.libraria-occitana.org\/oc\/wp-json\/wp\/v2\/types\/product"}],"wp:featuredmedia":[{"embeddable":true,"href":"https:\/\/www.libraria-occitana.org\/oc\/wp-json\/wp\/v2\/media\/27266"}],"wp:attachment":[{"href":"https:\/\/www.libraria-occitana.org\/oc\/wp-json\/wp\/v2\/media?parent=27265"}],"wp:term":[{"taxonomy":"product_brand","embeddable":true,"href":"https:\/\/www.libraria-occitana.org\/oc\/wp-json\/wp\/v2\/product_brand?post=27265"},{"taxonomy":"product_cat","embeddable":true,"href":"https:\/\/www.libraria-occitana.org\/oc\/wp-json\/wp\/v2\/product_cat?post=27265"},{"taxonomy":"product_tag","embeddable":true,"href":"https:\/\/www.libraria-occitana.org\/oc\/wp-json\/wp\/v2\/product_tag?post=27265"}],"curies":[{"name":"wp","href":"https:\/\/api.w.org\/{rel}","templated":true}]}}