{"id":27278,"date":"1978-02-01T12:01:33","date_gmt":"1978-02-01T11:01:33","guid":{"rendered":"http:\/\/www.libraria-occitana.org\/all-products\/limousin-terre-doc-le-patrimoine-limousin-anthologie-de-textes-occitans?lang=oc"},"modified":"2026-04-29T03:36:42","modified_gmt":"2026-04-29T01:36:42","slug":"limousin-terre-doc-le-patrimoine-limousin-anthologie-de-textes-occitans","status":"publish","type":"product","link":"https:\/\/www.libraria-occitana.org\/oc\/produch\/limousin-terre-doc-le-patrimoine-limousin-anthologie-de-textes-occitans\/","title":{"rendered":"Limousin, Terre d&#8217;Oc : Le Patrimoine Limousin, Anthologie de textes occitans"},"content":{"rendered":"<p>\u00c0 l&#8217;usage des classes d&#8217;occitan des lyc\u00e9es et coll\u00e8ges, des \u00e9tudiants et des Lemousinants.<br \/>\n[&#8230;]<br \/>\nPuisse ce petit recueil inciter jeunes et anciens \u00e0 mieux conna\u00eetre <em>n\u00f2stre letradura lemosina e occitana<\/em> et \u00e0 pratiquer <em>n\u00f2stra parladura<\/em> !<br \/>\n[&#8230;]<\/p>\n","protected":false},"excerpt":{"rendered":"<p>\u00c0 l&#8217;usage des classes d&#8217;occitan des lyc\u00e9es et coll\u00e8ges, des \u00e9tudiants et des Lemousinants. [&#8230;] Puisse ce petit recueil inciter jeunes et anciens \u00e0 mieux conna\u00eetre n\u00f2stre letradura lemosina e occitana et \u00e0 pratiquer n\u00f2stra parladura ! [&#8230;]<\/p>\n","protected":false},"featured_media":27279,"template":"","meta":{"_acf_changed":false,"_genesis_hide_title":false,"_genesis_hide_breadcrumbs":false,"_genesis_hide_singular_image":false,"_genesis_hide_footer_widgets":false,"_genesis_custom_body_class":"","_genesis_custom_post_class":"","_genesis_layout":""},"product_brand":[],"product_cat":[7189,7133,7175],"product_tag":[],"class_list":{"0":"post-27278","1":"product","2":"type-product","3":"status-publish","4":"has-post-thumbnail","6":"product_cat-estudis-literaris-oc","7":"product_cat-libres-oc","8":"product_cat-literatura-oc","9":"pa_auteur-joudoux-robert-oc","10":"pa_editeur-lemouzi-oc","11":"pa_langue-occitan-lemosin-oc","12":"pa_langue-occitan-francais-oc","13":"entry","15":"first","16":"instock","17":"shipping-taxable","18":"purchasable","19":"product-type-simple"},"acf":[],"_links":{"self":[{"href":"https:\/\/www.libraria-occitana.org\/oc\/wp-json\/wp\/v2\/product\/27278","targetHints":{"allow":["GET"]}}],"collection":[{"href":"https:\/\/www.libraria-occitana.org\/oc\/wp-json\/wp\/v2\/product"}],"about":[{"href":"https:\/\/www.libraria-occitana.org\/oc\/wp-json\/wp\/v2\/types\/product"}],"wp:featuredmedia":[{"embeddable":true,"href":"https:\/\/www.libraria-occitana.org\/oc\/wp-json\/wp\/v2\/media\/27279"}],"wp:attachment":[{"href":"https:\/\/www.libraria-occitana.org\/oc\/wp-json\/wp\/v2\/media?parent=27278"}],"wp:term":[{"taxonomy":"product_brand","embeddable":true,"href":"https:\/\/www.libraria-occitana.org\/oc\/wp-json\/wp\/v2\/product_brand?post=27278"},{"taxonomy":"product_cat","embeddable":true,"href":"https:\/\/www.libraria-occitana.org\/oc\/wp-json\/wp\/v2\/product_cat?post=27278"},{"taxonomy":"product_tag","embeddable":true,"href":"https:\/\/www.libraria-occitana.org\/oc\/wp-json\/wp\/v2\/product_tag?post=27278"}],"curies":[{"name":"wp","href":"https:\/\/api.w.org\/{rel}","templated":true}]}}