{"id":27296,"date":"1983-09-01T16:59:57","date_gmt":"1983-09-01T15:59:57","guid":{"rendered":"http:\/\/www.libraria-occitana.org\/all-products\/lo-leberaubre-n11?lang=oc"},"modified":"2026-04-25T04:31:39","modified_gmt":"2026-04-25T02:31:39","slug":"lo-leberaubre-n11","status":"publish","type":"product","link":"https:\/\/www.libraria-occitana.org\/oc\/produch\/lo-leberaubre-n11\/","title":{"rendered":"Lo Leberaubre N\u00b011"},"content":{"rendered":"<p>\u00ab Per balhar de las rai\u00e7 au leberon e far corre l&#8217;aubre la nuech \u00bb<\/p>\n<p>Revue de litt\u00e9rature occitane c\u00e9l\u00e9brant les noces du mythe et de l&#8217;absurde au chevet d&#8217;une bonne fontaine sans d\u00e9dicace. Vit le jour en 1975.<\/p>\n<p><strong>Taula :<\/strong><br \/>\n&#8211; Jan dau Melhau :<br \/>\nLos dires de l&#8217;Eraclita revirats en lemosin<br \/>\n&#8211; Miqueu Descobes :<br \/>\nLetra de Guadalope emb n\u00f2tas de la redaccion sus lo parlar de l&#8217;autor<br \/>\n&#8211; Daidier Lap\u00f2rta :<br \/>\nPoema<br \/>\n&#8211; Maria Fremont :<br \/>\nLo passatge<br \/>\n&#8211; Domenica Decamps :<br \/>\nEssurisadis<br \/>\nSilenci, durman, poema<br \/>\n&#8211; Micheu Chapduelh :<br \/>\nUn mau misteri\u00f3s, novela fantastic\u00f2-medic\u00f2-policiera<br \/>\n&#8211; Marcela Delpastre :<br \/>\nLas vielhas charetas, poema<\/p>\n","protected":false},"excerpt":{"rendered":"<p>\u00ab Per balhar de las rai\u00e7 au leberon e far corre l&#8217;aubre la nuech \u00bb Revue de litt\u00e9rature occitane c\u00e9l\u00e9brant les noces du mythe et de l&#8217;absurde au chevet d&#8217;une bonne fontaine sans d\u00e9dicace. Vit le jour en 1975. Taula : &#8211; Jan dau Melhau : Los dires de l&#8217;Eraclita revirats en lemosin &#8211; Miqueu [&hellip;]<\/p>\n","protected":false},"featured_media":20537,"template":"","meta":{"_acf_changed":false,"_genesis_hide_title":false,"_genesis_hide_breadcrumbs":false,"_genesis_hide_singular_image":false,"_genesis_hide_footer_widgets":false,"_genesis_custom_body_class":"","_genesis_custom_post_class":"","_genesis_layout":""},"product_brand":[],"product_cat":[7133,7175],"product_tag":[],"class_list":{"0":"post-27296","1":"product","2":"type-product","3":"status-publish","4":"has-post-thumbnail","6":"product_cat-libres-oc","7":"product_cat-literatura-oc","8":"pa_auteur-collectiu-oc-2","9":"pa_editeur-literatura-e-cultura-populara-lemosinas-oc","10":"pa_langue-occitan-oc","11":"pa_langue-occitan-lemosin-oc","12":"entry","14":"first","15":"outofstock","16":"shipping-taxable","17":"purchasable","18":"product-type-simple"},"acf":[],"_links":{"self":[{"href":"https:\/\/www.libraria-occitana.org\/oc\/wp-json\/wp\/v2\/product\/27296","targetHints":{"allow":["GET"]}}],"collection":[{"href":"https:\/\/www.libraria-occitana.org\/oc\/wp-json\/wp\/v2\/product"}],"about":[{"href":"https:\/\/www.libraria-occitana.org\/oc\/wp-json\/wp\/v2\/types\/product"}],"wp:featuredmedia":[{"embeddable":true,"href":"https:\/\/www.libraria-occitana.org\/oc\/wp-json\/wp\/v2\/media\/20537"}],"wp:attachment":[{"href":"https:\/\/www.libraria-occitana.org\/oc\/wp-json\/wp\/v2\/media?parent=27296"}],"wp:term":[{"taxonomy":"product_brand","embeddable":true,"href":"https:\/\/www.libraria-occitana.org\/oc\/wp-json\/wp\/v2\/product_brand?post=27296"},{"taxonomy":"product_cat","embeddable":true,"href":"https:\/\/www.libraria-occitana.org\/oc\/wp-json\/wp\/v2\/product_cat?post=27296"},{"taxonomy":"product_tag","embeddable":true,"href":"https:\/\/www.libraria-occitana.org\/oc\/wp-json\/wp\/v2\/product_tag?post=27296"}],"curies":[{"name":"wp","href":"https:\/\/api.w.org\/{rel}","templated":true}]}}