{"id":27313,"date":"1981-08-01T14:56:27","date_gmt":"1981-08-01T13:56:27","guid":{"rendered":"http:\/\/www.libraria-occitana.org\/all-products\/les-quartiers-des-ponticauds-a-limoges-amerique-voila-les-limousins-lemouzi-n79-bis?lang=oc"},"modified":"2026-04-29T03:21:35","modified_gmt":"2026-04-29T01:21:35","slug":"les-quartiers-des-ponticauds-a-limoges-amerique-voila-les-limousins-lemouzi-n79-bis","status":"publish","type":"product","link":"https:\/\/www.libraria-occitana.org\/oc\/produch\/les-quartiers-des-ponticauds-a-limoges-amerique-voila-les-limousins-lemouzi-n79-bis\/","title":{"rendered":"Les quartiers des Ponticauds \u00e0 Limoges &#8211; Am\u00e9rique, voil\u00e0 les Limousins ! \/ Lemouzi N\u00b079 bis"},"content":{"rendered":"<p>Deux textes dont les sujets sont, apparemment, dissemblables, voire oppos\u00e9s : <em>Les quartiers des Ponticauds \u00e0 Limoges<\/em>, et <em>Am\u00e9rique, voil\u00e0 les Limousins<\/em>, ce dernier faisant le point de la participation limousine \u00e0 la guerre navale franco-anglaise et aux combats qui m\u00e8neront \u00e0 l&#8217;Ind\u00e9pendance des \u00c9tats-Unis d&#8217;Am\u00e9rique.<\/p>\n","protected":false},"excerpt":{"rendered":"<p>Deux textes dont les sujets sont, apparemment, dissemblables, voire oppos\u00e9s : Les quartiers des Ponticauds \u00e0 Limoges, et Am\u00e9rique, voil\u00e0 les Limousins, ce dernier faisant le point de la participation limousine \u00e0 la guerre navale franco-anglaise et aux combats qui m\u00e8neront \u00e0 l&#8217;Ind\u00e9pendance des \u00c9tats-Unis d&#8217;Am\u00e9rique.<\/p>\n","protected":false},"featured_media":27314,"template":"","meta":{"_acf_changed":false,"_genesis_hide_title":false,"_genesis_hide_breadcrumbs":false,"_genesis_hide_singular_image":false,"_genesis_hide_footer_widgets":false,"_genesis_custom_body_class":"","_genesis_custom_post_class":"","_genesis_layout":""},"product_brand":[],"product_cat":[7159,7149,7133],"product_tag":[],"class_list":{"0":"post-27313","1":"product","2":"type-product","3":"status-publish","4":"has-post-thumbnail","6":"product_cat-istoria-moderna-e-contemporala-oc","7":"product_cat-istoria-geografia-oc","8":"product_cat-libres-oc","9":"pa_auteur-tintou-jules-oc","10":"pa_editeur-lemouzi-oc","11":"pa_langue-francais-oc","12":"entry","14":"first","15":"instock","16":"shipping-taxable","17":"purchasable","18":"product-type-simple"},"acf":[],"_links":{"self":[{"href":"https:\/\/www.libraria-occitana.org\/oc\/wp-json\/wp\/v2\/product\/27313","targetHints":{"allow":["GET"]}}],"collection":[{"href":"https:\/\/www.libraria-occitana.org\/oc\/wp-json\/wp\/v2\/product"}],"about":[{"href":"https:\/\/www.libraria-occitana.org\/oc\/wp-json\/wp\/v2\/types\/product"}],"wp:featuredmedia":[{"embeddable":true,"href":"https:\/\/www.libraria-occitana.org\/oc\/wp-json\/wp\/v2\/media\/27314"}],"wp:attachment":[{"href":"https:\/\/www.libraria-occitana.org\/oc\/wp-json\/wp\/v2\/media?parent=27313"}],"wp:term":[{"taxonomy":"product_brand","embeddable":true,"href":"https:\/\/www.libraria-occitana.org\/oc\/wp-json\/wp\/v2\/product_brand?post=27313"},{"taxonomy":"product_cat","embeddable":true,"href":"https:\/\/www.libraria-occitana.org\/oc\/wp-json\/wp\/v2\/product_cat?post=27313"},{"taxonomy":"product_tag","embeddable":true,"href":"https:\/\/www.libraria-occitana.org\/oc\/wp-json\/wp\/v2\/product_tag?post=27313"}],"curies":[{"name":"wp","href":"https:\/\/api.w.org\/{rel}","templated":true}]}}