{"id":27340,"date":"1984-11-01T15:53:11","date_gmt":"1984-11-01T14:53:11","guid":{"rendered":"http:\/\/www.libraria-occitana.org\/all-products\/un-paisan-lemosin-dins-las-annadas-50?lang=oc"},"modified":"2026-04-07T16:31:43","modified_gmt":"2026-04-07T14:31:43","slug":"un-paisan-lemosin-dins-las-annadas-50","status":"publish","type":"product","link":"https:\/\/www.libraria-occitana.org\/oc\/produch\/un-paisan-lemosin-dins-las-annadas-50\/","title":{"rendered":"Un paisan lemosin dins las annadas 50"},"content":{"rendered":"<p>\u00ab Vous ne trouverez pas ici la somme de tout ce qu&#8217;on pourrait dire de la vie en Limousin dans l&#8217;ancien temps&#8230; Vous y trouverez simplement la vie d&#8217;un paysan dans les ann\u00e9es 50. Entre le temps d&#8217;hier et le temps de demain, un paysan dans le bouleversement d&#8217;une civilisation qui s&#8217;ach\u00e8ve quand une autre commence. Et ce qu&#8217;on peut en voir, en vivre et en reconna\u00eetre une petite fille de 10 ans, n\u00e9e juste apr\u00e8s la guerre. C&#8217;est un t\u00e9moignage des plus purs et des plus rares. Chaque point du Limousin a son histoire, et chacun sa mani\u00e8re de passer le tournant, mais il en est peu qui aient une Giselle Chr\u00e9tien pour le savoir et pour le dire. Et ils devraient tous le regretter.\u00a0\u00bb<\/p>\n<p style=\"text-align: right;\">Marcela Delpastre<\/p>\n","protected":false},"excerpt":{"rendered":"<p>\u00ab Vous ne trouverez pas ici la somme de tout ce qu&#8217;on pourrait dire de la vie en Limousin dans l&#8217;ancien temps&#8230; Vous y trouverez simplement la vie d&#8217;un paysan dans les ann\u00e9es 50. Entre le temps d&#8217;hier et le temps de demain, un paysan dans le bouleversement d&#8217;une civilisation qui s&#8217;ach\u00e8ve quand une autre [&hellip;]<\/p>\n","protected":false},"featured_media":27341,"template":"","meta":{"_acf_changed":false,"_genesis_hide_title":false,"_genesis_hide_breadcrumbs":false,"_genesis_hide_singular_image":false,"_genesis_hide_footer_widgets":false,"_genesis_custom_body_class":"","_genesis_custom_post_class":"","_genesis_layout":""},"product_brand":[],"product_cat":[7133,7175,7187],"product_tag":[],"class_list":{"0":"post-27340","1":"product","2":"type-product","3":"status-publish","4":"has-post-thumbnail","6":"product_cat-libres-oc","7":"product_cat-literatura-oc","8":"product_cat-temonhatges-memoris-oc","9":"pa_auteur-chretien-gisela-oc","10":"pa_editeur-lo-chamin-de-sent-jaume-oc","11":"pa_langue-occitan-oc","12":"pa_langue-occitan-lemosin-oc","13":"entry","15":"first","16":"instock","17":"shipping-taxable","18":"purchasable","19":"product-type-simple"},"acf":[],"_links":{"self":[{"href":"https:\/\/www.libraria-occitana.org\/oc\/wp-json\/wp\/v2\/product\/27340","targetHints":{"allow":["GET"]}}],"collection":[{"href":"https:\/\/www.libraria-occitana.org\/oc\/wp-json\/wp\/v2\/product"}],"about":[{"href":"https:\/\/www.libraria-occitana.org\/oc\/wp-json\/wp\/v2\/types\/product"}],"wp:featuredmedia":[{"embeddable":true,"href":"https:\/\/www.libraria-occitana.org\/oc\/wp-json\/wp\/v2\/media\/27341"}],"wp:attachment":[{"href":"https:\/\/www.libraria-occitana.org\/oc\/wp-json\/wp\/v2\/media?parent=27340"}],"wp:term":[{"taxonomy":"product_brand","embeddable":true,"href":"https:\/\/www.libraria-occitana.org\/oc\/wp-json\/wp\/v2\/product_brand?post=27340"},{"taxonomy":"product_cat","embeddable":true,"href":"https:\/\/www.libraria-occitana.org\/oc\/wp-json\/wp\/v2\/product_cat?post=27340"},{"taxonomy":"product_tag","embeddable":true,"href":"https:\/\/www.libraria-occitana.org\/oc\/wp-json\/wp\/v2\/product_tag?post=27340"}],"curies":[{"name":"wp","href":"https:\/\/api.w.org\/{rel}","templated":true}]}}