{"id":27346,"date":"1984-07-01T16:49:27","date_gmt":"1984-07-01T14:49:27","guid":{"rendered":"http:\/\/www.libraria-occitana.org\/all-products\/par-o-impar?lang=oc"},"modified":"2021-09-20T12:27:03","modified_gmt":"2021-09-20T10:27:03","slug":"par-o-impar","status":"publish","type":"product","link":"https:\/\/www.libraria-occitana.org\/oc\/produch\/par-o-impar\/","title":{"rendered":"Par o impar"},"content":{"rendered":"<p><span style=\"color: #ff0000;\">[oc] Mens char (vielha edicion, libre passat) \u2013 [fr] Prix r\u00e9duit (vieille \u00e9dition, livre d\u00e9fra\u00eechi) \u2013 [en] Discount price (early edition, worn book)<\/span><\/p>\n<p>Te\u2019n v\u00f2li contar una\u2026 Aital se poiri\u00e1 comen\u00e7ar. S\u00e8m dins un ostalissi, la Tor coma se ditz, dins la banlega d\u2019una vila anonima. Un endrech ont se parla de segur occitan mas ont se costejan f\u00f2r\u00e7a mond : trabalhadors venguts dels vilatges, emplegats del com\u00e8rci e de las administracions, e tanben immigrats.<\/p>\n<p>Lo gardian es plan pla\u00e7at per se t\u00e9ner al fial de tot :<\/p>\n<p>\u00abDonc un matin, dins l\u2019iv\u00e8rn, al mi\u00e8g de janvi\u00e8r, v\u00e8rs s\u00e8t oras manca un quart, fasi\u00e1 encara nu\u00e8it, t\u2019entend\u00e8ri un guissal a te crebar los ausidors. Veni\u00e1 de denaut per l\u2019escali\u00e8r, e sulc\u00f2p d\u2019autres crits, d\u2019ap\u00e8ls, de galaupadas. Volgu\u00e8ri montar mas lo primi\u00e8r ascensor qu\u2019es pels estatges pars \u00e8ra blocat ; corregu\u00e8ri a l\u2019autre que justament descendi\u00e1. Una femna coma f\u00f2la sortigu\u00e8t de la gabina e me butass\u00e8t\u2026\u00a0\u00bb<\/p>\n","protected":false},"excerpt":{"rendered":"<p>[oc] Mens char (vielha edicion, libre passat) \u2013 [fr] Prix r\u00e9duit (vieille \u00e9dition, livre d\u00e9fra\u00eechi) \u2013 [en] Discount price (early edition, worn book) Te\u2019n v\u00f2li contar una\u2026 Aital se poiri\u00e1 comen\u00e7ar. S\u00e8m dins un ostalissi, la Tor coma se ditz, dins la banlega d\u2019una vila anonima. Un endrech ont se parla de segur occitan mas [&hellip;]<\/p>\n","protected":false},"featured_media":27347,"template":"","meta":{"_acf_changed":false,"_genesis_hide_title":false,"_genesis_hide_breadcrumbs":false,"_genesis_hide_singular_image":false,"_genesis_hide_footer_widgets":false,"_genesis_custom_body_class":"","_genesis_custom_post_class":"","_genesis_layout":""},"product_brand":[],"product_cat":[7133,7175,7239,7183],"product_tag":[],"class_list":{"0":"post-27346","1":"product","2":"type-product","3":"status-publish","4":"has-post-thumbnail","6":"product_cat-libres-oc","7":"product_cat-literatura-oc","8":"product_cat-promos-oc","9":"product_cat-romans-novelas-oc","10":"pa_auteur-viala-gui-oc","11":"pa_editeur-ieo-fr-oc","12":"pa_editeur-ieo-tarn-oc","13":"pa_langue-occitan-oc","14":"pa_langue-occitan-lengadocian-oc","15":"entry","17":"first","18":"instock","19":"sale","20":"shipping-taxable","21":"purchasable","22":"product-type-simple"},"acf":[],"_links":{"self":[{"href":"https:\/\/www.libraria-occitana.org\/oc\/wp-json\/wp\/v2\/product\/27346","targetHints":{"allow":["GET"]}}],"collection":[{"href":"https:\/\/www.libraria-occitana.org\/oc\/wp-json\/wp\/v2\/product"}],"about":[{"href":"https:\/\/www.libraria-occitana.org\/oc\/wp-json\/wp\/v2\/types\/product"}],"wp:featuredmedia":[{"embeddable":true,"href":"https:\/\/www.libraria-occitana.org\/oc\/wp-json\/wp\/v2\/media\/27347"}],"wp:attachment":[{"href":"https:\/\/www.libraria-occitana.org\/oc\/wp-json\/wp\/v2\/media?parent=27346"}],"wp:term":[{"taxonomy":"product_brand","embeddable":true,"href":"https:\/\/www.libraria-occitana.org\/oc\/wp-json\/wp\/v2\/product_brand?post=27346"},{"taxonomy":"product_cat","embeddable":true,"href":"https:\/\/www.libraria-occitana.org\/oc\/wp-json\/wp\/v2\/product_cat?post=27346"},{"taxonomy":"product_tag","embeddable":true,"href":"https:\/\/www.libraria-occitana.org\/oc\/wp-json\/wp\/v2\/product_tag?post=27346"}],"curies":[{"name":"wp","href":"https:\/\/api.w.org\/{rel}","templated":true}]}}