{"id":27368,"date":"1988-01-01T14:05:18","date_gmt":"1988-01-01T13:05:18","guid":{"rendered":"http:\/\/www.libraria-occitana.org\/all-products\/lavertujon-en-chancon?lang=oc"},"modified":"2026-04-29T04:06:41","modified_gmt":"2026-04-29T02:06:41","slug":"lavertujon-en-chancon","status":"publish","type":"product","link":"https:\/\/www.libraria-occitana.org\/oc\/produch\/lavertujon-en-chancon\/","title":{"rendered":"Lavertujon en chan\u00e7on"},"content":{"rendered":"<p>L&#8217;histoire et les chansons engag\u00e9es de ce Limousin \u00e0 la carri\u00e8re journalistico-politique du d\u00e9but du si\u00e8cle.<\/p>\n<p>Notation musicale : Fran\u00e7oise \u00c9tay.<\/p>\n","protected":false},"excerpt":{"rendered":"<p>L&#8217;histoire et les chansons engag\u00e9es de ce Limousin \u00e0 la carri\u00e8re journalistico-politique du d\u00e9but du si\u00e8cle. Notation musicale : Fran\u00e7oise \u00c9tay.<\/p>\n","protected":false},"featured_media":27369,"template":"","meta":{"_acf_changed":false,"_genesis_hide_title":false,"_genesis_hide_breadcrumbs":false,"_genesis_hide_singular_image":false,"_genesis_hide_footer_widgets":false,"_genesis_custom_body_class":"","_genesis_custom_post_class":"","_genesis_layout":""},"product_brand":[],"product_cat":[7133,7191,7193],"product_tag":[],"class_list":{"0":"post-27368","1":"product","2":"type-product","3":"status-publish","4":"has-post-thumbnail","6":"product_cat-libres-oc","7":"product_cat-musica-danca-oc","8":"product_cat-particions-paraulas-de-chancons-oc","9":"pa_auteur-melhau-jan-dau-fr-oc","10":"pa_editeur-lo-chamin-de-sent-jaume-oc","11":"pa_langue-occitan-lemosin-oc","12":"pa_langue-occitan-francais-oc","13":"entry","15":"first","16":"instock","17":"shipping-taxable","18":"purchasable","19":"product-type-simple"},"acf":[],"_links":{"self":[{"href":"https:\/\/www.libraria-occitana.org\/oc\/wp-json\/wp\/v2\/product\/27368","targetHints":{"allow":["GET"]}}],"collection":[{"href":"https:\/\/www.libraria-occitana.org\/oc\/wp-json\/wp\/v2\/product"}],"about":[{"href":"https:\/\/www.libraria-occitana.org\/oc\/wp-json\/wp\/v2\/types\/product"}],"wp:featuredmedia":[{"embeddable":true,"href":"https:\/\/www.libraria-occitana.org\/oc\/wp-json\/wp\/v2\/media\/27369"}],"wp:attachment":[{"href":"https:\/\/www.libraria-occitana.org\/oc\/wp-json\/wp\/v2\/media?parent=27368"}],"wp:term":[{"taxonomy":"product_brand","embeddable":true,"href":"https:\/\/www.libraria-occitana.org\/oc\/wp-json\/wp\/v2\/product_brand?post=27368"},{"taxonomy":"product_cat","embeddable":true,"href":"https:\/\/www.libraria-occitana.org\/oc\/wp-json\/wp\/v2\/product_cat?post=27368"},{"taxonomy":"product_tag","embeddable":true,"href":"https:\/\/www.libraria-occitana.org\/oc\/wp-json\/wp\/v2\/product_tag?post=27368"}],"curies":[{"name":"wp","href":"https:\/\/api.w.org\/{rel}","templated":true}]}}