{"id":27370,"date":"1987-12-01T11:21:52","date_gmt":"1987-12-01T10:21:52","guid":{"rendered":"http:\/\/www.libraria-occitana.org\/all-products\/je-suis-une-ponticaude?lang=oc"},"modified":"2026-04-11T03:16:21","modified_gmt":"2026-04-11T01:16:21","slug":"je-suis-une-ponticaude","status":"publish","type":"product","link":"https:\/\/www.libraria-occitana.org\/oc\/produch\/je-suis-une-ponticaude\/","title":{"rendered":"Je suis une Ponticaude"},"content":{"rendered":"<p>Non, m\u00eame dispers\u00e9s, les \u201cPonticauds\u201d n\u2019ont pas oubli\u00e9. M\u00eame apr\u00e8s tant d\u2019ann\u00e9es ! Ils passaient, aux yeux des gens de l\u2019autre rive de la Vienne, pour des marginaux inqui\u00e9tants voire redoutables. \u201cSi tu ses daus Ponts, passa ; si tu n\u2019en ses pas, dins l\u2019aiga !\u201d Telle \u00e9tait la devise qu\u2019on leur pr\u00eatait. Objets de curiosit\u00e9, de condescendance et souvent de m\u00e9pris, on raillait leur accent si particulier, leurs pauvres demeures, leurs m\u00e9chants v\u00eatements de \u201cprolos\u201d. N\u2019emp\u00eache que leurs f\u00eates : frairie, feu de la Saint-Jean, attiraient le beau monde de la ville : il faut bien s\u2019encanailler un peu.<\/p>\n<p>Maintenant, tout a bien chang\u00e9 : leurs habitations n\u2019ont rien \u00e0 envier \u00e0 celles des autres quartiers ; ils sont tout aussi \u00e9l\u00e9gants que ceux de la rive droite. Quant \u00e0 l\u2019accent, il est en voie de disparition. Les f\u00eates aussi, h\u00e9las !<\/p>\n<p>Ce sont les souvenirs d\u2019une \u00e9poque r\u00e9volue que la petite-fille de la Catarinon daus Ponts va essayer de faire revivre, elle, l\u2019authentique ponticaude. Tout aussi authentique ponticaud est Monsieur Charles Roumagnac qui a bien voulu pr\u00e9facer ce livre souvenir.<\/p>\n","protected":false},"excerpt":{"rendered":"<p>Non, m\u00eame dispers\u00e9s, les \u201cPonticauds\u201d n\u2019ont pas oubli\u00e9. M\u00eame apr\u00e8s tant d\u2019ann\u00e9es ! Ils passaient, aux yeux des gens de l\u2019autre rive de la Vienne, pour des marginaux inqui\u00e9tants voire redoutables. \u201cSi tu ses daus Ponts, passa ; si tu n\u2019en ses pas, dins l\u2019aiga !\u201d Telle \u00e9tait la devise qu\u2019on leur pr\u00eatait. Objets de [&hellip;]<\/p>\n","protected":false},"featured_media":36833,"template":"","meta":{"_acf_changed":false,"_genesis_hide_title":false,"_genesis_hide_breadcrumbs":false,"_genesis_hide_singular_image":false,"_genesis_hide_footer_widgets":false,"_genesis_custom_body_class":"","_genesis_custom_post_class":"","_genesis_layout":""},"product_brand":[],"product_cat":[7133,7175,7187],"product_tag":[],"class_list":{"0":"post-27370","1":"product","2":"type-product","3":"status-publish","4":"has-post-thumbnail","6":"product_cat-libres-oc","7":"product_cat-literatura-oc","8":"product_cat-temonhatges-memoris-oc","9":"pa_auteur-dumas-suzanne-oc","10":"pa_editeur-la-veytizou-oc","11":"pa_langue-francais-oc","12":"entry","14":"first","15":"outofstock","16":"shipping-taxable","17":"purchasable","18":"product-type-simple"},"acf":[],"_links":{"self":[{"href":"https:\/\/www.libraria-occitana.org\/oc\/wp-json\/wp\/v2\/product\/27370","targetHints":{"allow":["GET"]}}],"collection":[{"href":"https:\/\/www.libraria-occitana.org\/oc\/wp-json\/wp\/v2\/product"}],"about":[{"href":"https:\/\/www.libraria-occitana.org\/oc\/wp-json\/wp\/v2\/types\/product"}],"wp:featuredmedia":[{"embeddable":true,"href":"https:\/\/www.libraria-occitana.org\/oc\/wp-json\/wp\/v2\/media\/36833"}],"wp:attachment":[{"href":"https:\/\/www.libraria-occitana.org\/oc\/wp-json\/wp\/v2\/media?parent=27370"}],"wp:term":[{"taxonomy":"product_brand","embeddable":true,"href":"https:\/\/www.libraria-occitana.org\/oc\/wp-json\/wp\/v2\/product_brand?post=27370"},{"taxonomy":"product_cat","embeddable":true,"href":"https:\/\/www.libraria-occitana.org\/oc\/wp-json\/wp\/v2\/product_cat?post=27370"},{"taxonomy":"product_tag","embeddable":true,"href":"https:\/\/www.libraria-occitana.org\/oc\/wp-json\/wp\/v2\/product_tag?post=27370"}],"curies":[{"name":"wp","href":"https:\/\/api.w.org\/{rel}","templated":true}]}}