{"id":27372,"date":"1987-10-01T17:08:40","date_gmt":"1987-10-01T16:08:40","guid":{"rendered":"http:\/\/www.libraria-occitana.org\/all-products\/lo-darrier-daus-lobaterras?lang=oc"},"modified":"2026-04-29T03:51:34","modified_gmt":"2026-04-29T01:51:34","slug":"lo-darrier-daus-lobaterras","status":"publish","type":"product","link":"https:\/\/www.libraria-occitana.org\/oc\/produch\/lo-darrier-daus-lobaterras\/","title":{"rendered":"Lo darrier daus lobaterras"},"content":{"rendered":"<p><strong>[oc]<\/strong><br \/>\nNi sus las mapas, ni mai dins las mem\u00f2rias, se p\u00f2t pas trobar la mendre tra\u00e7a de la pla\u00e7a f\u00f2rta de Lobaterra. Aur\u00e1 faugut queu perjamin descubert dins lo cementeri dau priorat de Merlanda, ras\u00eds Peireg\u00fcers, per con\u00e9isser l\u2019ist\u00f2ria e la fin de Lobaterra, la bien nommada.<\/p>\n<p>Dins \u00e7\u00f2 que p\u00f2t passar per una simpla ist\u00f2ria d\u2019orror, fau veire tanben la quista dementa d\u2019un \u00f2me per un chastiment digne de la fauta comesa\u2026 Qu\u00e9 a donc fach, o cregut far Arnaud de Lobaterra per far de sa vita una chavauchada diabolica ?<\/p>\n<p>En quauquas pajas brevas e copantas coma una espasa, segrem Arnaud e son do\u00e7 companh, Joan de l\u2019Arribiera, sus lo chamin maudich que los menar\u00e1 (ineluctablament ?) au rendetz-vos finau\u2026<\/p>\n<p>Sauretz, alaidonc, que vau mai oblidar Lobaterra\u2026<\/p>\n<p><strong>[fr]<\/strong><br \/>\nNi sur les cartes, ni dans les m\u00e9moires, on ne peut trouver trace de la place forte de Lobaterra. Il aura fallu ce parchemin d\u00e9couvert dans le cimeti\u00e8re du prieur\u00e9 de Merlande, \u00e0 c\u00f4t\u00e9 de P\u00e9rigueux, pour conna\u00eetre l\u2019histoire et la fin de Lobaterra, la bien nomm\u00e9e.<\/p>\n<p>Dans ce qui peut passer pour une simple histoire d\u2019horreur, il faut voir aussi la qu\u00eate d\u00e9mente d\u2019un homme pour un ch\u00e2timent digne de la faute commise. Qu\u2019a donc fait, ou cru faire, Arnaud de Lobaterra pour faire de sa vie une chevauch\u00e9e diabolique ?<\/p>\n<p>En quelques pages br\u00e8ves et coupantes comme un \u00e9p\u00e9e, nous suivrons Arnaud e son doux compagnon Joan de l\u2019Arribiera, sur le chemin maudit que les m\u00e8nera (in\u00e9luctablement ?) au rendez-vous final\u2026<\/p>\n<p>Alors, vous comprendrez qu\u2019il vaut mieux oublier Lobaterra\u2026<\/p>\n","protected":false},"excerpt":{"rendered":"<p>[oc] Ni sus las mapas, ni mai dins las mem\u00f2rias, se p\u00f2t pas trobar la mendre tra\u00e7a de la pla\u00e7a f\u00f2rta de Lobaterra. Aur\u00e1 faugut queu perjamin descubert dins lo cementeri dau priorat de Merlanda, ras\u00eds Peireg\u00fcers, per con\u00e9isser l\u2019ist\u00f2ria e la fin de Lobaterra, la bien nommada. Dins \u00e7\u00f2 que p\u00f2t passar per una [&hellip;]<\/p>\n","protected":false},"featured_media":27373,"template":"","meta":{"_acf_changed":false,"_genesis_hide_title":false,"_genesis_hide_breadcrumbs":false,"_genesis_hide_singular_image":false,"_genesis_hide_footer_widgets":false,"_genesis_custom_body_class":"","_genesis_custom_post_class":"","_genesis_layout":""},"product_brand":[],"product_cat":[7133,7175,7183],"product_tag":[],"class_list":{"0":"post-27372","1":"product","2":"type-product","3":"status-publish","4":"has-post-thumbnail","6":"product_cat-libres-oc","7":"product_cat-literatura-oc","8":"product_cat-romans-novelas-oc","9":"pa_auteur-ganhaire-joan-oc","10":"pa_editeur-ieo-fr-oc","11":"pa_langue-occitan-oc","12":"pa_langue-occitan-lemosin-oc","13":"entry","15":"first","16":"outofstock","17":"shipping-taxable","18":"purchasable","19":"product-type-simple"},"acf":[],"_links":{"self":[{"href":"https:\/\/www.libraria-occitana.org\/oc\/wp-json\/wp\/v2\/product\/27372","targetHints":{"allow":["GET"]}}],"collection":[{"href":"https:\/\/www.libraria-occitana.org\/oc\/wp-json\/wp\/v2\/product"}],"about":[{"href":"https:\/\/www.libraria-occitana.org\/oc\/wp-json\/wp\/v2\/types\/product"}],"wp:featuredmedia":[{"embeddable":true,"href":"https:\/\/www.libraria-occitana.org\/oc\/wp-json\/wp\/v2\/media\/27373"}],"wp:attachment":[{"href":"https:\/\/www.libraria-occitana.org\/oc\/wp-json\/wp\/v2\/media?parent=27372"}],"wp:term":[{"taxonomy":"product_brand","embeddable":true,"href":"https:\/\/www.libraria-occitana.org\/oc\/wp-json\/wp\/v2\/product_brand?post=27372"},{"taxonomy":"product_cat","embeddable":true,"href":"https:\/\/www.libraria-occitana.org\/oc\/wp-json\/wp\/v2\/product_cat?post=27372"},{"taxonomy":"product_tag","embeddable":true,"href":"https:\/\/www.libraria-occitana.org\/oc\/wp-json\/wp\/v2\/product_tag?post=27372"}],"curies":[{"name":"wp","href":"https:\/\/api.w.org\/{rel}","templated":true}]}}