{"id":27378,"date":"1987-01-01T17:00:21","date_gmt":"1987-01-01T16:00:21","guid":{"rendered":"http:\/\/www.libraria-occitana.org\/all-products\/anthologie-de-la-prose-occitane-du-moyen-age?lang=oc"},"modified":"2026-04-29T10:44:48","modified_gmt":"2026-04-29T08:44:48","slug":"anthologie-de-la-prose-occitane-du-moyen-age","status":"publish","type":"product","link":"https:\/\/www.libraria-occitana.org\/oc\/produch\/anthologie-de-la-prose-occitane-du-moyen-age\/","title":{"rendered":"Anthologie de la prose occitane du Moyen \u00c2ge"},"content":{"rendered":"<p>Des <em>Leis d\u2019Amor<\/em>, la premi\u00e8re grammaire europ\u00e9enne en langue vulgaire, aux textes religieux, m\u00e9dicaux, alchimistes, astrologiques et aux trait\u00e9s de chirurgie et de math\u00e9matiques : un panorama de la prose occitane non litt\u00e9raire.<\/p>\n","protected":false},"excerpt":{"rendered":"<p>Des Leis d\u2019Amor, la premi\u00e8re grammaire europ\u00e9enne en langue vulgaire, aux textes religieux, m\u00e9dicaux, alchimistes, astrologiques et aux trait\u00e9s de chirurgie et de math\u00e9matiques : un panorama de la prose occitane non litt\u00e9raire.<\/p>\n","protected":false},"featured_media":36836,"template":"","meta":{"_acf_changed":false,"_genesis_hide_title":false,"_genesis_hide_breadcrumbs":false,"_genesis_hide_singular_image":false,"_genesis_hide_footer_widgets":false,"_genesis_custom_body_class":"","_genesis_custom_post_class":"","_genesis_layout":""},"product_brand":[],"product_cat":[7189,7133,7175],"product_tag":[],"class_list":{"0":"post-27378","1":"product","2":"type-product","3":"status-publish","4":"has-post-thumbnail","6":"product_cat-estudis-literaris-oc","7":"product_cat-libres-oc","8":"product_cat-literatura-oc","9":"pa_auteur-bec-peire-oc","10":"pa_editeur-vent-terral-oc","11":"pa_langue-occitan-medievau-oc","12":"pa_langue-occitan-francais-oc","13":"entry","15":"first","16":"instock","17":"shipping-taxable","18":"purchasable","19":"product-type-simple"},"acf":[],"_links":{"self":[{"href":"https:\/\/www.libraria-occitana.org\/oc\/wp-json\/wp\/v2\/product\/27378","targetHints":{"allow":["GET"]}}],"collection":[{"href":"https:\/\/www.libraria-occitana.org\/oc\/wp-json\/wp\/v2\/product"}],"about":[{"href":"https:\/\/www.libraria-occitana.org\/oc\/wp-json\/wp\/v2\/types\/product"}],"wp:featuredmedia":[{"embeddable":true,"href":"https:\/\/www.libraria-occitana.org\/oc\/wp-json\/wp\/v2\/media\/36836"}],"wp:attachment":[{"href":"https:\/\/www.libraria-occitana.org\/oc\/wp-json\/wp\/v2\/media?parent=27378"}],"wp:term":[{"taxonomy":"product_brand","embeddable":true,"href":"https:\/\/www.libraria-occitana.org\/oc\/wp-json\/wp\/v2\/product_brand?post=27378"},{"taxonomy":"product_cat","embeddable":true,"href":"https:\/\/www.libraria-occitana.org\/oc\/wp-json\/wp\/v2\/product_cat?post=27378"},{"taxonomy":"product_tag","embeddable":true,"href":"https:\/\/www.libraria-occitana.org\/oc\/wp-json\/wp\/v2\/product_tag?post=27378"}],"curies":[{"name":"wp","href":"https:\/\/api.w.org\/{rel}","templated":true}]}}