{"id":27382,"date":"1986-11-01T13:49:37","date_gmt":"1986-11-01T12:49:37","guid":{"rendered":"http:\/\/www.libraria-occitana.org\/all-products\/bertomieu?lang=oc"},"modified":"2026-04-29T03:47:02","modified_gmt":"2026-04-29T01:47:02","slug":"bertomieu","status":"publish","type":"product","link":"https:\/\/www.libraria-occitana.org\/oc\/produch\/bertomieu\/","title":{"rendered":"Bertomieu"},"content":{"rendered":"<p style=\"text-align: left;\">\u00ab Se sap quasiment ren de l&#8217;Ap\u00f2stol Bertomieu. Son nom apareis dins la tiera dei Dotze donada per lei Sinoptics. En sa pla\u00e7a Joan pausa Natanael. La critica identifica donc aqu\u00ed un sol \u00f2me de dos noms. Bertomieu seri\u00e1 lo patronim : \u00ab fiu de Talmai \u00bb, e Natanael lo pich\u00f2t nom : \u00ab don de Dieu \u00bb. Lo personatge, sol Joan ne parla dins la scena dau rescontre amb Jesus, e lo men\u00e7ona pr\u00e9sent dins l&#8217;epis\u00f2di de la pesca miraclosa apr\u00e8s la Resurreccion. De tradicions posterioras lo fan viatjar fins en India, ont port\u00e8t l&#8217;Evangeli de Matieu en semitic. Seri\u00e1 m\u00f2rt en Arm\u00e8nia majora : avi\u00e1 convertit lo rei d&#8217;Albanop\u00f2d\u00ee ; am\u00f2r d&#8217;aqu\u00f2, lo fraire d&#8217;aqueu rei lo fagu\u00e8t espelhar e metre en crotz. Son cas seri\u00e1 estat portat puei a Roma dins lo Santuari de l&#8217;Iscla Tiberina.<br \/>\nDins la segonda part, l&#8217;ist\u00f2ria dau rei Sandrac\u00f2ta es adaptada dau conte occitan medievau de Barlaam e Josaf\u00e0s. \u00bb<\/p>\n<p style=\"text-align: right;\">\u00a0 \u00a0 \u00a0 \u00a0 \u00a0 \u00a0 \u00a0 \u00a0 \u00a0 \u00a0 \u00a0 \u00a0 \u00a0 \u00a0 \u00a0 \u00a0 \u00a0 \u00a0 \u00a0 \u00a0 \u00a0 \u00a0 \u00a0 \u00a0 \u00a0 \u00a0 \u00a0 \u00a0 \u00a0 \u00a0 \u00a0 \u00a0 \u00a0 \u00a0 \u00a0 \u00a0 \u00a0 \u00a0 \u00a0 \u00a0 \u00a0 \u00a0 \u00a0 \u00a0 \u00a0 Robert Lafont<\/p>\n","protected":false},"excerpt":{"rendered":"<p>\u00ab Se sap quasiment ren de l&#8217;Ap\u00f2stol Bertomieu. Son nom apareis dins la tiera dei Dotze donada per lei Sinoptics. En sa pla\u00e7a Joan pausa Natanael. La critica identifica donc aqu\u00ed un sol \u00f2me de dos noms. Bertomieu seri\u00e1 lo patronim : \u00ab fiu de Talmai \u00bb, e Natanael lo pich\u00f2t nom : \u00ab don [&hellip;]<\/p>\n","protected":false},"featured_media":36839,"template":"","meta":{"_acf_changed":false,"_genesis_hide_title":false,"_genesis_hide_breadcrumbs":false,"_genesis_hide_singular_image":false,"_genesis_hide_footer_widgets":false,"_genesis_custom_body_class":"","_genesis_custom_post_class":"","_genesis_layout":""},"product_brand":[],"product_cat":[7133,7175,7183],"product_tag":[],"class_list":{"0":"post-27382","1":"product","2":"type-product","3":"status-publish","4":"has-post-thumbnail","6":"product_cat-libres-oc","7":"product_cat-literatura-oc","8":"product_cat-romans-novelas-oc","9":"pa_editeur-federop-oc","10":"pa_illustrateur-lafont-robert-oc","11":"pa_langue-occitan-oc","12":"pa_langue-occitan-provencau-oc","13":"entry","15":"first","16":"instock","17":"shipping-taxable","18":"purchasable","19":"product-type-simple"},"acf":[],"_links":{"self":[{"href":"https:\/\/www.libraria-occitana.org\/oc\/wp-json\/wp\/v2\/product\/27382","targetHints":{"allow":["GET"]}}],"collection":[{"href":"https:\/\/www.libraria-occitana.org\/oc\/wp-json\/wp\/v2\/product"}],"about":[{"href":"https:\/\/www.libraria-occitana.org\/oc\/wp-json\/wp\/v2\/types\/product"}],"wp:featuredmedia":[{"embeddable":true,"href":"https:\/\/www.libraria-occitana.org\/oc\/wp-json\/wp\/v2\/media\/36839"}],"wp:attachment":[{"href":"https:\/\/www.libraria-occitana.org\/oc\/wp-json\/wp\/v2\/media?parent=27382"}],"wp:term":[{"taxonomy":"product_brand","embeddable":true,"href":"https:\/\/www.libraria-occitana.org\/oc\/wp-json\/wp\/v2\/product_brand?post=27382"},{"taxonomy":"product_cat","embeddable":true,"href":"https:\/\/www.libraria-occitana.org\/oc\/wp-json\/wp\/v2\/product_cat?post=27382"},{"taxonomy":"product_tag","embeddable":true,"href":"https:\/\/www.libraria-occitana.org\/oc\/wp-json\/wp\/v2\/product_tag?post=27382"}],"curies":[{"name":"wp","href":"https:\/\/api.w.org\/{rel}","templated":true}]}}