{"id":27409,"date":"1991-01-01T11:04:56","date_gmt":"1991-01-01T10:04:56","guid":{"rendered":"http:\/\/www.libraria-occitana.org\/all-products\/las-chancons-dau-pair-lombrela-jorgi-montazeu?lang=oc"},"modified":"2026-04-29T04:06:38","modified_gmt":"2026-04-29T02:06:38","slug":"las-chancons-dau-pair-lombrela-jorgi-montazeu","status":"publish","type":"product","link":"https:\/\/www.libraria-occitana.org\/oc\/produch\/las-chancons-dau-pair-lombrela-jorgi-montazeu\/","title":{"rendered":"Las chan\u00e7ons dau Pair l&#8217;Ombrela :  J\u00f2rgi Montazeu"},"content":{"rendered":"<p>Recueil de chansons (paroles en occitan traduites en fran\u00e7ais et partition lorsque la musique a \u00e9t\u00e9 retrouv\u00e9e) compos\u00e9es \u00e0 la fin du XIXe par Georges Montazaud, un personnage haut en couleurs des environs de Saint Germain-les-Belles\u00a0devenu l\u00e9gendaire, plusieurs de ses chansons restant encore c\u00e9l\u00e8bres dans le secteur.<\/p>\n<p>Un chroniqueur de son temps et de ses gens mais dont la chronique n&#8217;a pas pris une ride et se lira, s&#8217;\u00e9coutera encore avec plaisir.<\/p>\n","protected":false},"excerpt":{"rendered":"<p>Recueil de chansons (paroles en occitan traduites en fran\u00e7ais et partition lorsque la musique a \u00e9t\u00e9 retrouv\u00e9e) compos\u00e9es \u00e0 la fin du XIXe par Georges Montazaud, un personnage haut en couleurs des environs de Saint Germain-les-Belles\u00a0devenu l\u00e9gendaire, plusieurs de ses chansons restant encore c\u00e9l\u00e8bres dans le secteur. Un chroniqueur de son temps et de ses [&hellip;]<\/p>\n","protected":false},"featured_media":27410,"template":"","meta":{"_acf_changed":false,"_genesis_hide_title":false,"_genesis_hide_breadcrumbs":false,"_genesis_hide_singular_image":false,"_genesis_hide_footer_widgets":false,"_genesis_custom_body_class":"","_genesis_custom_post_class":"","_genesis_layout":""},"product_brand":[],"product_cat":[7133,7191,7193],"product_tag":[],"class_list":{"0":"post-27409","1":"product","2":"type-product","3":"status-publish","4":"has-post-thumbnail","6":"product_cat-libres-oc","7":"product_cat-musica-danca-oc","8":"product_cat-particions-paraulas-de-chancons-oc","9":"pa_auteur-melhau-jan-dau-fr-oc","10":"pa_editeur-lo-chamin-de-sent-jaume-oc","11":"pa_illustrateur-etay-francesa-etay-francoise-oc","12":"pa_langue-occitan-lemosin-oc","13":"pa_langue-occitan-francais-oc","14":"entry","16":"first","17":"outofstock","18":"shipping-taxable","19":"purchasable","20":"product-type-simple"},"acf":[],"_links":{"self":[{"href":"https:\/\/www.libraria-occitana.org\/oc\/wp-json\/wp\/v2\/product\/27409","targetHints":{"allow":["GET"]}}],"collection":[{"href":"https:\/\/www.libraria-occitana.org\/oc\/wp-json\/wp\/v2\/product"}],"about":[{"href":"https:\/\/www.libraria-occitana.org\/oc\/wp-json\/wp\/v2\/types\/product"}],"wp:featuredmedia":[{"embeddable":true,"href":"https:\/\/www.libraria-occitana.org\/oc\/wp-json\/wp\/v2\/media\/27410"}],"wp:attachment":[{"href":"https:\/\/www.libraria-occitana.org\/oc\/wp-json\/wp\/v2\/media?parent=27409"}],"wp:term":[{"taxonomy":"product_brand","embeddable":true,"href":"https:\/\/www.libraria-occitana.org\/oc\/wp-json\/wp\/v2\/product_brand?post=27409"},{"taxonomy":"product_cat","embeddable":true,"href":"https:\/\/www.libraria-occitana.org\/oc\/wp-json\/wp\/v2\/product_cat?post=27409"},{"taxonomy":"product_tag","embeddable":true,"href":"https:\/\/www.libraria-occitana.org\/oc\/wp-json\/wp\/v2\/product_tag?post=27409"}],"curies":[{"name":"wp","href":"https:\/\/api.w.org\/{rel}","templated":true}]}}