{"id":27415,"date":"1990-10-01T11:23:36","date_gmt":"1990-10-01T10:23:36","guid":{"rendered":"http:\/\/www.libraria-occitana.org\/all-products\/las-canas-de-midas-verd-paradis-v?lang=oc"},"modified":"2026-04-29T03:51:30","modified_gmt":"2026-04-29T01:51:30","slug":"las-canas-de-midas-verd-paradis-v","status":"publish","type":"product","link":"https:\/\/www.libraria-occitana.org\/oc\/produch\/las-canas-de-midas-verd-paradis-v\/","title":{"rendered":"Las Canas de Mid\u00e0s (Verd Parad\u00eds V)"},"content":{"rendered":"<p>\u00ab\u00a0Lo Parisenc, o l\u2019aparisenquit \u2013 sovent mai acarnassit contra sas originas, que, saique, i fan vergonha \u2013 se trufa plan volonti\u00e8rs de \u00e7\u00f2 que bateja \u00abl\u2019assent\u00bb. I v\u00f2l veire un despoder de parlar lo franc\u00e9s condrech, valent-a-dire lo sieu, perque se sent\u00eds e se sap e se v\u00f2l l\u2019\u00f2me de la Cort. Perque, e mai i age pas pus de Reis, la Cort dem\u00f2ra. E quand a mes antau, desperel, lo Mi\u00e8gjornal en dejot, a b\u00e8l j\u00f2c per se confrontar dins son \u00e8ime de m\u00e8stre e de dominator.<\/p>\n<p>S\u2019engana. Perqu\u2019a delembrat, dins sa cr\u00f2ia, dins sa pich\u00f2ta cervela de passerat \u00abparisenc\u00bb (aquel simb\u00e8l que s\u2019es causit i conven mai que plan) de soscar un pauquet. Que, se soscava, podri\u00e1 pas mancar de finir per s\u2019avisar de \u00e7\u00f2 qu\u2019es, en vertat, aquel fam\u00f3s \u00abassent\u00bb : tot simplament, sus las mans de la Fran\u00e7a, lo sang d\u2019una lenga escanada. D\u2019un p\u00f2ble, donc, escanat. Lo sang espandit sus la lenga pr\u00f2pia das escanaires. Respelissent totjorn, despu\u00f2i s\u00e8t cent ans, e mai quand a son p\u00f2ble i an fach delembrar sa lenga.\u00a0\u00bb<\/p>\n<p><em><a title=\"Verd parad\u00eds (I)\" href=\"http:\/\/www.libraria-occitana.org\/all-products\/verd-paradis-i\">Verd Parad\u00eds I<\/a><\/em>\u00a0(agostat &#8211; \u00e9puis\u00e9 &#8211; out of print)<em><br \/>\n<a href=\"http:\/\/www.libraria-occitana.org\/produit\/verd-paradis-ii\/\">Verd Parad\u00eds II<\/a><\/em><br \/>\n<em>Verd Parad\u00eds III &#8211; Lo grand teatre de Dieu <\/em>(agostat &#8211; \u00e9puis\u00e9 &#8211; out of print)<br \/>\n<em>Verd Parad\u00eds IV &#8211; L&#8217;u\u00f2lh dau cat<\/em>\u00a0(agostat &#8211; \u00e9puis\u00e9 &#8211; out of print)<br \/>\n<a title=\"Lo corbat\u00e0s roge ( Verd Parad\u00eds VI)\" href=\"http:\/\/www.libraria-occitana.org\/all-products\/lo-corbatas-roge-verd-paradis-vi2\"><em>Verd Parad\u00eds VI &#8211; Lo corbat\u00e0s roge<\/em><\/a><\/p>\n","protected":false},"excerpt":{"rendered":"<p>\u00ab\u00a0Lo Parisenc, o l\u2019aparisenquit \u2013 sovent mai acarnassit contra sas originas, que, saique, i fan vergonha \u2013 se trufa plan volonti\u00e8rs de \u00e7\u00f2 que bateja \u00abl\u2019assent\u00bb. I v\u00f2l veire un despoder de parlar lo franc\u00e9s condrech, valent-a-dire lo sieu, perque se sent\u00eds e se sap e se v\u00f2l l\u2019\u00f2me de la Cort. Perque, e mai [&hellip;]<\/p>\n","protected":false},"featured_media":36818,"template":"","meta":{"_acf_changed":false,"_genesis_hide_title":false,"_genesis_hide_breadcrumbs":false,"_genesis_hide_singular_image":false,"_genesis_hide_footer_widgets":false,"_genesis_custom_body_class":"","_genesis_custom_post_class":"","_genesis_layout":""},"product_brand":[],"product_cat":[7133,7175,7183],"product_tag":[],"class_list":{"0":"post-27415","1":"product","2":"type-product","3":"status-publish","4":"has-post-thumbnail","6":"product_cat-libres-oc","7":"product_cat-literatura-oc","8":"product_cat-romans-novelas-oc","9":"pa_auteur-roqueta-max-oc","10":"pa_editeur-ieo-fr-oc","11":"pa_langue-occitan-oc","12":"pa_langue-occitan-lengadocian-oc","13":"entry","15":"first","16":"instock","17":"shipping-taxable","18":"purchasable","19":"product-type-simple"},"acf":[],"_links":{"self":[{"href":"https:\/\/www.libraria-occitana.org\/oc\/wp-json\/wp\/v2\/product\/27415","targetHints":{"allow":["GET"]}}],"collection":[{"href":"https:\/\/www.libraria-occitana.org\/oc\/wp-json\/wp\/v2\/product"}],"about":[{"href":"https:\/\/www.libraria-occitana.org\/oc\/wp-json\/wp\/v2\/types\/product"}],"wp:featuredmedia":[{"embeddable":true,"href":"https:\/\/www.libraria-occitana.org\/oc\/wp-json\/wp\/v2\/media\/36818"}],"wp:attachment":[{"href":"https:\/\/www.libraria-occitana.org\/oc\/wp-json\/wp\/v2\/media?parent=27415"}],"wp:term":[{"taxonomy":"product_brand","embeddable":true,"href":"https:\/\/www.libraria-occitana.org\/oc\/wp-json\/wp\/v2\/product_brand?post=27415"},{"taxonomy":"product_cat","embeddable":true,"href":"https:\/\/www.libraria-occitana.org\/oc\/wp-json\/wp\/v2\/product_cat?post=27415"},{"taxonomy":"product_tag","embeddable":true,"href":"https:\/\/www.libraria-occitana.org\/oc\/wp-json\/wp\/v2\/product_tag?post=27415"}],"curies":[{"name":"wp","href":"https:\/\/api.w.org\/{rel}","templated":true}]}}