{"id":27430,"date":"1994-10-01T11:53:11","date_gmt":"1994-10-01T10:53:11","guid":{"rendered":"http:\/\/www.libraria-occitana.org\/all-products\/quand-lislam-etait-aux-portes-des-pyrenees?lang=oc"},"modified":"2026-04-29T10:33:35","modified_gmt":"2026-04-29T08:33:35","slug":"quand-lislam-etait-aux-portes-des-pyrenees","status":"publish","type":"product","link":"https:\/\/www.libraria-occitana.org\/oc\/produch\/quand-lislam-etait-aux-portes-des-pyrenees\/","title":{"rendered":"Quand l&#8217;Islam \u00e9tait aux portes des Pyr\u00e9n\u00e9es"},"content":{"rendered":"<p>Ce livre raconte un grand moment de l&#8217;histoire des Pyr\u00e9n\u00e9es et de la France m\u00e9ridionale. Il commence au XIe si\u00e8cle avec le grand effort de l&#8217;Occident pour se d\u00e9gager de l&#8217;emprise de l&#8217;Islam, effort symbolis\u00e9 par la figure du vicomte de B\u00e9arn, Gaston le Crois\u00e9, qui entra dans J\u00e9rusalem puis dans Saragosse. Sa vie a un parfum d&#8217;\u00e9pop\u00e9e comme celle de son contemporain, le Cid Campeador. L&#8217;histoire s&#8217;ach\u00e8ve au XIIIe si\u00e8cle dans le sang vers\u00e9 lors de la bataille de Muret, point culminant de la terrible crise que fut la Croisade des Albigeois.<\/p>\n<p>Le couple B\u00e9arn-Aragon est au c\u0153ur de cette histoire qui est aussi celle des chemins de Saint-Jacques-de-Compostelle, laboratoire d&#8217;\u00e9changes artistiques, litt\u00e9raires, juridiques, \u00e9conomiques. L&#8217;ach\u00e8vement de la <em>Reconquista<\/em> du bassin de l&#8217;\u00c8bre permit \u00e0 l&#8217;Aragon uni \u00e0 la Catalogne de mettre en place un \u00c9tat \u00e0 cheval sur les deux versants des Pyr\u00e9n\u00e9es. Ce livre replace \u00e9galement dans son contexte historique cette cha\u00eene extraordinaire de ch\u00e2teaux, de murailles, de cath\u00e9drales, d&#8217;\u00e9glises rurales qui, dans des sites splendides, sont autant de lieux gardant la m\u00e9moire de ces temps tumultueux o\u00f9 l&#8217;Islam \u00e9tait aux portes des Pyr\u00e9n\u00e9es. Ces Pyr\u00e9n\u00e9es qui, loin de les s\u00e9parer, unissaient les populations vivant sur leurs deux versants. <\/p>\n","protected":false},"excerpt":{"rendered":"<p>Ce livre raconte un grand moment de l&#8217;histoire des Pyr\u00e9n\u00e9es et de la France m\u00e9ridionale. Il commence au XIe si\u00e8cle avec le grand effort de l&#8217;Occident pour se d\u00e9gager de l&#8217;emprise de l&#8217;Islam, effort symbolis\u00e9 par la figure du vicomte de B\u00e9arn, Gaston le Crois\u00e9, qui entra dans J\u00e9rusalem puis dans Saragosse. Sa vie a [&hellip;]<\/p>\n","protected":false},"featured_media":27431,"template":"","meta":{"_acf_changed":false,"_genesis_hide_title":false,"_genesis_hide_breadcrumbs":false,"_genesis_hide_singular_image":false,"_genesis_hide_footer_widgets":false,"_genesis_custom_body_class":"","_genesis_custom_post_class":"","_genesis_layout":""},"product_brand":[],"product_cat":[7161,7149,7133],"product_tag":[],"class_list":{"0":"post-27430","1":"product","2":"type-product","3":"status-publish","4":"has-post-thumbnail","6":"product_cat-istoria-medievala-oc","7":"product_cat-istoria-geografia-oc","8":"product_cat-libres-oc","9":"pa_auteur-tucoo-chala-pierre-oc","10":"pa_editeur-jd-oc","11":"pa_langue-francais-oc","12":"entry","14":"first","15":"outofstock","16":"shipping-taxable","17":"purchasable","18":"product-type-simple"},"acf":[],"_links":{"self":[{"href":"https:\/\/www.libraria-occitana.org\/oc\/wp-json\/wp\/v2\/product\/27430","targetHints":{"allow":["GET"]}}],"collection":[{"href":"https:\/\/www.libraria-occitana.org\/oc\/wp-json\/wp\/v2\/product"}],"about":[{"href":"https:\/\/www.libraria-occitana.org\/oc\/wp-json\/wp\/v2\/types\/product"}],"wp:featuredmedia":[{"embeddable":true,"href":"https:\/\/www.libraria-occitana.org\/oc\/wp-json\/wp\/v2\/media\/27431"}],"wp:attachment":[{"href":"https:\/\/www.libraria-occitana.org\/oc\/wp-json\/wp\/v2\/media?parent=27430"}],"wp:term":[{"taxonomy":"product_brand","embeddable":true,"href":"https:\/\/www.libraria-occitana.org\/oc\/wp-json\/wp\/v2\/product_brand?post=27430"},{"taxonomy":"product_cat","embeddable":true,"href":"https:\/\/www.libraria-occitana.org\/oc\/wp-json\/wp\/v2\/product_cat?post=27430"},{"taxonomy":"product_tag","embeddable":true,"href":"https:\/\/www.libraria-occitana.org\/oc\/wp-json\/wp\/v2\/product_tag?post=27430"}],"curies":[{"name":"wp","href":"https:\/\/api.w.org\/{rel}","templated":true}]}}