{"id":27441,"date":"1994-05-01T11:21:16","date_gmt":"1994-05-01T09:21:16","guid":{"rendered":"http:\/\/www.libraria-occitana.org\/all-products\/obras-completas?lang=oc"},"modified":"2026-04-29T03:46:22","modified_gmt":"2026-04-29T01:46:22","slug":"obras-completas","status":"publish","type":"product","link":"https:\/\/www.libraria-occitana.org\/oc\/produch\/obras-completas\/","title":{"rendered":"\u00d2bras completas"},"content":{"rendered":"<p>En occitan avec traduction fran\u00e7aise en regard.<\/p>\n<p>Un choix d&#8217;aphorismes, petits contes, randonn\u00e9es et proverbes, d&#8217;une d\u00e9j\u00e0 longue vie (si l&#8217;on songe par exemple \u00e0 celle du porc), depuis les \u0153uvres de jeunesse jusqu&#8217;aux \u0153uvres posthumes. \u0152uvres compl\u00e8tes, on l&#8217;aura compris \u00e0 titre \u00e9minemment partiel et \u00f4 combien provisoire. Ironie et d\u00e9rision y font un mariage d&#8217;amour sur l&#8217;autel complice d&#8217;une v\u00e9rit\u00e9 fragile et m\u00e9lancolique.<\/p>\n<p>\u00ab \u00c9crivain, vous \u00eates vraiment marginal par une somptueuse fa\u00e7on de pr\u00e9senter aussi librement et po\u00e9tiquement ces souvenirs, pens\u00e9es, remarques qui viennent \u00e0 nous mais que certains rapportent en de longues listes sinistres et saum\u00e2tres de bien-pensants ou de constip\u00e9s de l&#8217;esprit&#8230; Ce petit livre va m&#8217;\u00eatre un livre de chevet, un goutte-\u00e0-goutte de sagesse.\u00a0\u00bb Lettre de Claude Seignolle \u00e0 l&#8217;auteur.<\/p>\n","protected":false},"excerpt":{"rendered":"<p>En occitan avec traduction fran\u00e7aise en regard. Un choix d&#8217;aphorismes, petits contes, randonn\u00e9es et proverbes, d&#8217;une d\u00e9j\u00e0 longue vie (si l&#8217;on songe par exemple \u00e0 celle du porc), depuis les \u0153uvres de jeunesse jusqu&#8217;aux \u0153uvres posthumes. \u0152uvres compl\u00e8tes, on l&#8217;aura compris \u00e0 titre \u00e9minemment partiel et \u00f4 combien provisoire. Ironie et d\u00e9rision y font un [&hellip;]<\/p>\n","protected":false},"featured_media":27442,"template":"","meta":{"_acf_changed":false,"_genesis_hide_title":false,"_genesis_hide_breadcrumbs":false,"_genesis_hide_singular_image":false,"_genesis_hide_footer_widgets":false,"_genesis_custom_body_class":"","_genesis_custom_post_class":"","_genesis_layout":""},"product_brand":[],"product_cat":[7133,7175,7181],"product_tag":[],"class_list":{"0":"post-27441","1":"product","2":"type-product","3":"status-publish","4":"has-post-thumbnail","6":"product_cat-libres-oc","7":"product_cat-literatura-oc","8":"product_cat-poesia-oc","9":"pa_auteur-melhau-jan-dau-fr-oc","10":"pa_editeur-lo-chamin-de-sent-jaume-oc","11":"pa_langue-occitan-lemosin-oc","12":"pa_langue-occitan-francais-oc","13":"entry","15":"first","16":"outofstock","17":"shipping-taxable","18":"purchasable","19":"product-type-simple"},"acf":[],"_links":{"self":[{"href":"https:\/\/www.libraria-occitana.org\/oc\/wp-json\/wp\/v2\/product\/27441","targetHints":{"allow":["GET"]}}],"collection":[{"href":"https:\/\/www.libraria-occitana.org\/oc\/wp-json\/wp\/v2\/product"}],"about":[{"href":"https:\/\/www.libraria-occitana.org\/oc\/wp-json\/wp\/v2\/types\/product"}],"wp:featuredmedia":[{"embeddable":true,"href":"https:\/\/www.libraria-occitana.org\/oc\/wp-json\/wp\/v2\/media\/27442"}],"wp:attachment":[{"href":"https:\/\/www.libraria-occitana.org\/oc\/wp-json\/wp\/v2\/media?parent=27441"}],"wp:term":[{"taxonomy":"product_brand","embeddable":true,"href":"https:\/\/www.libraria-occitana.org\/oc\/wp-json\/wp\/v2\/product_brand?post=27441"},{"taxonomy":"product_cat","embeddable":true,"href":"https:\/\/www.libraria-occitana.org\/oc\/wp-json\/wp\/v2\/product_cat?post=27441"},{"taxonomy":"product_tag","embeddable":true,"href":"https:\/\/www.libraria-occitana.org\/oc\/wp-json\/wp\/v2\/product_tag?post=27441"}],"curies":[{"name":"wp","href":"https:\/\/api.w.org\/{rel}","templated":true}]}}