{"id":27456,"date":"1993-05-01T17:25:06","date_gmt":"1993-05-01T16:25:06","guid":{"rendered":"http:\/\/www.libraria-occitana.org\/all-products\/lo-leberaubre-n20?lang=oc"},"modified":"2026-04-15T03:16:09","modified_gmt":"2026-04-15T01:16:09","slug":"lo-leberaubre-n20","status":"publish","type":"product","link":"https:\/\/www.libraria-occitana.org\/oc\/produch\/lo-leberaubre-n20\/","title":{"rendered":"Lo Leberaubre N\u00b020"},"content":{"rendered":"<p>\u00ab\u00a0Per balhar de las rai\u00e7 au leberon e far corre l&#8217;aubre la nuech\u00a0\u00bb<\/p>\n<p>Revue de litt\u00e9rature occitane c\u00e9l\u00e9brant les noces du mythe et de l&#8217;absurde au chevet d&#8217;une bonne fontaine sans d\u00e9dicace. Vit le jour en 1975.<\/p>\n<p><strong>Taula :<\/strong><br \/>\n&#8211; Artur Schnitzler :<br \/>\nLo jornau de la Raigonda<br \/>\n&#8211; Chief Seattle :<br \/>\nLa fin de la vita<br \/>\n&#8211; Joan-Claudi S\u00e8rras :<br \/>\nLos u\u00e8lhs barrats<br \/>\n&#8211; Bernat Crotos de la Gormela :<br \/>\nLo prumier&#8230;<br \/>\n&#8211; Marcela Delpastre :<br \/>\nParaulas per questa terra (7)<br \/>\n&#8211; Eric Asti\u00e9-Babin\u00f2t :<br \/>\nMarcus<br \/>\n&#8211; Miqueu Massal :<br \/>\nViatge sus Ven\u00fas<br \/>\n&#8211; Jan dau Melhau :<br \/>\nJornau per lo temps<br \/>\nD&#8217;aucun avent e d&#8217;aucunas chalendas (2)<br \/>\n &#8211; Micheu Chapduelh :<br \/>\nSon passats demest n&#8217;autres<\/p>\n","protected":false},"excerpt":{"rendered":"<p>\u00ab\u00a0Per balhar de las rai\u00e7 au leberon e far corre l&#8217;aubre la nuech\u00a0\u00bb Revue de litt\u00e9rature occitane c\u00e9l\u00e9brant les noces du mythe et de l&#8217;absurde au chevet d&#8217;une bonne fontaine sans d\u00e9dicace. Vit le jour en 1975. Taula : &#8211; Artur Schnitzler : Lo jornau de la Raigonda &#8211; Chief Seattle : La fin de [&hellip;]<\/p>\n","protected":false},"featured_media":20546,"template":"","meta":{"_acf_changed":false,"_genesis_hide_title":false,"_genesis_hide_breadcrumbs":false,"_genesis_hide_singular_image":false,"_genesis_hide_footer_widgets":false,"_genesis_custom_body_class":"","_genesis_custom_post_class":"","_genesis_layout":""},"product_brand":[],"product_cat":[7133,7175],"product_tag":[],"class_list":{"0":"post-27456","1":"product","2":"type-product","3":"status-publish","4":"has-post-thumbnail","6":"product_cat-libres-oc","7":"product_cat-literatura-oc","8":"pa_auteur-collectiu-oc-2","9":"pa_editeur-literatura-e-cultura-populara-lemosinas-oc","10":"pa_langue-occitan-oc","11":"pa_langue-occitan-lemosin-oc","12":"entry","14":"first","15":"outofstock","16":"shipping-taxable","17":"purchasable","18":"product-type-simple"},"acf":[],"_links":{"self":[{"href":"https:\/\/www.libraria-occitana.org\/oc\/wp-json\/wp\/v2\/product\/27456","targetHints":{"allow":["GET"]}}],"collection":[{"href":"https:\/\/www.libraria-occitana.org\/oc\/wp-json\/wp\/v2\/product"}],"about":[{"href":"https:\/\/www.libraria-occitana.org\/oc\/wp-json\/wp\/v2\/types\/product"}],"wp:featuredmedia":[{"embeddable":true,"href":"https:\/\/www.libraria-occitana.org\/oc\/wp-json\/wp\/v2\/media\/20546"}],"wp:attachment":[{"href":"https:\/\/www.libraria-occitana.org\/oc\/wp-json\/wp\/v2\/media?parent=27456"}],"wp:term":[{"taxonomy":"product_brand","embeddable":true,"href":"https:\/\/www.libraria-occitana.org\/oc\/wp-json\/wp\/v2\/product_brand?post=27456"},{"taxonomy":"product_cat","embeddable":true,"href":"https:\/\/www.libraria-occitana.org\/oc\/wp-json\/wp\/v2\/product_cat?post=27456"},{"taxonomy":"product_tag","embeddable":true,"href":"https:\/\/www.libraria-occitana.org\/oc\/wp-json\/wp\/v2\/product_tag?post=27456"}],"curies":[{"name":"wp","href":"https:\/\/api.w.org\/{rel}","templated":true}]}}