{"id":27462,"date":"2019-07-01T18:09:59","date_gmt":"2019-07-01T16:09:59","guid":{"rendered":"http:\/\/www.libraria-occitana.org\/all-products\/33-chants-populaires-du-languedoc?lang=oc"},"modified":"2026-04-29T10:32:54","modified_gmt":"2026-04-29T08:32:54","slug":"33-chants-populaires-du-languedoc","status":"publish","type":"product","link":"https:\/\/www.libraria-occitana.org\/oc\/produch\/33-chants-populaires-du-languedoc\/","title":{"rendered":"33 chants populaires du Languedoc"},"content":{"rendered":"<p>Aquel libr\u00f2t de can\u00e7ons tiradas de dos recu\u00e8lhs vi\u00e8lhs, editats en 1935 e 1945, barreja de cantas tradicionalas (<em>Se canta<\/em>, <em>Lo boi\u00e8r<\/em>) e de cantas de creacion recenta en lenga d&#8217;\u00f2c tal com la <em>\u00ab Tolosena \u00bb<\/em>, la <em>\u00ab <\/em><em>Montalbanesa \u00bb<\/em>, la <em>\u00ab <\/em><em>Carcassonesa \u00bb<\/em> o lo subreb\u00e8l imne arieg\u00e8s <em>\u00ab <\/em><em>Ari\u00e8ja, \u00f2 mon pa\u00eds \u00bb<\/em>.<\/p>\n<p>En tot 33 can\u00e7ons coneissudas mai o mens, pel plaser de totis e per far clantir la lenga occitana per las velhadas o las f\u00e8stas de pertot.<\/p>\n","protected":false},"excerpt":{"rendered":"<p>Aquel libr\u00f2t de can\u00e7ons tiradas de dos recu\u00e8lhs vi\u00e8lhs, editats en 1935 e 1945, barreja de cantas tradicionalas (Se canta, Lo boi\u00e8r) e de cantas de creacion recenta en lenga d&#8217;\u00f2c tal com la \u00ab Tolosena \u00bb, la \u00ab Montalbanesa \u00bb, la \u00ab Carcassonesa \u00bb o lo subreb\u00e8l imne arieg\u00e8s \u00ab Ari\u00e8ja, \u00f2 mon pa\u00eds [&hellip;]<\/p>\n","protected":false},"featured_media":45489,"template":"","meta":{"_acf_changed":false,"_genesis_hide_title":false,"_genesis_hide_breadcrumbs":false,"_genesis_hide_singular_image":false,"_genesis_hide_footer_widgets":false,"_genesis_custom_body_class":"","_genesis_custom_post_class":"","_genesis_layout":""},"product_brand":[],"product_cat":[7133,7191,7193],"product_tag":[],"class_list":{"0":"post-27462","1":"product","2":"type-product","3":"status-publish","4":"has-post-thumbnail","6":"product_cat-libres-oc","7":"product_cat-musica-danca-oc","8":"product_cat-particions-paraulas-de-chancons-oc","9":"pa_editeur-editions-des-regionalismes-oc","10":"pa_langue-occitan-lengadocian-oc","11":"pa_langue-occitan-francais-oc","12":"entry","14":"first","15":"instock","16":"shipping-taxable","17":"purchasable","18":"product-type-simple"},"acf":[],"_links":{"self":[{"href":"https:\/\/www.libraria-occitana.org\/oc\/wp-json\/wp\/v2\/product\/27462","targetHints":{"allow":["GET"]}}],"collection":[{"href":"https:\/\/www.libraria-occitana.org\/oc\/wp-json\/wp\/v2\/product"}],"about":[{"href":"https:\/\/www.libraria-occitana.org\/oc\/wp-json\/wp\/v2\/types\/product"}],"wp:featuredmedia":[{"embeddable":true,"href":"https:\/\/www.libraria-occitana.org\/oc\/wp-json\/wp\/v2\/media\/45489"}],"wp:attachment":[{"href":"https:\/\/www.libraria-occitana.org\/oc\/wp-json\/wp\/v2\/media?parent=27462"}],"wp:term":[{"taxonomy":"product_brand","embeddable":true,"href":"https:\/\/www.libraria-occitana.org\/oc\/wp-json\/wp\/v2\/product_brand?post=27462"},{"taxonomy":"product_cat","embeddable":true,"href":"https:\/\/www.libraria-occitana.org\/oc\/wp-json\/wp\/v2\/product_cat?post=27462"},{"taxonomy":"product_tag","embeddable":true,"href":"https:\/\/www.libraria-occitana.org\/oc\/wp-json\/wp\/v2\/product_tag?post=27462"}],"curies":[{"name":"wp","href":"https:\/\/api.w.org\/{rel}","templated":true}]}}