{"id":27470,"date":"1997-01-01T11:24:05","date_gmt":"1997-01-01T10:24:05","guid":{"rendered":"http:\/\/www.libraria-occitana.org\/all-products\/un-temps-per-viure?lang=oc"},"modified":"2026-04-13T02:26:59","modified_gmt":"2026-04-13T00:26:59","slug":"un-temps-per-viure","status":"publish","type":"product","link":"https:\/\/www.libraria-occitana.org\/oc\/produch\/un-temps-per-viure\/","title":{"rendered":"Un temps per viure"},"content":{"rendered":"<p>\u00ab\u00a0Es-t-eu \u00e0ngel o diablaton, l&#8217;autre io de dedins ma testa ? es-t-eu io tot simplament ? Un autre io que minja e mai que beu, que se nuir\u00eds de tot un pauc : de flors e de terra, de charn e de vent, de plaser e de dolor, d&#8217;esp\u00e8rs e de regrets &#8230; Se nuir\u00eds de tot \u00e7\u00f2 que veu. Un jorn, faudr\u00e1 ben que zo cague o ben que ne&#8217;n fase dau miau !<\/p>\n<p>L&#8217;autre io de dedins ma testa me ditz que tot es estat dich mas que tot es de tornar dire e que degun jamai a vist emb n\u00f2stres uelhs. E io, voudri\u00e1 escriure de las chausas de tots los jorns, de las chausas tant presentas qu&#8217;\u00f2m pren pas lo temps de las veire. Ma paraula ne&#8217;n seri\u00e1 novela e mos mots seri\u00e1n los prumiers. E chascun me comprendri\u00e1 e chascun saubri\u00e1 de qu\u00e9 parle.<\/p>\n<p>E chascun diri\u00e1 : &#8220;Quo es verai ! A saubut nos far veire \u00e7\u00f2 qu&#8217;erem pas fotuts de veire emb n\u00f2stres paubres uelhs. E pasmens z&#8217;a saubut dire emb n\u00f2stres paubres mots &#8230;&#8221;\u00a0\u00bb<\/p>\n<p>Emb <em>Un temps per viure<\/em>, la po\u00ebsia quita l&#8217;estrechor dau vers per una pr\u00f2sa ritmada onte las vocalas lonjas e brevas caracteristicas dau Lemosin fan una melodia mai secreta.<\/p>\n<p>A l&#8217;azard, lo conte laissa puntejar son aurelha mas ne&#8217;n perd sa t\u00f2ca e sa cronologia dins lo miracle tots los jorns tornat nu\u00f2u dau viscut e dau sentit. Un temps per viure, un biais de viure, un temps per dire &#8230;<\/p>\n","protected":false},"excerpt":{"rendered":"<p>\u00ab\u00a0Es-t-eu \u00e0ngel o diablaton, l&#8217;autre io de dedins ma testa ? es-t-eu io tot simplament ? Un autre io que minja e mai que beu, que se nuir\u00eds de tot un pauc : de flors e de terra, de charn e de vent, de plaser e de dolor, d&#8217;esp\u00e8rs e de regrets &#8230; Se nuir\u00eds [&hellip;]<\/p>\n","protected":false},"featured_media":27471,"template":"","meta":{"_acf_changed":false,"_genesis_hide_title":false,"_genesis_hide_breadcrumbs":false,"_genesis_hide_singular_image":false,"_genesis_hide_footer_widgets":false,"_genesis_custom_body_class":"","_genesis_custom_post_class":"","_genesis_layout":""},"product_brand":[],"product_cat":[7133,7175,7181],"product_tag":[],"class_list":{"0":"post-27470","1":"product","2":"type-product","3":"status-publish","4":"has-post-thumbnail","6":"product_cat-libres-oc","7":"product_cat-literatura-oc","8":"product_cat-poesia-oc","9":"pa_auteur-chapduelh-micheu-oc","10":"pa_editeur-ieo-fr-oc","11":"pa_editeur-ieo-perigord-novelum-oc","12":"pa_editeur-lo-leberaubre-oc","13":"pa_langue-occitan-oc","14":"pa_langue-occitan-lemosin-oc","15":"entry","17":"first","18":"outofstock","19":"shipping-taxable","20":"purchasable","21":"product-type-simple"},"acf":[],"_links":{"self":[{"href":"https:\/\/www.libraria-occitana.org\/oc\/wp-json\/wp\/v2\/product\/27470","targetHints":{"allow":["GET"]}}],"collection":[{"href":"https:\/\/www.libraria-occitana.org\/oc\/wp-json\/wp\/v2\/product"}],"about":[{"href":"https:\/\/www.libraria-occitana.org\/oc\/wp-json\/wp\/v2\/types\/product"}],"wp:featuredmedia":[{"embeddable":true,"href":"https:\/\/www.libraria-occitana.org\/oc\/wp-json\/wp\/v2\/media\/27471"}],"wp:attachment":[{"href":"https:\/\/www.libraria-occitana.org\/oc\/wp-json\/wp\/v2\/media?parent=27470"}],"wp:term":[{"taxonomy":"product_brand","embeddable":true,"href":"https:\/\/www.libraria-occitana.org\/oc\/wp-json\/wp\/v2\/product_brand?post=27470"},{"taxonomy":"product_cat","embeddable":true,"href":"https:\/\/www.libraria-occitana.org\/oc\/wp-json\/wp\/v2\/product_cat?post=27470"},{"taxonomy":"product_tag","embeddable":true,"href":"https:\/\/www.libraria-occitana.org\/oc\/wp-json\/wp\/v2\/product_tag?post=27470"}],"curies":[{"name":"wp","href":"https:\/\/api.w.org\/{rel}","templated":true}]}}