{"id":27477,"date":"2025-11-28T11:40:11","date_gmt":"2025-11-28T10:40:11","guid":{"rendered":"http:\/\/www.libraria-occitana.org\/all-products\/las-vias-priondas-de-la-memoria?lang=oc"},"modified":"2026-04-18T00:11:40","modified_gmt":"2026-04-17T22:11:40","slug":"las-vias-priondas-de-la-memoria","status":"publish","type":"product","link":"https:\/\/www.libraria-occitana.org\/oc\/produch\/las-vias-priondas-de-la-memoria\/","title":{"rendered":"Las vias priondas de la mem\u00f2ria (2e \u00e9dition)"},"content":{"rendered":"<p>V&#8217;autres que legiretz <em>Las vias priondas de la mem\u00f2ria<\/em>, vos trompetz pas de libre coma z&#8217;an fach tant de monde dins sa lenga de revirada. Lo legissetz pas coma un libre de mai sus lo bon vielh temps que nos es tant de plasent purar. Legissetz-lo per \u00e7\u00f2 qu&#8217;es, un grand libre tragic ente los sovenirs se fan mem\u00f2ria, ente la mem\u00f2ria soventavetz marca sas pajas de \u00e7\u00f2 que tr\u00f2ba, la c\u00f2rda de quauqu&#8217;un pendut. E si a d&#8217;aucuns moments \u2013 ieu, me quitara pus l&#8217;eimage de l&#8217;Anna de&#8217;n Larcy \u2013 sentetz que v\u00f2stras legremas, lor es pus pro de v\u00f2stra g\u00f2rja, que sian de franc desesper, anes ! n&#8217;es gran de p&#8217;ita rencuran\u00e7a. Mas migretz pas, l&#8217;i riretz maitot, entre purar e rire se bastis lo \u00ab sentit tragic de la vita \u00bb, e n&#8217;autres Lemosins, n&#8217;autres d&#8217;aquelas montanhas, n&#8217;autres d&#8217;Occitania, sabem mai que jamai \u00e7\u00f2 que qu\u00f2 v\u00f2u dire.<\/p>\n","protected":false},"excerpt":{"rendered":"<p>V&#8217;autres que legiretz Las vias priondas de la mem\u00f2ria, vos trompetz pas de libre coma z&#8217;an fach tant de monde dins sa lenga de revirada. Lo legissetz pas coma un libre de mai sus lo bon vielh temps que nos es tant de plasent purar. Legissetz-lo per \u00e7\u00f2 qu&#8217;es, un grand libre tragic ente los [&hellip;]<\/p>\n","protected":false},"featured_media":62837,"template":"","meta":{"_acf_changed":false,"_genesis_hide_title":false,"_genesis_hide_breadcrumbs":false,"_genesis_hide_singular_image":false,"_genesis_hide_footer_widgets":false,"_genesis_custom_body_class":"","_genesis_custom_post_class":"","_genesis_layout":""},"product_brand":[],"product_cat":[7133,7175,7187],"product_tag":[],"class_list":{"0":"post-27477","1":"product","2":"type-product","3":"status-publish","4":"has-post-thumbnail","6":"product_cat-libres-oc","7":"product_cat-literatura-oc","8":"product_cat-temonhatges-memoris-oc","9":"pa_auteur-delpastre-marcela-oc","10":"pa_editeur-lostal-del-libre-oc","11":"pa_langue-occitan-oc","12":"pa_langue-occitan-lemosin-oc","13":"entry","15":"first","16":"instock","17":"featured","18":"shipping-taxable","19":"purchasable","20":"product-type-simple"},"acf":[],"_links":{"self":[{"href":"https:\/\/www.libraria-occitana.org\/oc\/wp-json\/wp\/v2\/product\/27477","targetHints":{"allow":["GET"]}}],"collection":[{"href":"https:\/\/www.libraria-occitana.org\/oc\/wp-json\/wp\/v2\/product"}],"about":[{"href":"https:\/\/www.libraria-occitana.org\/oc\/wp-json\/wp\/v2\/types\/product"}],"wp:featuredmedia":[{"embeddable":true,"href":"https:\/\/www.libraria-occitana.org\/oc\/wp-json\/wp\/v2\/media\/62837"}],"wp:attachment":[{"href":"https:\/\/www.libraria-occitana.org\/oc\/wp-json\/wp\/v2\/media?parent=27477"}],"wp:term":[{"taxonomy":"product_brand","embeddable":true,"href":"https:\/\/www.libraria-occitana.org\/oc\/wp-json\/wp\/v2\/product_brand?post=27477"},{"taxonomy":"product_cat","embeddable":true,"href":"https:\/\/www.libraria-occitana.org\/oc\/wp-json\/wp\/v2\/product_cat?post=27477"},{"taxonomy":"product_tag","embeddable":true,"href":"https:\/\/www.libraria-occitana.org\/oc\/wp-json\/wp\/v2\/product_tag?post=27477"}],"curies":[{"name":"wp","href":"https:\/\/api.w.org\/{rel}","templated":true}]}}