{"id":27488,"date":"1995-10-01T15:12:56","date_gmt":"1995-10-01T14:12:56","guid":{"rendered":"http:\/\/www.libraria-occitana.org\/all-products\/chants-et-chansons-populaires-du-limousin-lemouzi-n136?lang=oc"},"modified":"2026-04-29T04:06:30","modified_gmt":"2026-04-29T02:06:30","slug":"chants-et-chansons-populaires-du-limousin-lemouzi-n136","status":"publish","type":"product","link":"https:\/\/www.libraria-occitana.org\/oc\/produch\/chants-et-chansons-populaires-du-limousin-lemouzi-n136\/","title":{"rendered":"Chants et chansons populaires du Limousin \/ Lemouzi N\u00b0136"},"content":{"rendered":"<p>Recueil de chansons essentiellement collect\u00e9es en Bas-Limousin par Ch\u00e8ze, Branchet et Plantadis fin XIXe-d\u00e9but XXe. En plus des paroles des chansons, pour la plupart en occitan traduites en fran\u00e7ais, ou en fran\u00e7ais, vous trouverez aussi leur notation musicale et des notes explicatives quand n\u00e9cessaire.<\/p>\n","protected":false},"excerpt":{"rendered":"<p>Recueil de chansons essentiellement collect\u00e9es en Bas-Limousin par Ch\u00e8ze, Branchet et Plantadis fin XIXe-d\u00e9but XXe. En plus des paroles des chansons, pour la plupart en occitan traduites en fran\u00e7ais, ou en fran\u00e7ais, vous trouverez aussi leur notation musicale et des notes explicatives quand n\u00e9cessaire.<\/p>\n","protected":false},"featured_media":27489,"template":"","meta":{"_acf_changed":false,"_genesis_hide_title":false,"_genesis_hide_breadcrumbs":false,"_genesis_hide_singular_image":false,"_genesis_hide_footer_widgets":false,"_genesis_custom_body_class":"","_genesis_custom_post_class":"","_genesis_layout":""},"product_brand":[],"product_cat":[7133,7191,7193],"product_tag":[],"class_list":{"0":"post-27488","1":"product","2":"type-product","3":"status-publish","4":"has-post-thumbnail","6":"product_cat-libres-oc","7":"product_cat-musica-danca-oc","8":"product_cat-particions-paraulas-de-chancons-oc","9":"pa_auteur-branchet-leon-oc","10":"pa_auteur-cheze-jean-baptiste-oc","11":"pa_auteur-plantadis-johannes-oc","12":"pa_editeur-lemouzi-oc","13":"pa_langue-francais-oc","14":"pa_langue-occitan-lemosin-oc","15":"pa_langue-occitan-francais-oc","16":"entry","18":"first","19":"instock","20":"shipping-taxable","21":"purchasable","22":"product-type-simple"},"acf":[],"_links":{"self":[{"href":"https:\/\/www.libraria-occitana.org\/oc\/wp-json\/wp\/v2\/product\/27488","targetHints":{"allow":["GET"]}}],"collection":[{"href":"https:\/\/www.libraria-occitana.org\/oc\/wp-json\/wp\/v2\/product"}],"about":[{"href":"https:\/\/www.libraria-occitana.org\/oc\/wp-json\/wp\/v2\/types\/product"}],"wp:featuredmedia":[{"embeddable":true,"href":"https:\/\/www.libraria-occitana.org\/oc\/wp-json\/wp\/v2\/media\/27489"}],"wp:attachment":[{"href":"https:\/\/www.libraria-occitana.org\/oc\/wp-json\/wp\/v2\/media?parent=27488"}],"wp:term":[{"taxonomy":"product_brand","embeddable":true,"href":"https:\/\/www.libraria-occitana.org\/oc\/wp-json\/wp\/v2\/product_brand?post=27488"},{"taxonomy":"product_cat","embeddable":true,"href":"https:\/\/www.libraria-occitana.org\/oc\/wp-json\/wp\/v2\/product_cat?post=27488"},{"taxonomy":"product_tag","embeddable":true,"href":"https:\/\/www.libraria-occitana.org\/oc\/wp-json\/wp\/v2\/product_tag?post=27488"}],"curies":[{"name":"wp","href":"https:\/\/api.w.org\/{rel}","templated":true}]}}