{"id":27496,"date":"1999-03-01T11:33:17","date_gmt":"1999-03-01T10:33:17","guid":{"rendered":"http:\/\/www.libraria-occitana.org\/all-products\/costumes-et-coiffes-du-perigord?lang=oc"},"modified":"2026-04-17T23:01:43","modified_gmt":"2026-04-17T21:01:43","slug":"costumes-et-coiffes-du-perigord","status":"publish","type":"product","link":"https:\/\/www.libraria-occitana.org\/oc\/produch\/costumes-et-coiffes-du-perigord\/","title":{"rendered":"Costumes et coiffes du P\u00e9rigord"},"content":{"rendered":"<p>\u00ab\u00a0Partout en P\u00e9rigord, naissent des soci\u00e9t\u00e9s f\u00e9libr\u00e9ennes qui reconstituent avec amour, suivant une tradition orale, les habillements d&#8217;antan : \u00e0 ce jour, aucun ouvrage n&#8217;existait, concernant ces costumes et ces coiffes qui ont subi des changements selon les \u00e9poques, les terroirs, les classes sociales ou les m\u00e9tiers.<\/p>\n<p>Il devenait urgent de combler cette lacune afin de mettre \u00e0 la disposition des usagers comme des ethnologues un ouvrage \u00e0 la fois historique et technique, pour bien situer le costume en son temps, suivant les modes successives qui ont marqu\u00e9 son \u00e9volution.\u00a0\u00bb<\/p>\n<p style=\"text-align: right;\">Jean Monestier<br \/>\nMajoral du F\u00e9librige<\/p>\n","protected":false},"excerpt":{"rendered":"<p>\u00ab\u00a0Partout en P\u00e9rigord, naissent des soci\u00e9t\u00e9s f\u00e9libr\u00e9ennes qui reconstituent avec amour, suivant une tradition orale, les habillements d&#8217;antan : \u00e0 ce jour, aucun ouvrage n&#8217;existait, concernant ces costumes et ces coiffes qui ont subi des changements selon les \u00e9poques, les terroirs, les classes sociales ou les m\u00e9tiers. Il devenait urgent de combler cette lacune afin [&hellip;]<\/p>\n","protected":false},"featured_media":27497,"template":"","meta":{"_acf_changed":false,"_genesis_hide_title":false,"_genesis_hide_breadcrumbs":false,"_genesis_hide_singular_image":false,"_genesis_hide_footer_widgets":false,"_genesis_custom_body_class":"","_genesis_custom_post_class":"","_genesis_layout":""},"product_brand":[],"product_cat":[7133,7213,7207],"product_tag":[],"class_list":{"0":"post-27496","1":"product","2":"type-product","3":"status-publish","4":"has-post-thumbnail","6":"product_cat-libres-oc","7":"product_cat-metiers-saubre-far-oc","8":"product_cat-tradicions-patrimoni-oc","9":"pa_auteur-valpremy-ginette-oc","10":"pa_editeur-fanlac-oc","11":"pa_illustrateur-sarlat-claude-oc","12":"pa_illustrateur-valpremy-pierre-oc","13":"pa_langue-francais-oc","14":"entry","16":"first","17":"outofstock","18":"shipping-taxable","19":"purchasable","20":"product-type-simple"},"acf":[],"_links":{"self":[{"href":"https:\/\/www.libraria-occitana.org\/oc\/wp-json\/wp\/v2\/product\/27496","targetHints":{"allow":["GET"]}}],"collection":[{"href":"https:\/\/www.libraria-occitana.org\/oc\/wp-json\/wp\/v2\/product"}],"about":[{"href":"https:\/\/www.libraria-occitana.org\/oc\/wp-json\/wp\/v2\/types\/product"}],"wp:featuredmedia":[{"embeddable":true,"href":"https:\/\/www.libraria-occitana.org\/oc\/wp-json\/wp\/v2\/media\/27497"}],"wp:attachment":[{"href":"https:\/\/www.libraria-occitana.org\/oc\/wp-json\/wp\/v2\/media?parent=27496"}],"wp:term":[{"taxonomy":"product_brand","embeddable":true,"href":"https:\/\/www.libraria-occitana.org\/oc\/wp-json\/wp\/v2\/product_brand?post=27496"},{"taxonomy":"product_cat","embeddable":true,"href":"https:\/\/www.libraria-occitana.org\/oc\/wp-json\/wp\/v2\/product_cat?post=27496"},{"taxonomy":"product_tag","embeddable":true,"href":"https:\/\/www.libraria-occitana.org\/oc\/wp-json\/wp\/v2\/product_tag?post=27496"}],"curies":[{"name":"wp","href":"https:\/\/api.w.org\/{rel}","templated":true}]}}