{"id":27499,"date":"1999-02-01T09:40:12","date_gmt":"1999-02-01T08:40:12","guid":{"rendered":"http:\/\/www.libraria-occitana.org\/all-products\/je-me-souviens-limoges-ten-rapelas?lang=oc"},"modified":"2026-04-02T23:01:17","modified_gmt":"2026-04-02T21:01:17","slug":"je-me-souviens-limoges-ten-rapelas","status":"publish","type":"product","link":"https:\/\/www.libraria-occitana.org\/oc\/produch\/je-me-souviens-limoges-ten-rapelas\/","title":{"rendered":"Je me souviens Limoges te&#8217;n rapelas ?"},"content":{"rendered":"<p>Ce beau petit livre \u00e9crit par Melhau et imag\u00e9 par Sim\u00e9onin, ne porte rien de moins que la m\u00e9moire limougeaude, tant r\u00eav\u00e9e qu\u2019av\u00e9r\u00e9e, sans un souci trop excessif de chronologie.<\/p>\n<p>On lit, en 4e de couverture, et entre autres choses : \u00ab <em>Lo Jan-Marc de chas Simeonin e lo Jan dau Melhau son los fruchs (madurs) dau maridatge mistic de la senta Valeria e dau sent Mar\u00e7au&#8230; Ne&#8217;n sigueren beleu pas los prumiers nascuts mas ne&#8217;n son plan segur los darriers vius. E coma lor an balhat per pairin lo Gigant Gerjan, son enquera qu\u00ed per n&#8217;eternitat n&#8217;autra&#8230;<\/em> Jan-Marc Simeonin et Jan dau Melhau sont les fruits (m\u00fbrs) du mariage mystique de sainte Val\u00e9rie et de saint Martial. Ils n\u2019en furent peut-\u00eatre pas les premiers-n\u00e9s mais en sont assur\u00e9ment les derniers vivants. Et comme on leur a donn\u00e9 pour parrain le g\u00e9ant Gargan, ils sont encore l\u00e0 pour bon nombre d\u2019\u00e9ternit\u00e9s\u2026 \u00bb Et plus loin : \u00ab <em>Lo Simeonin e lo Melhau demoren de naisser, mas an bon esper, que compten pus lors m\u00f2rts.<\/em> Simeonin et Melhau sont encore \u00e0 na\u00eetre, mais ont bon espoir, ne comptant plus leurs morts. \u00bb<\/p>\n<p>En fran\u00e7ais et en occitan avec traduction fran\u00e7aise.<\/p>\n","protected":false},"excerpt":{"rendered":"<p>Ce beau petit livre \u00e9crit par Melhau et imag\u00e9 par Sim\u00e9onin, ne porte rien de moins que la m\u00e9moire limougeaude, tant r\u00eav\u00e9e qu\u2019av\u00e9r\u00e9e, sans un souci trop excessif de chronologie. On lit, en 4e de couverture, et entre autres choses : \u00ab Lo Jan-Marc de chas Simeonin e lo Jan dau Melhau son los fruchs [&hellip;]<\/p>\n","protected":false},"featured_media":27500,"template":"","meta":{"_acf_changed":false,"_genesis_hide_title":false,"_genesis_hide_breadcrumbs":false,"_genesis_hide_singular_image":false,"_genesis_hide_footer_widgets":false,"_genesis_custom_body_class":"","_genesis_custom_post_class":"","_genesis_layout":""},"product_brand":[],"product_cat":[7133,7175,7187],"product_tag":[],"class_list":{"0":"post-27499","1":"product","2":"type-product","3":"status-publish","4":"has-post-thumbnail","6":"product_cat-libres-oc","7":"product_cat-literatura-oc","8":"product_cat-temonhatges-memoris-oc","9":"pa_auteur-melhau-jan-dau-fr-oc","10":"pa_editeur-lo-chamin-de-sent-jaume-oc","11":"pa_illustrateur-simeonin-jan-marc-oc","12":"pa_langue-occitan-lemosin-oc","13":"pa_langue-occitan-francais-oc","14":"entry","16":"first","17":"instock","18":"shipping-taxable","19":"purchasable","20":"product-type-simple"},"acf":[],"_links":{"self":[{"href":"https:\/\/www.libraria-occitana.org\/oc\/wp-json\/wp\/v2\/product\/27499","targetHints":{"allow":["GET"]}}],"collection":[{"href":"https:\/\/www.libraria-occitana.org\/oc\/wp-json\/wp\/v2\/product"}],"about":[{"href":"https:\/\/www.libraria-occitana.org\/oc\/wp-json\/wp\/v2\/types\/product"}],"wp:featuredmedia":[{"embeddable":true,"href":"https:\/\/www.libraria-occitana.org\/oc\/wp-json\/wp\/v2\/media\/27500"}],"wp:attachment":[{"href":"https:\/\/www.libraria-occitana.org\/oc\/wp-json\/wp\/v2\/media?parent=27499"}],"wp:term":[{"taxonomy":"product_brand","embeddable":true,"href":"https:\/\/www.libraria-occitana.org\/oc\/wp-json\/wp\/v2\/product_brand?post=27499"},{"taxonomy":"product_cat","embeddable":true,"href":"https:\/\/www.libraria-occitana.org\/oc\/wp-json\/wp\/v2\/product_cat?post=27499"},{"taxonomy":"product_tag","embeddable":true,"href":"https:\/\/www.libraria-occitana.org\/oc\/wp-json\/wp\/v2\/product_tag?post=27499"}],"curies":[{"name":"wp","href":"https:\/\/api.w.org\/{rel}","templated":true}]}}