{"id":27504,"date":"1999-01-01T08:50:30","date_gmt":"1999-01-01T07:50:30","guid":{"rendered":"http:\/\/www.libraria-occitana.org\/all-products\/vues-anciennes-de-ventadour?lang=oc"},"modified":"2026-04-26T01:41:43","modified_gmt":"2026-04-25T23:41:43","slug":"vues-anciennes-de-ventadour","status":"publish","type":"product","link":"https:\/\/www.libraria-occitana.org\/oc\/produch\/vues-anciennes-de-ventadour\/","title":{"rendered":"Vues anciennes de Ventadour"},"content":{"rendered":"<p>La collection des plus anciennes images de Ventadour comment\u00e9es par des visiteurs du d\u00e9but du XXe si\u00e8cle.<\/p>\n<p>Deux lithographies et cinquante-trois cartes postales anciennes accompagn\u00e9es de textes de Carl Appel, L\u00e9on Billet, Alfred Laveix, Justin H. Smith et pr\u00e9sent\u00e9es par Luc de Goustine.<\/p>\n","protected":false},"excerpt":{"rendered":"<p>La collection des plus anciennes images de Ventadour comment\u00e9es par des visiteurs du d\u00e9but du XXe si\u00e8cle. Deux lithographies et cinquante-trois cartes postales anciennes accompagn\u00e9es de textes de Carl Appel, L\u00e9on Billet, Alfred Laveix, Justin H. Smith et pr\u00e9sent\u00e9es par Luc de Goustine.<\/p>\n","protected":false},"featured_media":27505,"template":"","meta":{"_acf_changed":false,"_genesis_hide_title":false,"_genesis_hide_breadcrumbs":false,"_genesis_hide_singular_image":false,"_genesis_hide_footer_widgets":false,"_genesis_custom_body_class":"","_genesis_custom_post_class":"","_genesis_layout":""},"product_brand":[],"product_cat":[7159,7149,7133],"product_tag":[],"class_list":{"0":"post-27504","1":"product","2":"type-product","3":"status-publish","4":"has-post-thumbnail","6":"product_cat-istoria-moderna-e-contemporala-oc","7":"product_cat-istoria-geografia-oc","8":"product_cat-libres-oc","9":"pa_auteur-goustine-luc-de-fr-oc","10":"pa_editeur-carrefour-ventadour-fr-oc","11":"pa_langue-francais-oc","12":"entry","14":"first","15":"outofstock","16":"shipping-taxable","17":"purchasable","18":"product-type-simple"},"acf":[],"_links":{"self":[{"href":"https:\/\/www.libraria-occitana.org\/oc\/wp-json\/wp\/v2\/product\/27504","targetHints":{"allow":["GET"]}}],"collection":[{"href":"https:\/\/www.libraria-occitana.org\/oc\/wp-json\/wp\/v2\/product"}],"about":[{"href":"https:\/\/www.libraria-occitana.org\/oc\/wp-json\/wp\/v2\/types\/product"}],"wp:featuredmedia":[{"embeddable":true,"href":"https:\/\/www.libraria-occitana.org\/oc\/wp-json\/wp\/v2\/media\/27505"}],"wp:attachment":[{"href":"https:\/\/www.libraria-occitana.org\/oc\/wp-json\/wp\/v2\/media?parent=27504"}],"wp:term":[{"taxonomy":"product_brand","embeddable":true,"href":"https:\/\/www.libraria-occitana.org\/oc\/wp-json\/wp\/v2\/product_brand?post=27504"},{"taxonomy":"product_cat","embeddable":true,"href":"https:\/\/www.libraria-occitana.org\/oc\/wp-json\/wp\/v2\/product_cat?post=27504"},{"taxonomy":"product_tag","embeddable":true,"href":"https:\/\/www.libraria-occitana.org\/oc\/wp-json\/wp\/v2\/product_tag?post=27504"}],"curies":[{"name":"wp","href":"https:\/\/api.w.org\/{rel}","templated":true}]}}