{"id":27514,"date":"1998-04-01T11:57:38","date_gmt":"1998-04-01T10:57:38","guid":{"rendered":"http:\/\/www.libraria-occitana.org\/all-products\/le-limousin-et-la-marche-anthologie-illustree-lemouzi-n146?lang=oc"},"modified":"2026-04-29T03:36:32","modified_gmt":"2026-04-29T01:36:32","slug":"le-limousin-et-la-marche-anthologie-illustree-lemouzi-n146","status":"publish","type":"product","link":"https:\/\/www.libraria-occitana.org\/oc\/produch\/le-limousin-et-la-marche-anthologie-illustree-lemouzi-n146\/","title":{"rendered":"Le Limousin et la Marche : Anthologie illustr\u00e9e \/ Lemouzi N\u00b0146"},"content":{"rendered":"<p>Anthologie illustr\u00e9e (121 gravures), pr\u00e9c\u00e9d\u00e9e d&#8217;une \u00e9tude g\u00e9ographique, historique et ethnographique.<\/p>\n","protected":false},"excerpt":{"rendered":"<p>Anthologie illustr\u00e9e (121 gravures), pr\u00e9c\u00e9d\u00e9e d&#8217;une \u00e9tude g\u00e9ographique, historique et ethnographique.<\/p>\n","protected":false},"featured_media":27515,"template":"","meta":{"_acf_changed":false,"_genesis_hide_title":false,"_genesis_hide_breadcrumbs":false,"_genesis_hide_singular_image":false,"_genesis_hide_footer_widgets":false,"_genesis_custom_body_class":"","_genesis_custom_post_class":"","_genesis_layout":""},"product_brand":[],"product_cat":[7189,7133,7175],"product_tag":[],"class_list":{"0":"post-27514","1":"product","2":"type-product","3":"status-publish","4":"has-post-thumbnail","6":"product_cat-estudis-literaris-oc","7":"product_cat-libres-oc","8":"product_cat-literatura-oc","9":"pa_auteur-nouaillac-joseph-oc","10":"pa_editeur-lemouzi-oc","11":"pa_langue-francais-oc","12":"entry","14":"first","15":"instock","16":"shipping-taxable","17":"purchasable","18":"product-type-simple"},"acf":[],"_links":{"self":[{"href":"https:\/\/www.libraria-occitana.org\/oc\/wp-json\/wp\/v2\/product\/27514","targetHints":{"allow":["GET"]}}],"collection":[{"href":"https:\/\/www.libraria-occitana.org\/oc\/wp-json\/wp\/v2\/product"}],"about":[{"href":"https:\/\/www.libraria-occitana.org\/oc\/wp-json\/wp\/v2\/types\/product"}],"wp:featuredmedia":[{"embeddable":true,"href":"https:\/\/www.libraria-occitana.org\/oc\/wp-json\/wp\/v2\/media\/27515"}],"wp:attachment":[{"href":"https:\/\/www.libraria-occitana.org\/oc\/wp-json\/wp\/v2\/media?parent=27514"}],"wp:term":[{"taxonomy":"product_brand","embeddable":true,"href":"https:\/\/www.libraria-occitana.org\/oc\/wp-json\/wp\/v2\/product_brand?post=27514"},{"taxonomy":"product_cat","embeddable":true,"href":"https:\/\/www.libraria-occitana.org\/oc\/wp-json\/wp\/v2\/product_cat?post=27514"},{"taxonomy":"product_tag","embeddable":true,"href":"https:\/\/www.libraria-occitana.org\/oc\/wp-json\/wp\/v2\/product_tag?post=27514"}],"curies":[{"name":"wp","href":"https:\/\/api.w.org\/{rel}","templated":true}]}}