{"id":27518,"date":"1998-01-01T14:56:06","date_gmt":"1998-01-01T13:56:06","guid":{"rendered":"http:\/\/www.libraria-occitana.org\/all-products\/ces-enigmatiques-souterrains-limousins-la-haute-vienne-lemouzi-n145-bis?lang=oc"},"modified":"2026-04-29T04:06:58","modified_gmt":"2026-04-29T02:06:58","slug":"ces-enigmatiques-souterrains-limousins-la-haute-vienne-lemouzi-n145-bis","status":"publish","type":"product","link":"https:\/\/www.libraria-occitana.org\/oc\/produch\/ces-enigmatiques-souterrains-limousins-la-haute-vienne-lemouzi-n145-bis\/","title":{"rendered":"Ces \u00e9nigmatiques souterrains limousins : La Haute-Vienne \/ Lemouzi N\u00b0145 bis"},"content":{"rendered":"<p><a title=\"Les souterrains am\u00e9nag\u00e9s de la Corr\u00e8ze et de la Creuse \/ Lemouzi N\u00b0163 bis\" href=\"http:\/\/www.libraria-occitana.org\/all-products\/les-souterrains-amenages-de-la-correze-et-de-la-creuse-lemouzi-n163-bis\">Tome II : <em>Les souterrains am\u00e9nag\u00e9s de la Corr\u00e8ze et de la Creuse<\/em> \/ <em>Lemouzi<\/em> N\u00b0163 bis<\/a><\/p>\n","protected":false},"excerpt":{"rendered":"<p>Tome II : Les souterrains am\u00e9nag\u00e9s de la Corr\u00e8ze et de la Creuse \/ Lemouzi N\u00b0163 bis<\/p>\n","protected":false},"featured_media":27519,"template":"","meta":{"_acf_changed":false,"_genesis_hide_title":false,"_genesis_hide_breadcrumbs":false,"_genesis_hide_singular_image":false,"_genesis_hide_footer_widgets":false,"_genesis_custom_body_class":"","_genesis_custom_post_class":"","_genesis_layout":""},"product_brand":[],"product_cat":[7199,7133,7197],"product_tag":[],"class_list":{"0":"post-27518","1":"product","2":"type-product","3":"status-publish","4":"has-post-thumbnail","6":"product_cat-guides-torisme-viatge-oc","7":"product_cat-libres-oc","8":"product_cat-natura-torisme-oc","9":"pa_auteur-saumande-pierre-oc","10":"pa_editeur-lemouzi-oc","11":"pa_langue-francais-oc","12":"entry","14":"first","15":"instock","16":"shipping-taxable","17":"purchasable","18":"product-type-simple"},"acf":[],"_links":{"self":[{"href":"https:\/\/www.libraria-occitana.org\/oc\/wp-json\/wp\/v2\/product\/27518","targetHints":{"allow":["GET"]}}],"collection":[{"href":"https:\/\/www.libraria-occitana.org\/oc\/wp-json\/wp\/v2\/product"}],"about":[{"href":"https:\/\/www.libraria-occitana.org\/oc\/wp-json\/wp\/v2\/types\/product"}],"wp:featuredmedia":[{"embeddable":true,"href":"https:\/\/www.libraria-occitana.org\/oc\/wp-json\/wp\/v2\/media\/27519"}],"wp:attachment":[{"href":"https:\/\/www.libraria-occitana.org\/oc\/wp-json\/wp\/v2\/media?parent=27518"}],"wp:term":[{"taxonomy":"product_brand","embeddable":true,"href":"https:\/\/www.libraria-occitana.org\/oc\/wp-json\/wp\/v2\/product_brand?post=27518"},{"taxonomy":"product_cat","embeddable":true,"href":"https:\/\/www.libraria-occitana.org\/oc\/wp-json\/wp\/v2\/product_cat?post=27518"},{"taxonomy":"product_tag","embeddable":true,"href":"https:\/\/www.libraria-occitana.org\/oc\/wp-json\/wp\/v2\/product_tag?post=27518"}],"curies":[{"name":"wp","href":"https:\/\/api.w.org\/{rel}","templated":true}]}}