{"id":27535,"date":"2000-08-01T17:00:56","date_gmt":"2000-08-01T16:00:56","guid":{"rendered":"http:\/\/www.libraria-occitana.org\/all-products\/los-uelhs-sus-terra?lang=oc"},"modified":"2026-04-18T03:41:58","modified_gmt":"2026-04-18T01:41:58","slug":"los-uelhs-sus-terra","status":"publish","type":"product","link":"https:\/\/www.libraria-occitana.org\/oc\/produch\/los-uelhs-sus-terra\/","title":{"rendered":"Los uelhs sus terra"},"content":{"rendered":"<p>Benedicta Bonnet : nascuda en 1964, d&#8217;una familha d&#8217;agricultors de Sent-Alari prep de Nei\u00e7on. Apr\u00e8s lo liceu de Sent-Ireis e un DEUG a la Facultat de Sci\u00e9ncias Umanas de Lem\u00f2tges, a dietz-e-n\u00f2u ans es &#8220;montada&#8221; trabalhar a Par\u00eds.<\/p>\n<p>Tornada au pa\u00eds au bot de dietz ans, en 1993, a tornat trobar au c\u00f2p, la natura, lo mitan rurau, e la lenga de son enfan\u00e7a.<\/p>\n<p>Quo es la chucada d&#8217;una sensibilitat esmiraudiada davant lo pa\u00eds aimat, los remembres de l&#8217;enfan\u00e7a enquera pr\u00f2cha, la vita que se drueba, que s&#8217;exprimen dins los poemas e los corts textes de pr\u00f2sa recampats per lo prumier c\u00f2p dins queu recuelh.<\/p>\n<p>Los prumiers son pareguts dins la revuda <em>La Clau lemosina<\/em> en 1999. Presentats au concors &#8220;Escriure en lenga d&#8217;\u00f2c&#8221; organisat per Leis Amics de Mesclum a Nimes lo 20 de mai 2000, an vaugut a l&#8217;autor la tresesma pla\u00e7a dau Premi J\u00f2rge Rebol.<\/p>\n","protected":false},"excerpt":{"rendered":"<p>Benedicta Bonnet : nascuda en 1964, d&#8217;una familha d&#8217;agricultors de Sent-Alari prep de Nei\u00e7on. Apr\u00e8s lo liceu de Sent-Ireis e un DEUG a la Facultat de Sci\u00e9ncias Umanas de Lem\u00f2tges, a dietz-e-n\u00f2u ans es &#8220;montada&#8221; trabalhar a Par\u00eds. Tornada au pa\u00eds au bot de dietz ans, en 1993, a tornat trobar au c\u00f2p, la natura, [&hellip;]<\/p>\n","protected":false},"featured_media":27536,"template":"","meta":{"_acf_changed":false,"_genesis_hide_title":false,"_genesis_hide_breadcrumbs":false,"_genesis_hide_singular_image":false,"_genesis_hide_footer_widgets":false,"_genesis_custom_body_class":"","_genesis_custom_post_class":"","_genesis_layout":""},"product_brand":[],"product_cat":[7133,7175,7181],"product_tag":[],"class_list":{"0":"post-27535","1":"product","2":"type-product","3":"status-publish","4":"has-post-thumbnail","6":"product_cat-libres-oc","7":"product_cat-literatura-oc","8":"product_cat-poesia-oc","9":"pa_auteur-bonnet-benedicta-oc","10":"pa_editeur-ieo-perigord-novelum-oc","11":"pa_langue-occitan-oc","12":"pa_langue-occitan-lemosin-oc","13":"entry","15":"first","16":"instock","17":"shipping-taxable","18":"purchasable","19":"product-type-simple"},"acf":[],"_links":{"self":[{"href":"https:\/\/www.libraria-occitana.org\/oc\/wp-json\/wp\/v2\/product\/27535","targetHints":{"allow":["GET"]}}],"collection":[{"href":"https:\/\/www.libraria-occitana.org\/oc\/wp-json\/wp\/v2\/product"}],"about":[{"href":"https:\/\/www.libraria-occitana.org\/oc\/wp-json\/wp\/v2\/types\/product"}],"wp:featuredmedia":[{"embeddable":true,"href":"https:\/\/www.libraria-occitana.org\/oc\/wp-json\/wp\/v2\/media\/27536"}],"wp:attachment":[{"href":"https:\/\/www.libraria-occitana.org\/oc\/wp-json\/wp\/v2\/media?parent=27535"}],"wp:term":[{"taxonomy":"product_brand","embeddable":true,"href":"https:\/\/www.libraria-occitana.org\/oc\/wp-json\/wp\/v2\/product_brand?post=27535"},{"taxonomy":"product_cat","embeddable":true,"href":"https:\/\/www.libraria-occitana.org\/oc\/wp-json\/wp\/v2\/product_cat?post=27535"},{"taxonomy":"product_tag","embeddable":true,"href":"https:\/\/www.libraria-occitana.org\/oc\/wp-json\/wp\/v2\/product_tag?post=27535"}],"curies":[{"name":"wp","href":"https:\/\/api.w.org\/{rel}","templated":true}]}}