{"id":27548,"date":"2000-02-01T18:05:35","date_gmt":"2000-02-01T17:05:35","guid":{"rendered":"http:\/\/www.libraria-occitana.org\/all-products\/les-chants-de-giraut-de-bornelh-troubadour-du-xiie-siecle-lemouzi-n153-bis?lang=oc"},"modified":"2026-04-17T02:41:37","modified_gmt":"2026-04-17T00:41:37","slug":"les-chants-de-giraut-de-bornelh-troubadour-du-xiie-siecle-lemouzi-n153-bis","status":"publish","type":"product","link":"https:\/\/www.libraria-occitana.org\/oc\/produch\/les-chants-de-giraut-de-bornelh-troubadour-du-xiie-siecle-lemouzi-n153-bis\/","title":{"rendered":"Les chants de Giraut de Bornelh : Troubadour du XIIe si\u00e8cle \/ Lemouzi N\u00b0153 bis"},"content":{"rendered":"<p>\u00c9dition critique d&#8217;une s\u00e9lection de po\u00e8mes de Giraut de Bornelh.<\/p>\n","protected":false},"excerpt":{"rendered":"<p>\u00c9dition critique d&#8217;une s\u00e9lection de po\u00e8mes de Giraut de Bornelh.<\/p>\n","protected":false},"featured_media":27549,"template":"","meta":{"_acf_changed":false,"_genesis_hide_title":false,"_genesis_hide_breadcrumbs":false,"_genesis_hide_singular_image":false,"_genesis_hide_footer_widgets":false,"_genesis_custom_body_class":"","_genesis_custom_post_class":"","_genesis_layout":""},"product_brand":[],"product_cat":[7189,7133,7175],"product_tag":[],"class_list":{"0":"post-27548","1":"product","2":"type-product","3":"status-publish","4":"has-post-thumbnail","6":"product_cat-estudis-literaris-oc","7":"product_cat-libres-oc","8":"product_cat-literatura-oc","9":"pa_auteur-peyrebrune-georges-oc","10":"pa_editeur-lemouzi-oc","11":"pa_langue-occitan-medievau-oc","12":"pa_langue-occitan-francais-oc","13":"entry","15":"first","16":"instock","17":"shipping-taxable","18":"purchasable","19":"product-type-simple"},"acf":[],"_links":{"self":[{"href":"https:\/\/www.libraria-occitana.org\/oc\/wp-json\/wp\/v2\/product\/27548","targetHints":{"allow":["GET"]}}],"collection":[{"href":"https:\/\/www.libraria-occitana.org\/oc\/wp-json\/wp\/v2\/product"}],"about":[{"href":"https:\/\/www.libraria-occitana.org\/oc\/wp-json\/wp\/v2\/types\/product"}],"wp:featuredmedia":[{"embeddable":true,"href":"https:\/\/www.libraria-occitana.org\/oc\/wp-json\/wp\/v2\/media\/27549"}],"wp:attachment":[{"href":"https:\/\/www.libraria-occitana.org\/oc\/wp-json\/wp\/v2\/media?parent=27548"}],"wp:term":[{"taxonomy":"product_brand","embeddable":true,"href":"https:\/\/www.libraria-occitana.org\/oc\/wp-json\/wp\/v2\/product_brand?post=27548"},{"taxonomy":"product_cat","embeddable":true,"href":"https:\/\/www.libraria-occitana.org\/oc\/wp-json\/wp\/v2\/product_cat?post=27548"},{"taxonomy":"product_tag","embeddable":true,"href":"https:\/\/www.libraria-occitana.org\/oc\/wp-json\/wp\/v2\/product_tag?post=27548"}],"curies":[{"name":"wp","href":"https:\/\/api.w.org\/{rel}","templated":true}]}}