{"id":27552,"date":"2000-01-01T17:54:43","date_gmt":"2000-01-01T16:54:43","guid":{"rendered":"http:\/\/www.libraria-occitana.org\/all-products\/aci-quem-reis-mossur?lang=oc"},"modified":"2026-04-29T02:26:42","modified_gmt":"2026-04-29T00:26:42","slug":"aci-quem-reis-mossur","status":"publish","type":"product","link":"https:\/\/www.libraria-occitana.org\/oc\/produch\/aci-quem-reis-mossur\/","title":{"rendered":"Ac\u00ed qu\u2019\u00e8m Reis, Mossur !"},"content":{"rendered":"<p><strong>Jean-Claude Arroseres\u00a0:<\/strong> violon, guimbardes<br \/>\n<strong>David Baudoin :<\/strong> Accord\u00e9on diatonique<br \/>\n<strong>Jacques Baudoin :<\/strong> Boha, caram\u00e8ra, clarinette rustique, violon<br \/>\n<strong>Mathieu Baudoin :<\/strong>\u00a0Caram\u00e8ra, fl\u00fbtes \u00e0 trois trous, guimbardes<br \/>\n<strong>Thomas Baudoin :<\/strong>\u00a0Boha, caram\u00e8ra, fl\u00fbtes \u00e0 trois trous et tambourin \u00e0 cordes, guimbardes<\/p>\n<p>Et pour tous, chants et percussions : bramatopin, tricanetas et bambous.<\/p>\n<p>Chants interpr\u00e9t\u00e9s avec l\u2019aide de Michel Arroseres, Maryvonne Baudoin, Marianne Evezard et Sylvie Tournemouli. Voix additionnelles par Marie-H\u00e9l\u00e8ne Arroseres.<\/p>\n<p><strong>[fr]<\/strong><em><br \/>\nAc\u00ed qu\u2019\u00e8m Reis, Mossur !<\/em><span style=\"font-size: 16px\"> d\u00e9crit la vie des landais \u00e0 travers des chants recueillis au d\u00e9but du si\u00e8cle dernier par F\u00e9lix Arnaudin : chants d\u2019amour, de mariage ou de carnaval, complaintes, rondeaux, congos\u2026<\/span><\/p>\n<p>Les instruments sont ceux de la tradition landaise : violon, guimbarde, caremera, clarinette rustique, fl\u00fbtes, vielle \u00e0 roue, accord\u00e9ons diatoniques et bohas.<\/p>\n<p><strong>[en]<br \/>\n<\/strong><em>Ac\u00ed qu\u2019\u00e8m Reis, Mossur !<\/em> dedicated to the Landes de Gascogne, describes the life of the inhabitants of the Landes through songs collected in the 19th century by F\u00e9lix Arnaudin : marriage songs, rondeaux, congos\u2026 (violin, Jew\u2019s harp, caremera, rustic clarinet, flutes, hurdy-gurdy, diatonic accordions and bohas. And we must not forget song and various percussions).<\/p>\n<p><strong>Titres :<\/strong><br \/>\n1. He ! Hilh\u00f2ta de del\u00e0 l\u2019aiga ! \/ Nau com jo e l\u2019auseron 5\u201925\u2033<br \/>\n2. A l\u2019entorn de ma meison 3\u201924\u2033<br \/>\n3. Shovada, shovada 4\u201931\u2033<br \/>\n4. Los caulets a l\u2019\u00f2li \/ Los motons son enrumats 3\u201933\u2033<br \/>\n5. Mardigr\u00e0s qu\u2019av\u00e8 soli\u00e8rs de pap\u00e8r 2\u201937\u2033<br \/>\n6. Carnaval qu\u2019es un brave \u00f2mi \/ Tu t\u2019en vas e jo damori 3\u201958\u2033<br \/>\n7. Anem Joana 4\u201905\u2033<br \/>\n8. Qu\u2019\u00e8i h\u00e8it l\u2019amor 3\u201918\u2033<br \/>\n9. La n\u00f2via n\u2019a la corona l\u2019i tomba 5\u201947\u2033<br \/>\n10. Escotisha \u00e0 \u201cHenry\u201d 3\u201902\u2033<br \/>\n11. Qui t\u2019a cargat la gala Marg\u00f2t \/ Quan la n\u00f2via se\u2019n va au lheit 2\u201936\u2033<br \/>\n12. Anueit toqueram lo p\u00e8 a la n\u00f2via 3\u201925\u2033<br \/>\n13. Au cast\u00e8th de Mossur Montaut 2\u201925\u2033<br \/>\n14. P\u00e8res e m\u00e8ras qui atz enfants 5\u201940\u2033<br \/>\n15. Nadau deus aulh\u00e8rs 3\u201938\u2033<br \/>\n16. Au prat de Larr\u00f2ca 4\u201957\u2033<\/p>\n","protected":false},"excerpt":{"rendered":"<p>Jean-Claude Arroseres\u00a0: violon, guimbardes David Baudoin : Accord\u00e9on diatonique Jacques Baudoin : Boha, caram\u00e8ra, clarinette rustique, violon Mathieu Baudoin :\u00a0Caram\u00e8ra, fl\u00fbtes \u00e0 trois trous, guimbardes Thomas Baudoin :\u00a0Boha, caram\u00e8ra, fl\u00fbtes \u00e0 trois trous et tambourin \u00e0 cordes, guimbardes Et pour tous, chants et percussions : bramatopin, tricanetas et bambous. Chants interpr\u00e9t\u00e9s avec l\u2019aide de Michel [&hellip;]<\/p>\n","protected":false},"featured_media":23457,"template":"","meta":{"_acf_changed":false,"_genesis_hide_title":false,"_genesis_hide_breadcrumbs":false,"_genesis_hide_singular_image":false,"_genesis_hide_footer_widgets":false,"_genesis_custom_body_class":"","_genesis_custom_post_class":"","_genesis_layout":""},"product_brand":[],"product_cat":[16683,7229],"product_tag":[],"class_list":{"0":"post-27552","1":"product","2":"type-product","3":"status-publish","4":"has-post-thumbnail","6":"product_cat-musica-oc","7":"product_cat-novela-tradicion-oc","8":"pa_auteur-adarron-oc","9":"pa_editeur-adarron-fr-oc","10":"pa_langue-occitan-oc","11":"pa_langue-occitan-gascon-oc","12":"entry","14":"first","15":"instock","16":"shipping-taxable","17":"purchasable","18":"product-type-simple"},"acf":[],"_links":{"self":[{"href":"https:\/\/www.libraria-occitana.org\/oc\/wp-json\/wp\/v2\/product\/27552","targetHints":{"allow":["GET"]}}],"collection":[{"href":"https:\/\/www.libraria-occitana.org\/oc\/wp-json\/wp\/v2\/product"}],"about":[{"href":"https:\/\/www.libraria-occitana.org\/oc\/wp-json\/wp\/v2\/types\/product"}],"wp:featuredmedia":[{"embeddable":true,"href":"https:\/\/www.libraria-occitana.org\/oc\/wp-json\/wp\/v2\/media\/23457"}],"wp:attachment":[{"href":"https:\/\/www.libraria-occitana.org\/oc\/wp-json\/wp\/v2\/media?parent=27552"}],"wp:term":[{"taxonomy":"product_brand","embeddable":true,"href":"https:\/\/www.libraria-occitana.org\/oc\/wp-json\/wp\/v2\/product_brand?post=27552"},{"taxonomy":"product_cat","embeddable":true,"href":"https:\/\/www.libraria-occitana.org\/oc\/wp-json\/wp\/v2\/product_cat?post=27552"},{"taxonomy":"product_tag","embeddable":true,"href":"https:\/\/www.libraria-occitana.org\/oc\/wp-json\/wp\/v2\/product_tag?post=27552"}],"curies":[{"name":"wp","href":"https:\/\/api.w.org\/{rel}","templated":true}]}}