{"id":27570,"date":"2001-08-01T16:18:56","date_gmt":"2001-08-01T15:18:56","guid":{"rendered":"http:\/\/www.libraria-occitana.org\/all-products\/le-monument-delpastre-de-marc-petit-a-aixe-sur-vienne-par-jan-dau-melhau?lang=oc"},"modified":"2026-04-17T02:41:33","modified_gmt":"2026-04-17T00:41:33","slug":"le-monument-delpastre-de-marc-petit-a-aixe-sur-vienne-par-jan-dau-melhau","status":"publish","type":"product","link":"https:\/\/www.libraria-occitana.org\/oc\/produch\/le-monument-delpastre-de-marc-petit-a-aixe-sur-vienne-par-jan-dau-melhau\/","title":{"rendered":"Le monument Delpastre de Marc Petit \u00e0 Aixe-sur-Vienne, par Jan dau Melhau"},"content":{"rendered":"<p>Une petite brochure bien utile pour aider \u00e0 comprendre une\u00a0\u0153uvre d\u00e9rangeante et contest\u00e9e, une invitation surtout \u00e0 l&#8217;aller voir et admirer, au-del\u00e0 de ses pourquoi et de ses comment.<\/p>\n","protected":false},"excerpt":{"rendered":"<p>Une petite brochure bien utile pour aider \u00e0 comprendre une\u00a0\u0153uvre d\u00e9rangeante et contest\u00e9e, une invitation surtout \u00e0 l&#8217;aller voir et admirer, au-del\u00e0 de ses pourquoi et de ses comment.<\/p>\n","protected":false},"featured_media":27571,"template":"","meta":{"_acf_changed":false,"_genesis_hide_title":false,"_genesis_hide_breadcrumbs":false,"_genesis_hide_singular_image":false,"_genesis_hide_footer_widgets":false,"_genesis_custom_body_class":"","_genesis_custom_post_class":"","_genesis_layout":""},"product_brand":[],"product_cat":[7189,7133,7175],"product_tag":[],"class_list":{"0":"post-27570","1":"product","2":"type-product","3":"status-publish","4":"has-post-thumbnail","6":"product_cat-estudis-literaris-oc","7":"product_cat-libres-oc","8":"product_cat-literatura-oc","9":"pa_auteur-melhau-jan-dau-fr-oc","10":"pa_editeur-lo-chamin-de-sent-jaume-oc","11":"pa_editeur-plein-chant-oc","12":"pa_langue-francais-oc","13":"entry","15":"first","16":"instock","17":"shipping-taxable","18":"purchasable","19":"product-type-simple"},"acf":[],"_links":{"self":[{"href":"https:\/\/www.libraria-occitana.org\/oc\/wp-json\/wp\/v2\/product\/27570","targetHints":{"allow":["GET"]}}],"collection":[{"href":"https:\/\/www.libraria-occitana.org\/oc\/wp-json\/wp\/v2\/product"}],"about":[{"href":"https:\/\/www.libraria-occitana.org\/oc\/wp-json\/wp\/v2\/types\/product"}],"wp:featuredmedia":[{"embeddable":true,"href":"https:\/\/www.libraria-occitana.org\/oc\/wp-json\/wp\/v2\/media\/27571"}],"wp:attachment":[{"href":"https:\/\/www.libraria-occitana.org\/oc\/wp-json\/wp\/v2\/media?parent=27570"}],"wp:term":[{"taxonomy":"product_brand","embeddable":true,"href":"https:\/\/www.libraria-occitana.org\/oc\/wp-json\/wp\/v2\/product_brand?post=27570"},{"taxonomy":"product_cat","embeddable":true,"href":"https:\/\/www.libraria-occitana.org\/oc\/wp-json\/wp\/v2\/product_cat?post=27570"},{"taxonomy":"product_tag","embeddable":true,"href":"https:\/\/www.libraria-occitana.org\/oc\/wp-json\/wp\/v2\/product_tag?post=27570"}],"curies":[{"name":"wp","href":"https:\/\/api.w.org\/{rel}","templated":true}]}}