{"id":27582,"date":"2001-01-01T10:53:43","date_gmt":"2001-01-01T09:53:43","guid":{"rendered":"http:\/\/www.libraria-occitana.org\/all-products\/atlas-sonore-au-pays-des-trois-rivieres-creuse-thaurion-gartempe?lang=oc"},"modified":"2026-04-29T05:36:37","modified_gmt":"2026-04-29T03:36:37","slug":"atlas-sonore-au-pays-des-trois-rivieres-creuse-thaurion-gartempe","status":"publish","type":"product","link":"https:\/\/www.libraria-occitana.org\/oc\/produch\/atlas-sonore-au-pays-des-trois-rivieres-creuse-thaurion-gartempe\/","title":{"rendered":"Atlas sonore : Au pays des trois rivi\u00e8res, Creuse, Thaurion, Gartempe"},"content":{"rendered":"<p>Au pays des 3 rivi\u00e8res, on se souvient de l\u2019arriv\u00e9e au d\u00e9but des ann\u00e9es 30, d\u2019italiens fuyant le fascisme venus au pays casser les rochers ronds de granit.<br \/>\nSi le paysage a gard\u00e9 les traces de cette exploitation, les t\u00eates r\u00e9sonnent encore des chants, des danses, des histoires, de l\u2019ambiance amen\u00e9e par cette population nouvelle.<\/p>\n<p><strong>Titres :<\/strong><br \/>\n1. Tango (extrait) : de et par M. Louis Michaud (accord\u00e9on chromatique) \/ ambiance sonore &#8220;marche et cheval&#8221; par M. Raymond Arthur<br \/>\n2. L\u2019apprentissage de la musique : par M. Camille Dufaut (r\u00e9cit)<br \/>\n3. Le Turlututu : par M. Camille Dufaut (accord\u00e9on chromatique)<br \/>\n4. L\u2019apprentissage de la musique : par M. Louis Michaud (r\u00e9cit)<br \/>\n5. Paso doble : par M. Louis Michaud (accord\u00e9on chromatique)<br \/>\n6. L\u2019apprentissage de la musique (suite) : par M. Louis Michaud (r\u00e9cit)<br \/>\n7. Tango : de et par M. Louis Michaud (accord\u00e9on chromatique)<br \/>\n8. Accord\u00e9on et banjo : par Marius Paties (r\u00e9cit)<br \/>\n9. Chanson de r\u00e9sistance : par M. Marius Paties (r\u00e9cit)<br \/>\n10. Accord\u00e9on et banjo : par M. Marius Paties (r\u00e9cit)<br \/>\n11. La mise en bouteille au ch\u00e2teau : chanson par M. Albert Poutout et M. Ren\u00e9 Lestrade<br \/>\n12. Les bals clandestins : par M. Albert Poutout (r\u00e9cit)<br \/>\n13. La Tacouillaude : valse de M. Georges &#8220;Jo&#8221; Carteron par M. Georges &#8220;Jo&#8221; Carteron (accord\u00e9on chromatique), Ren\u00e9 Lestrade (saxophone) et Daniel Margueritat (cabrette)<br \/>\n14. Les Bejous : par Mme Eliane Prunaud (r\u00e9cit)<br \/>\n15. La berg\u00e8re et le Seigneur : chanson par Mme Gilberte Couegnat<br \/>\n16. Paul et Fricasse : par M. Claude Prabonnaud (r\u00e9cit)<br \/>\n17. Bandiera rossa : chanson par Mme Emilia Dumeniaud<br \/>\n18. L\u2019arriv\u00e9e des Italiens : par M. Ars\u00e8ne Sallendrouze (r\u00e9cit)<br \/>\n19. Bandiera Rossa : chanson par Mme Emilia Dumeniaud<br \/>\n20 L\u2019exploitation des rochers de granit : par M. St\u00e9phane Delprato (r\u00e9cit)<br \/>\n21 La Chambige : chanson par Mme Eliane Prunaud<br \/>\n22. Les abeilles et le rhumatologue : par Mme Camille Dufaut (r\u00e9cit)<br \/>\n23. La femme au cimeti\u00e8re : conte par Mme Jeanine Chezlebout<br \/>\n24. Chanson pour le Dr Vincent 1 : par Marius et L\u00e9one Paties<br \/>\n25. &#8220;Le Dr Vincent&#8221; : par Mme L\u00e9one Patius (r\u00e9cit)<br \/>\n26. Chanson pour le Dr Vincent 2 : : par Marius et L\u00e9one Paties<br \/>\n27. Les ma\u00e7ons de la Creuse : chanson par M. Ars\u00e8ne Sallendrouze<br \/>\n28. Fran\u00e7ois Michaud, sculpteur \u00e0 Masgot : par M. Raymond Arthur<br \/>\n29. Bourr\u00e9es par Mme Eliane Prunaud (chant)<br \/>\n30. Ambiance sonore &#8220;La cl\u00e9 de Chapelle de la Borne&#8221; par M. Jean Loulergue \/ Tango : de et par M. Louis Michaud (accord\u00e9on chromatique)<\/p>\n","protected":false},"excerpt":{"rendered":"<p>Au pays des 3 rivi\u00e8res, on se souvient de l\u2019arriv\u00e9e au d\u00e9but des ann\u00e9es 30, d\u2019italiens fuyant le fascisme venus au pays casser les rochers ronds de granit. Si le paysage a gard\u00e9 les traces de cette exploitation, les t\u00eates r\u00e9sonnent encore des chants, des danses, des histoires, de l\u2019ambiance amen\u00e9e par cette population nouvelle. [&hellip;]<\/p>\n","protected":false},"featured_media":36689,"template":"","meta":{"_acf_changed":false,"_genesis_hide_title":false,"_genesis_hide_breadcrumbs":false,"_genesis_hide_singular_image":false,"_genesis_hide_footer_widgets":false,"_genesis_custom_body_class":"","_genesis_custom_post_class":"","_genesis_layout":""},"product_brand":[],"product_cat":[16683,7237],"product_tag":[],"class_list":{"0":"post-27582","1":"product","2":"type-product","3":"status-publish","4":"has-post-thumbnail","6":"product_cat-musica-oc","7":"product_cat-tradicion-oc","8":"pa_auteur-collectiu-oc-2","9":"pa_editeur-crmtl-fr-oc","10":"pa_langue-francais-oc","11":"entry","13":"first","14":"instock","15":"shipping-taxable","16":"purchasable","17":"product-type-simple"},"acf":[],"_links":{"self":[{"href":"https:\/\/www.libraria-occitana.org\/oc\/wp-json\/wp\/v2\/product\/27582","targetHints":{"allow":["GET"]}}],"collection":[{"href":"https:\/\/www.libraria-occitana.org\/oc\/wp-json\/wp\/v2\/product"}],"about":[{"href":"https:\/\/www.libraria-occitana.org\/oc\/wp-json\/wp\/v2\/types\/product"}],"wp:featuredmedia":[{"embeddable":true,"href":"https:\/\/www.libraria-occitana.org\/oc\/wp-json\/wp\/v2\/media\/36689"}],"wp:attachment":[{"href":"https:\/\/www.libraria-occitana.org\/oc\/wp-json\/wp\/v2\/media?parent=27582"}],"wp:term":[{"taxonomy":"product_brand","embeddable":true,"href":"https:\/\/www.libraria-occitana.org\/oc\/wp-json\/wp\/v2\/product_brand?post=27582"},{"taxonomy":"product_cat","embeddable":true,"href":"https:\/\/www.libraria-occitana.org\/oc\/wp-json\/wp\/v2\/product_cat?post=27582"},{"taxonomy":"product_tag","embeddable":true,"href":"https:\/\/www.libraria-occitana.org\/oc\/wp-json\/wp\/v2\/product_tag?post=27582"}],"curies":[{"name":"wp","href":"https:\/\/api.w.org\/{rel}","templated":true}]}}