{"id":27593,"date":"2000-10-01T12:53:25","date_gmt":"2000-10-01T10:53:25","guid":{"rendered":"http:\/\/www.libraria-occitana.org\/all-products\/marcelle-delpastre-dossier-rassemble-presente-par-jan-dau-melhau-2?lang=oc"},"modified":"2026-04-20T03:46:16","modified_gmt":"2026-04-20T01:46:16","slug":"marcelle-delpastre-dossier-rassemble-presente-par-jan-dau-melhau-2","status":"publish","type":"product","link":"https:\/\/www.libraria-occitana.org\/oc\/produch\/marcelle-delpastre-dossier-rassemble-presente-par-jan-dau-melhau-2\/","title":{"rendered":"Marcelle Delpastre : Dossier rassembl\u00e9 &amp; pr\u00e9sent\u00e9 par Jan dau Melhau"},"content":{"rendered":"<p>Po\u00e8te et paysanne ainsi qu&#8217;elle aimait \u00e0 se d\u00e9finir, n\u00e9e en 1925 \u00e0 Chamberet en Limousin, Marcelle Delpastre y est morte en 1998 au terme d&#8217;un incomparable voyage immobile, laissant une \u0153uvre immense \u00e0 d\u00e9couvrir dont la part essentielle est d&#8217;ordre po\u00e9tique. Cultivant la terre, \u00e9levant les vaches, elle a, d&#8217;une plume inspir\u00e9e, patiente, insistante, m\u00eal\u00e9 en un f\u00e9cond mariage tragique la c\u00e9l\u00e9bration insatiable de la beaut\u00e9 du monde et de ses myst\u00e8res et la d\u00e9ploration exc\u00e9d\u00e9e de ses pauvres malheurs humains. Pour le reste &#8211; excusez du peu! -, \u00e9tonnante ethnologue de sa propre culture en sa proximit\u00e9 la plus \u00e9troite, les nouvelles perverses des ann\u00e9es 50, les libres chroniques des ann\u00e9es 80, sept gros volumes de m\u00e9moires, quelques chansons n\u00e9es dans l&#8217;odeur des bouses, et le dessin, la peinture, jusqu&#8217;\u00e0 ces merveilleux glands sculpt\u00e9s\u2026 Tous ceux qui l&#8217;ont connue se souviennent de son rire.<\/p>\n<p>En prolongement de l&#8217;exposition de 1999 \u00e0 la M\u00e9diath\u00e8que de Limoges cet important dossier retrace tout le cheminement et \u00e9voque tous les aspects de l&#8217;\u0153uvre de Marcelle Delpastre. Avec la participation de Micheu Chapduelh, Christian Bonnet, Luc de Goustine, Yves Rouquette, Alain Galan et Jan dau Melhau qui a coordonn\u00e9 l&#8217;ensemble. Nombreux textes, documents, photographies. Chronologie bio-bibliographique.<\/p>\n","protected":false},"excerpt":{"rendered":"<p>Po\u00e8te et paysanne ainsi qu&#8217;elle aimait \u00e0 se d\u00e9finir, n\u00e9e en 1925 \u00e0 Chamberet en Limousin, Marcelle Delpastre y est morte en 1998 au terme d&#8217;un incomparable voyage immobile, laissant une \u0153uvre immense \u00e0 d\u00e9couvrir dont la part essentielle est d&#8217;ordre po\u00e9tique. Cultivant la terre, \u00e9levant les vaches, elle a, d&#8217;une plume inspir\u00e9e, patiente, insistante, [&hellip;]<\/p>\n","protected":false},"featured_media":23781,"template":"","meta":{"_acf_changed":false,"_genesis_hide_title":false,"_genesis_hide_breadcrumbs":false,"_genesis_hide_singular_image":false,"_genesis_hide_footer_widgets":false,"_genesis_custom_body_class":"","_genesis_custom_post_class":"","_genesis_layout":""},"product_brand":[],"product_cat":[7189,7133,7175],"product_tag":[],"class_list":{"0":"post-27593","1":"product","2":"type-product","3":"status-publish","4":"has-post-thumbnail","6":"product_cat-estudis-literaris-oc","7":"product_cat-libres-oc","8":"product_cat-literatura-oc","9":"pa_auteur-collectiu-oc-2","10":"pa_auteur-melhau-jan-dau-fr-oc","11":"pa_editeur-plein-chant-oc","12":"pa_langue-francais-oc","13":"pa_langue-occitan-oc","14":"pa_langue-occitan-lemosin-oc","15":"entry","17":"first","18":"instock","19":"shipping-taxable","20":"purchasable","21":"product-type-simple"},"acf":[],"_links":{"self":[{"href":"https:\/\/www.libraria-occitana.org\/oc\/wp-json\/wp\/v2\/product\/27593","targetHints":{"allow":["GET"]}}],"collection":[{"href":"https:\/\/www.libraria-occitana.org\/oc\/wp-json\/wp\/v2\/product"}],"about":[{"href":"https:\/\/www.libraria-occitana.org\/oc\/wp-json\/wp\/v2\/types\/product"}],"wp:featuredmedia":[{"embeddable":true,"href":"https:\/\/www.libraria-occitana.org\/oc\/wp-json\/wp\/v2\/media\/23781"}],"wp:attachment":[{"href":"https:\/\/www.libraria-occitana.org\/oc\/wp-json\/wp\/v2\/media?parent=27593"}],"wp:term":[{"taxonomy":"product_brand","embeddable":true,"href":"https:\/\/www.libraria-occitana.org\/oc\/wp-json\/wp\/v2\/product_brand?post=27593"},{"taxonomy":"product_cat","embeddable":true,"href":"https:\/\/www.libraria-occitana.org\/oc\/wp-json\/wp\/v2\/product_cat?post=27593"},{"taxonomy":"product_tag","embeddable":true,"href":"https:\/\/www.libraria-occitana.org\/oc\/wp-json\/wp\/v2\/product_tag?post=27593"}],"curies":[{"name":"wp","href":"https:\/\/api.w.org\/{rel}","templated":true}]}}