{"id":27597,"date":"2002-09-01T12:10:21","date_gmt":"2002-09-01T11:10:21","guid":{"rendered":"http:\/\/www.libraria-occitana.org\/all-products\/les-souterrains-amenages-de-la-correze-et-de-la-creuse-lemouzi-n163-bis?lang=oc"},"modified":"2026-04-14T03:27:02","modified_gmt":"2026-04-14T01:27:02","slug":"les-souterrains-amenages-de-la-correze-et-de-la-creuse-lemouzi-n163-bis","status":"publish","type":"product","link":"https:\/\/www.libraria-occitana.org\/oc\/produch\/les-souterrains-amenages-de-la-correze-et-de-la-creuse-lemouzi-n163-bis\/","title":{"rendered":"Les souterrains am\u00e9nag\u00e9s de la Corr\u00e8ze et de la Creuse \/ Lemouzi N\u00b0163 bis"},"content":{"rendered":"<p>Un patrimoine arch\u00e9ologique qui dispara\u00eet en Limousin !<\/p>\n<p><a title=\"Ces \u00e9nigmatiques souterrains limousins : La Haute-Vienne \/ Lemouzi N\u00b0145 bis\" href=\"http:\/\/www.libraria-occitana.org\/all-products\/ces-enigmatiques-souterrains-limousins-la-haute-vienne-lemouzi-n145-bis\">Tome I : <em>Ces \u00e9nigmatiques souterrains limousins : La Haute-Vienne<\/em> \/ <em>Lemouzi<\/em> N\u00b0145 bis<\/a><\/p>\n","protected":false},"excerpt":{"rendered":"<p>Un patrimoine arch\u00e9ologique qui dispara\u00eet en Limousin ! Tome I : Ces \u00e9nigmatiques souterrains limousins : La Haute-Vienne \/ Lemouzi N\u00b0145 bis<\/p>\n","protected":false},"featured_media":27598,"template":"","meta":{"_acf_changed":false,"_genesis_hide_title":false,"_genesis_hide_breadcrumbs":false,"_genesis_hide_singular_image":false,"_genesis_hide_footer_widgets":false,"_genesis_custom_body_class":"","_genesis_custom_post_class":"","_genesis_layout":""},"product_brand":[],"product_cat":[7199,7133,7197],"product_tag":[],"class_list":{"0":"post-27597","1":"product","2":"type-product","3":"status-publish","4":"has-post-thumbnail","6":"product_cat-guides-torisme-viatge-oc","7":"product_cat-libres-oc","8":"product_cat-natura-torisme-oc","9":"pa_auteur-boudrie-h-oc","10":"pa_auteur-joudoux-robert-oc","11":"pa_auteur-saumande-pierre-oc","12":"pa_editeur-lemouzi-oc","13":"pa_langue-francais-oc","14":"entry","16":"first","17":"instock","18":"shipping-taxable","19":"purchasable","20":"product-type-simple"},"acf":[],"_links":{"self":[{"href":"https:\/\/www.libraria-occitana.org\/oc\/wp-json\/wp\/v2\/product\/27597","targetHints":{"allow":["GET"]}}],"collection":[{"href":"https:\/\/www.libraria-occitana.org\/oc\/wp-json\/wp\/v2\/product"}],"about":[{"href":"https:\/\/www.libraria-occitana.org\/oc\/wp-json\/wp\/v2\/types\/product"}],"wp:featuredmedia":[{"embeddable":true,"href":"https:\/\/www.libraria-occitana.org\/oc\/wp-json\/wp\/v2\/media\/27598"}],"wp:attachment":[{"href":"https:\/\/www.libraria-occitana.org\/oc\/wp-json\/wp\/v2\/media?parent=27597"}],"wp:term":[{"taxonomy":"product_brand","embeddable":true,"href":"https:\/\/www.libraria-occitana.org\/oc\/wp-json\/wp\/v2\/product_brand?post=27597"},{"taxonomy":"product_cat","embeddable":true,"href":"https:\/\/www.libraria-occitana.org\/oc\/wp-json\/wp\/v2\/product_cat?post=27597"},{"taxonomy":"product_tag","embeddable":true,"href":"https:\/\/www.libraria-occitana.org\/oc\/wp-json\/wp\/v2\/product_tag?post=27597"}],"curies":[{"name":"wp","href":"https:\/\/api.w.org\/{rel}","templated":true}]}}