{"id":27604,"date":"2002-06-01T09:37:11","date_gmt":"2002-06-01T08:37:11","guid":{"rendered":"http:\/\/www.libraria-occitana.org\/all-products\/ai-vist-lo-lop-etc?lang=oc"},"modified":"2026-04-16T05:26:38","modified_gmt":"2026-04-16T03:26:38","slug":"ai-vist-lo-lop-etc","status":"publish","type":"product","link":"https:\/\/www.libraria-occitana.org\/oc\/produch\/ai-vist-lo-lop-etc\/","title":{"rendered":"Ai vist lo lop, etc."},"content":{"rendered":"<p>142 \u00ab Airs de danse ou de marche limousins pour accord\u00e9on diatonique, chabrette ou autre cornemuse du centre, vielle \u00e0 roue, violon&#8230; \u00bb.<br \/>\nDes morceaux choisis parmi les plus \u00ab classiques \u00bb de collectes in\u00e9dites faites en Limousin, dont les d\u00e9tails figurent en fin d&#8217;ouvrage.<\/p>\n<p>En plus de la partition, de sa source, le premier couplet de la chanson est donn\u00e9 lorsqu&#8217;elle existe. \u00c0 c\u00f4t\u00e9 des couplets en occitan, figurent la prononciation et une traduction en fran\u00e7ais.<\/p>\n<p>Ce livre peut \u00eatre compl\u00e9t\u00e9 par le <a href=\"http:\/\/www.libraria-occitana.org\/produit\/ai-vist-lo-lop-etc-2\/\">CD <em>Ai vist lo lop, etc.<\/em><\/a><\/p>\n","protected":false},"excerpt":{"rendered":"<p>142 \u00ab Airs de danse ou de marche limousins pour accord\u00e9on diatonique, chabrette ou autre cornemuse du centre, vielle \u00e0 roue, violon&#8230; \u00bb. Des morceaux choisis parmi les plus \u00ab classiques \u00bb de collectes in\u00e9dites faites en Limousin, dont les d\u00e9tails figurent en fin d&#8217;ouvrage. En plus de la partition, de sa source, le premier [&hellip;]<\/p>\n","protected":false},"featured_media":36619,"template":"","meta":{"_acf_changed":false,"_genesis_hide_title":false,"_genesis_hide_breadcrumbs":false,"_genesis_hide_singular_image":false,"_genesis_hide_footer_widgets":false,"_genesis_custom_body_class":"","_genesis_custom_post_class":"","_genesis_layout":""},"product_brand":[],"product_cat":[7133,7191,7193],"product_tag":[],"class_list":{"0":"post-27604","1":"product","2":"type-product","3":"status-publish","4":"has-post-thumbnail","6":"product_cat-libres-oc","7":"product_cat-musica-danca-oc","8":"product_cat-particions-paraulas-de-chancons-oc","9":"pa_auteur-etay-francesa-oc","10":"pa_editeur-la-trad-bande-oc","11":"pa_langue-francais-oc","12":"pa_langue-occitan-oc","13":"pa_langue-occitan-lemosin-oc","14":"entry","16":"first","17":"instock","18":"shipping-taxable","19":"purchasable","20":"product-type-simple"},"acf":[],"_links":{"self":[{"href":"https:\/\/www.libraria-occitana.org\/oc\/wp-json\/wp\/v2\/product\/27604","targetHints":{"allow":["GET"]}}],"collection":[{"href":"https:\/\/www.libraria-occitana.org\/oc\/wp-json\/wp\/v2\/product"}],"about":[{"href":"https:\/\/www.libraria-occitana.org\/oc\/wp-json\/wp\/v2\/types\/product"}],"wp:featuredmedia":[{"embeddable":true,"href":"https:\/\/www.libraria-occitana.org\/oc\/wp-json\/wp\/v2\/media\/36619"}],"wp:attachment":[{"href":"https:\/\/www.libraria-occitana.org\/oc\/wp-json\/wp\/v2\/media?parent=27604"}],"wp:term":[{"taxonomy":"product_brand","embeddable":true,"href":"https:\/\/www.libraria-occitana.org\/oc\/wp-json\/wp\/v2\/product_brand?post=27604"},{"taxonomy":"product_cat","embeddable":true,"href":"https:\/\/www.libraria-occitana.org\/oc\/wp-json\/wp\/v2\/product_cat?post=27604"},{"taxonomy":"product_tag","embeddable":true,"href":"https:\/\/www.libraria-occitana.org\/oc\/wp-json\/wp\/v2\/product_tag?post=27604"}],"curies":[{"name":"wp","href":"https:\/\/api.w.org\/{rel}","templated":true}]}}