{"id":27614,"date":"2002-01-01T15:19:27","date_gmt":"2002-01-01T14:19:27","guid":{"rendered":"http:\/\/www.libraria-occitana.org\/all-products\/alfred-mouret-saint-donat-auvergne?lang=oc"},"modified":"2024-07-04T00:02:24","modified_gmt":"2024-07-03T22:02:24","slug":"alfred-mouret-saint-donat-auvergne","status":"publish","type":"product","link":"https:\/\/www.libraria-occitana.org\/oc\/produch\/alfred-mouret-saint-donat-auvergne\/","title":{"rendered":"Alfred Mouret, Saint-Donat (Auvergne)"},"content":{"rendered":"<p>Ce document permettra de faire conna\u00eetre \u00e0 un plus large public un des grands interpr\u00e8tes de violon traditionnel de l\u2019Artense, plateau pastoral qui s\u2019\u00e9tend au sud-ouest des Mont-d\u2019Ores aux confins de la Corr\u00e8ze, du Cantal et du Puy-de-D\u00f4me et dont l\u2019identit\u00e9 musicale est fortement marqu\u00e9e par une tradition de violoneux. L\u2019originalit\u00e9 de la musique d\u2019Alfred Mouret est faite d\u2019une grande m\u00e9moire des airs anciens locaux mais \u00e9galement d\u2019une forte cr\u00e9ativit\u00e9 musicale.<\/p>\n<p>CD accompagn\u00e9 d\u2019un livret de pr\u00e9sentation d\u2019une vingtaine de pages.<\/p>\n<p><strong>Titres :<\/strong><br \/>\n1. Bourr\u00e9e &#8220;Darrier los genebriers&#8221;<br \/>\n2. Chanson &#8220;L\u2019aiga de r\u00f2sa&#8221; \/ Suivie du r\u00e9cit &#8220;C\u2019\u00e9tait vieux du temps de mon p\u00e8re&#8221;<br \/>\n3. Bourr\u00e9e &#8220;N\u2019ai que cinc s\u00f2us&#8221;<br \/>\n4. L\u2019Anglars n\u2019a pas d\u2019ausels<br \/>\n5. Bourr\u00e9e &#8220;D\u2019ou venetz vos Piarre&#8221;<br \/>\n6. Marche de noce &#8220;L\u2019Anglars n\u2019a pas d\u2019auzi&#8221;<br \/>\n7. Bourr\u00e9e d\u2019Aug\u00e8res-Basses<br \/>\n8. R\u00e9cit &#8220;L\u2019Aveugle du Valbeleix&#8221;<br \/>\n9. Bourr\u00e9e de Tr\u00e9mouille<br \/>\n10. Mazurka &#8220;Mariton ton pucelatge&#8221;<br \/>\n11. Bourr\u00e9e au tralala<br \/>\n12. Polka &#8220;Le Quadrille des lanciers&#8221;<br \/>\n13. R\u00e9veillez &#8220;R\u00e9veillons, r\u00e9veillez&#8221;<br \/>\n14. R\u00e9cit &#8220;Les R\u00e9veillez&#8221;<br \/>\n15. Mazurka de Renou<br \/>\n16. Bourr\u00e9e d\u00e9compos\u00e9e<br \/>\n17. Bourr\u00e9e &#8220;Tant pire&#8221;<br \/>\n18. Bourr\u00e9e &#8220;Passa aqui&#8221;<br \/>\n19. R\u00e9cit : La &#8220;physique&#8221; et autres histoires&#8230;<br \/>\n20. Marche de noce de l\u2019Anglars<br \/>\n21. Bourr\u00e9e de son p\u00e8re<br \/>\n22. Polka du Chabrit de Bagnols<br \/>\n23. R\u00e9cit &#8220;Le battage du lin la barjajon&#8221;<br \/>\n24. Suite de scottishes &#8220;Plant&#8217; un chaul&#8221; &#8211; &#8220;Si z\u2019avi\u00e1 \u2019na mia&#8221;<br \/>\n25. Bourr\u00e9e &#8220;La Chabra bruna&#8221;<br \/>\n26. R\u00e9cit &#8220;Le bal endiabl\u00e9&#8221;<br \/>\n27. Bourr\u00e9e coul\u00e9e<br \/>\n28. Bourr\u00e9e de la Marguerite d\u2019Espinchal<br \/>\n29. Suite de Bourr\u00e9es &#8220;Al b\u00f2s de la Solhada&#8221; &#8211; &#8220;I eran un&#8230;&#8221;<br \/>\n30. Bourr\u00e9e du grand-p\u00e8re de Trenou<br \/>\n31. Bourr\u00e9e du voisin de La Morangie<br \/>\n32. R\u00e9cit d\u2019Eug\u00e8ne Amblard &#8220;Le p\u00e8re Mouret&#8221;<br \/>\n33. Bourr\u00e9e &#8220;Lo cocut chanta n\u00f2via&#8221;<br \/>\n34. Marche de noce &#8220;Paire, maire&#8221;<br \/>\n35. Mazurka de Mouret<br \/>\n36. R\u00e9cit &#8220;La partition de musique envoy\u00e9e \u00e0 Fran\u00e7ois Mouret&#8221;<br \/>\n37. Bourr\u00e9e &#8220;La beaucoup plus belle&#8230;&#8221;<br \/>\n38. Polka de Pierre l\u2019Ferblantier<br \/>\n39. Bourr\u00e9e &#8220;Allons au bois, Jeannette&#8221;<br \/>\n40. R\u00e9cit &#8220;Les veill\u00e9es et les bals&#8221;<br \/>\n41. Bourr\u00e9e deux tons<br \/>\n42. Polka de saint Donat<br \/>\n43. R\u00e9cit &#8220;Les foins&#8221;<br \/>\n44. Mazurka &#8220;La perte d&#8217;un amant&#8221;<br \/>\n45. Bourr\u00e9e des anciens &#8220;Janga Janeta&#8221;<br \/>\n46. La derni\u00e8re mazurka<br \/>\n47. R\u00e9cit &#8220;Le m\u00e9tier de violoneux&#8221;<\/p>\n","protected":false},"excerpt":{"rendered":"<p>Ce document permettra de faire conna\u00eetre \u00e0 un plus large public un des grands interpr\u00e8tes de violon traditionnel de l\u2019Artense, plateau pastoral qui s\u2019\u00e9tend au sud-ouest des Mont-d\u2019Ores aux confins de la Corr\u00e8ze, du Cantal et du Puy-de-D\u00f4me et dont l\u2019identit\u00e9 musicale est fortement marqu\u00e9e par une tradition de violoneux. L\u2019originalit\u00e9 de la musique d\u2019Alfred [&hellip;]<\/p>\n","protected":false},"featured_media":27615,"template":"","meta":{"_acf_changed":false,"_genesis_hide_title":false,"_genesis_hide_breadcrumbs":false,"_genesis_hide_singular_image":false,"_genesis_hide_footer_widgets":false,"_genesis_custom_body_class":"","_genesis_custom_post_class":"","_genesis_layout":""},"product_brand":[],"product_cat":[16683,7237],"product_tag":[],"class_list":{"0":"post-27614","1":"product","2":"type-product","3":"status-publish","4":"has-post-thumbnail","6":"product_cat-musica-oc","7":"product_cat-tradicion-oc","8":"pa_auteur-mouret-alfred-oc","9":"pa_editeur-modal-oc","10":"pa_langue-francais-oc","11":"pa_langue-occitan-oc","12":"pa_langue-occitan-auvernhat-oc","13":"entry","15":"first","16":"outofstock","17":"shipping-taxable","18":"purchasable","19":"product-type-simple"},"acf":[],"_links":{"self":[{"href":"https:\/\/www.libraria-occitana.org\/oc\/wp-json\/wp\/v2\/product\/27614","targetHints":{"allow":["GET"]}}],"collection":[{"href":"https:\/\/www.libraria-occitana.org\/oc\/wp-json\/wp\/v2\/product"}],"about":[{"href":"https:\/\/www.libraria-occitana.org\/oc\/wp-json\/wp\/v2\/types\/product"}],"wp:featuredmedia":[{"embeddable":true,"href":"https:\/\/www.libraria-occitana.org\/oc\/wp-json\/wp\/v2\/media\/27615"}],"wp:attachment":[{"href":"https:\/\/www.libraria-occitana.org\/oc\/wp-json\/wp\/v2\/media?parent=27614"}],"wp:term":[{"taxonomy":"product_brand","embeddable":true,"href":"https:\/\/www.libraria-occitana.org\/oc\/wp-json\/wp\/v2\/product_brand?post=27614"},{"taxonomy":"product_cat","embeddable":true,"href":"https:\/\/www.libraria-occitana.org\/oc\/wp-json\/wp\/v2\/product_cat?post=27614"},{"taxonomy":"product_tag","embeddable":true,"href":"https:\/\/www.libraria-occitana.org\/oc\/wp-json\/wp\/v2\/product_tag?post=27614"}],"curies":[{"name":"wp","href":"https:\/\/api.w.org\/{rel}","templated":true}]}}