{"id":27619,"date":"2001-10-01T12:33:19","date_gmt":"2001-10-01T11:33:19","guid":{"rendered":"http:\/\/www.libraria-occitana.org\/all-products\/la-langue-maltaise-et-la-romanite-lexiques-maltais-occitan?lang=oc"},"modified":"2026-04-29T06:11:42","modified_gmt":"2026-04-29T04:11:42","slug":"la-langue-maltaise-et-la-romanite-lexiques-maltais-occitan","status":"publish","type":"product","link":"https:\/\/www.libraria-occitana.org\/oc\/produch\/la-langue-maltaise-et-la-romanite-lexiques-maltais-occitan\/","title":{"rendered":"La Langue maltaise et la romanit\u00e9 : lexiques maltais \/ occitan"},"content":{"rendered":"<p>Situ\u00e9 \u00e0 93 km seulement de la Sicile et \u00e0 la latitude de la Tunisie, l\u2019archipel maltais comprend les \u00eeles de Malte, Gozo et Comino. Sur ses 316 km\u00b2 vivent 400.000 Maltais environ ; l\u2019urbanisation y est donc forte (plus de 1.000 habitants au km\u00b2). Sa capitale historique, \u00e9conomique, culturelle, religieuse est La Valette ; port extraordinaire, en plusieurs bassins profonds et bien \u00e9quip\u00e9s. La situation g\u00e9ographique n\u2019emp\u00eache pas Malte, terre tr\u00e8s europ\u00e9enne, de b\u00e9n\u00e9ficier de liaisons a\u00e9riennes et maritimes nombreuses avec l\u2019ensemble des pays occidentaux et m\u00e9diterran\u00e9ens. Les Maltais sont gens pond\u00e9r\u00e9s, organis\u00e9s, accueillants, travailleurs. Ils sont en g\u00e9n\u00e9ral bilingues ou trilingues ; parlant bien s\u00fbr le maltais, l\u2019anglais ; mais \u00e9galement l\u2019italien, le fran\u00e7ais&#8230; <\/p>\n<p>Le maltais est en grande partie une langue arabe \u00e9crite avec l\u2019alphabet roman, et Malte un laboratoire linguistique exceptionnel.<\/p>\n","protected":false},"excerpt":{"rendered":"<p>Situ\u00e9 \u00e0 93 km seulement de la Sicile et \u00e0 la latitude de la Tunisie, l\u2019archipel maltais comprend les \u00eeles de Malte, Gozo et Comino. Sur ses 316 km\u00b2 vivent 400.000 Maltais environ ; l\u2019urbanisation y est donc forte (plus de 1.000 habitants au km\u00b2). Sa capitale historique, \u00e9conomique, culturelle, religieuse est La Valette ; [&hellip;]<\/p>\n","protected":false},"featured_media":27620,"template":"","meta":{"_acf_changed":false,"_genesis_hide_title":false,"_genesis_hide_breadcrumbs":false,"_genesis_hide_singular_image":false,"_genesis_hide_footer_widgets":false,"_genesis_custom_body_class":"","_genesis_custom_post_class":"","_genesis_layout":""},"product_brand":[],"product_cat":[7139,7137,7133],"product_tag":[],"class_list":{"0":"post-27619","1":"product","2":"type-product","3":"status-publish","4":"has-post-thumbnail","6":"product_cat-diccionaris-gramaticas-oc","7":"product_cat-diccionaris-lenga-escolar-oc","8":"product_cat-libres-oc","9":"pa_auteur-lavalada-ives-oc","10":"pa_editeur-ieo-fr-oc","11":"pa_langue-francais-oc","12":"entry","14":"first","15":"outofstock","16":"shipping-taxable","17":"purchasable","18":"product-type-simple"},"acf":[],"_links":{"self":[{"href":"https:\/\/www.libraria-occitana.org\/oc\/wp-json\/wp\/v2\/product\/27619","targetHints":{"allow":["GET"]}}],"collection":[{"href":"https:\/\/www.libraria-occitana.org\/oc\/wp-json\/wp\/v2\/product"}],"about":[{"href":"https:\/\/www.libraria-occitana.org\/oc\/wp-json\/wp\/v2\/types\/product"}],"wp:featuredmedia":[{"embeddable":true,"href":"https:\/\/www.libraria-occitana.org\/oc\/wp-json\/wp\/v2\/media\/27620"}],"wp:attachment":[{"href":"https:\/\/www.libraria-occitana.org\/oc\/wp-json\/wp\/v2\/media?parent=27619"}],"wp:term":[{"taxonomy":"product_brand","embeddable":true,"href":"https:\/\/www.libraria-occitana.org\/oc\/wp-json\/wp\/v2\/product_brand?post=27619"},{"taxonomy":"product_cat","embeddable":true,"href":"https:\/\/www.libraria-occitana.org\/oc\/wp-json\/wp\/v2\/product_cat?post=27619"},{"taxonomy":"product_tag","embeddable":true,"href":"https:\/\/www.libraria-occitana.org\/oc\/wp-json\/wp\/v2\/product_tag?post=27619"}],"curies":[{"name":"wp","href":"https:\/\/api.w.org\/{rel}","templated":true}]}}