{"id":27623,"date":"2001-10-01T13:28:57","date_gmt":"2001-10-01T11:28:57","guid":{"rendered":"http:\/\/www.libraria-occitana.org\/all-products\/lo-mite-dau-chastenh-le-mythe-du-chataignier-libre-cd?lang=oc"},"modified":"2026-04-02T23:21:17","modified_gmt":"2026-04-02T21:21:17","slug":"lo-mite-dau-chastenh-le-mythe-du-chataignier-libre-cd","status":"publish","type":"product","link":"https:\/\/www.libraria-occitana.org\/oc\/produch\/lo-mite-dau-chastenh-le-mythe-du-chataignier-libre-cd\/","title":{"rendered":"Lo mite dau chastenh &#8211; Le mythe du ch\u00e2taignier (libre + CD)"},"content":{"rendered":"<p>\u00ab\u00a0Ils coupaient la branche morte et \u00e0 son pied grattelaient la terre hivernale.<br \/>\nEt le ch\u00e2tain-ch\u00e2taignier forcissait croissait, et c&#8217;\u00e9tait plaisir de le voir \u00e9tendre ses branches dans le ciel du pays de Turquie, et c&#8217;\u00e9tait bonheur d&#8217;entendre p\u00e9ter ses bogues en des bouquets de fruits qui sautaient dans la bouche des gens.<\/p>\n<p>E lo chastenh-chastanhier fortissia frotjava e quo era plaser de lo veire eissigar sas marns en lo ciau dau pa\u00eds de Turquia, e quo era bona\u00fcr d&#8217;auvir petar sos pelons en daus moquets de fruchas que lambavan dinc la g\u00f2rja dau monde.\u00a0\u00bb<\/p>\n<p>\u00ab\u00a0Nuirissia lo monde e lo monde l&#8217;onoravan de lor dan\u00e7a rondejaira, un c\u00f2p a la prima de sa flor e un c\u00f2p a la darriera de sa frucha.<br \/>\nIl nourrissait les gens et les gens l&#8217;honoraient de leur pri\u00e8re et de leur danse en forme de ronde, une fois au printemps de sa fleur et une fois \u00e0 l&#8217;automne de son fruit.<br \/>\nAinsi v\u00e9cu au pays de Turquie le ch\u00e2tain-ch\u00e2taignier deux ou trois \u00e9ternit\u00e9s.<\/p>\n<p>Aitau visquet au pa\u00eds de Turquia lo chastenh-chastanhier doas o tres eternitats. \u00bb<\/p>\n<p>Conte bilingue avec CD du texte lu par l&#8217;auteur.<\/p>\n","protected":false},"excerpt":{"rendered":"<p>\u00ab\u00a0Ils coupaient la branche morte et \u00e0 son pied grattelaient la terre hivernale. Et le ch\u00e2tain-ch\u00e2taignier forcissait croissait, et c&#8217;\u00e9tait plaisir de le voir \u00e9tendre ses branches dans le ciel du pays de Turquie, et c&#8217;\u00e9tait bonheur d&#8217;entendre p\u00e9ter ses bogues en des bouquets de fruits qui sautaient dans la bouche des gens. E lo [&hellip;]<\/p>\n","protected":false},"featured_media":27624,"template":"","meta":{"_acf_changed":false,"_genesis_hide_title":false,"_genesis_hide_breadcrumbs":false,"_genesis_hide_singular_image":false,"_genesis_hide_footer_widgets":false,"_genesis_custom_body_class":"","_genesis_custom_post_class":"","_genesis_layout":""},"product_brand":[],"product_cat":[7133,7175,7177],"product_tag":[],"class_list":{"0":"post-27623","1":"product","2":"type-product","3":"status-publish","4":"has-post-thumbnail","6":"product_cat-libres-oc","7":"product_cat-literatura-oc","8":"product_cat-contes-fablas-oc","9":"pa_auteur-melhau-jan-dau-fr-oc","10":"pa_editeur-lostal-del-libre-oc","11":"pa_illustrateur-geneste-sylvie-oc","12":"pa_langue-occitan-lemosin-oc","13":"pa_langue-occitan-francais-oc","14":"entry","16":"first","17":"instock","18":"shipping-taxable","19":"purchasable","20":"product-type-simple"},"acf":[],"_links":{"self":[{"href":"https:\/\/www.libraria-occitana.org\/oc\/wp-json\/wp\/v2\/product\/27623","targetHints":{"allow":["GET"]}}],"collection":[{"href":"https:\/\/www.libraria-occitana.org\/oc\/wp-json\/wp\/v2\/product"}],"about":[{"href":"https:\/\/www.libraria-occitana.org\/oc\/wp-json\/wp\/v2\/types\/product"}],"wp:featuredmedia":[{"embeddable":true,"href":"https:\/\/www.libraria-occitana.org\/oc\/wp-json\/wp\/v2\/media\/27624"}],"wp:attachment":[{"href":"https:\/\/www.libraria-occitana.org\/oc\/wp-json\/wp\/v2\/media?parent=27623"}],"wp:term":[{"taxonomy":"product_brand","embeddable":true,"href":"https:\/\/www.libraria-occitana.org\/oc\/wp-json\/wp\/v2\/product_brand?post=27623"},{"taxonomy":"product_cat","embeddable":true,"href":"https:\/\/www.libraria-occitana.org\/oc\/wp-json\/wp\/v2\/product_cat?post=27623"},{"taxonomy":"product_tag","embeddable":true,"href":"https:\/\/www.libraria-occitana.org\/oc\/wp-json\/wp\/v2\/product_tag?post=27623"}],"curies":[{"name":"wp","href":"https:\/\/api.w.org\/{rel}","templated":true}]}}