{"id":27625,"date":"2001-10-01T10:51:20","date_gmt":"2001-10-01T08:51:20","guid":{"rendered":"http:\/\/www.libraria-occitana.org\/all-products\/jan-dau-melhau-poete-paysan-paien?lang=oc"},"modified":"2026-04-29T10:46:18","modified_gmt":"2026-04-29T08:46:18","slug":"jan-dau-melhau-poete-paysan-paien","status":"publish","type":"product","link":"https:\/\/www.libraria-occitana.org\/oc\/produch\/jan-dau-melhau-poete-paysan-paien\/","title":{"rendered":"Jan dau Melhau po\u00e8te paysan-pa\u00efen"},"content":{"rendered":"<p>150 pages pour d\u00e9couvrir ou red\u00e9couvrir en photos et en textes in\u00e9dits, en version originale en oc avec traduction fran\u00e7aise, Jan dau Melhau, artiste inclassable et multiple, passionn\u00e9 par sa langue et sa terre, le Limousin. D&#8217;abord connu dans les ann\u00e9es 1970 comme musicien, conteur, chanteur, collecteur de tous les dires populaires de son pays, il est aussi fabuliste, \u00e9pistolier, auteur d&#8217;aphorismes, \u00e9diteur &#8230; &#8220;Une sorte de La Rochefoucault limousin&#8221;, &#8220;un amoureux t\u00eatu des choses humbles et vivantes&#8221;, &#8220;un troubadour en col\u00e8re&#8221;, disent les uns et les autres. Un po\u00e8te, un &#8220;paysan-pa\u00efen&#8221;, comme il se d\u00e9finit lui-m\u00eame, au sens de l&#8217;homme d&#8217;un pays dont les forces et l&#8217;\u00e2me nourrissent l&#8217;\u0153uvre.<\/p>\n<p>Une pens\u00e9e rebelle et bondissante, une ironie de philosophe, un parfum d&#8217;\u00e9ternit\u00e9 servis par une langue exceptionnellement riche, voil\u00e0 ce qu&#8217;offrent ces pages \u00e0 la curiosit\u00e9 de celles et de ceux qui voudront bien se donner la peine d&#8217;entrer.<\/p>\n","protected":false},"excerpt":{"rendered":"<p>150 pages pour d\u00e9couvrir ou red\u00e9couvrir en photos et en textes in\u00e9dits, en version originale en oc avec traduction fran\u00e7aise, Jan dau Melhau, artiste inclassable et multiple, passionn\u00e9 par sa langue et sa terre, le Limousin. D&#8217;abord connu dans les ann\u00e9es 1970 comme musicien, conteur, chanteur, collecteur de tous les dires populaires de son pays, [&hellip;]<\/p>\n","protected":false},"featured_media":36634,"template":"","meta":{"_acf_changed":false,"_genesis_hide_title":false,"_genesis_hide_breadcrumbs":false,"_genesis_hide_singular_image":false,"_genesis_hide_footer_widgets":false,"_genesis_custom_body_class":"","_genesis_custom_post_class":"","_genesis_layout":""},"product_brand":[],"product_cat":[7189,7133,7175],"product_tag":[],"class_list":{"0":"post-27625","1":"product","2":"type-product","3":"status-publish","4":"has-post-thumbnail","6":"product_cat-estudis-literaris-oc","7":"product_cat-libres-oc","8":"product_cat-literatura-oc","9":"pa_auteur-bonafe-marie-helene-oc","10":"pa_auteur-collectiu-oc-2","11":"pa_editeur-auteurs-en-scene-oc","12":"pa_editeur-les-presses-du-languedoc-oc","13":"pa_langue-francais-oc","14":"pa_langue-occitan-lemosin-oc","15":"pa_langue-occitan-francais-oc","16":"entry","18":"first","19":"outofstock","20":"shipping-taxable","21":"purchasable","22":"product-type-simple"},"acf":[],"_links":{"self":[{"href":"https:\/\/www.libraria-occitana.org\/oc\/wp-json\/wp\/v2\/product\/27625","targetHints":{"allow":["GET"]}}],"collection":[{"href":"https:\/\/www.libraria-occitana.org\/oc\/wp-json\/wp\/v2\/product"}],"about":[{"href":"https:\/\/www.libraria-occitana.org\/oc\/wp-json\/wp\/v2\/types\/product"}],"wp:featuredmedia":[{"embeddable":true,"href":"https:\/\/www.libraria-occitana.org\/oc\/wp-json\/wp\/v2\/media\/36634"}],"wp:attachment":[{"href":"https:\/\/www.libraria-occitana.org\/oc\/wp-json\/wp\/v2\/media?parent=27625"}],"wp:term":[{"taxonomy":"product_brand","embeddable":true,"href":"https:\/\/www.libraria-occitana.org\/oc\/wp-json\/wp\/v2\/product_brand?post=27625"},{"taxonomy":"product_cat","embeddable":true,"href":"https:\/\/www.libraria-occitana.org\/oc\/wp-json\/wp\/v2\/product_cat?post=27625"},{"taxonomy":"product_tag","embeddable":true,"href":"https:\/\/www.libraria-occitana.org\/oc\/wp-json\/wp\/v2\/product_tag?post=27625"}],"curies":[{"name":"wp","href":"https:\/\/api.w.org\/{rel}","templated":true}]}}