{"id":27631,"date":"2003-09-01T18:04:04","date_gmt":"2003-09-01T17:04:04","guid":{"rendered":"http:\/\/www.libraria-occitana.org\/all-products\/darreir-los-uelhs-segonda-partida-lo-leberaubre-n27?lang=oc"},"modified":"2026-04-16T02:41:59","modified_gmt":"2026-04-16T00:41:59","slug":"darreir-los-uelhs-segonda-partida-lo-leberaubre-n27","status":"publish","type":"product","link":"https:\/\/www.libraria-occitana.org\/oc\/produch\/darreir-los-uelhs-segonda-partida-lo-leberaubre-n27\/","title":{"rendered":"Darreir los uelhs (segonda partida) \/ Lo Leberaubre N\u00b027"},"content":{"rendered":"<p>\u00c7\u00f2 que as entre tas mans, legeire, coma disi\u00e1 l&#8217;autre, quo es un libre de bona fe. Enfin, de bona fe&#8230; si ai saubut&#8230; si ai pogut&#8230; si quo es possible&#8230; Ai benleu chausit de dire o de pas dire, mas pas conscientament, coma vas veire. Ai luchat contra la volatilitat de la mem\u00f2ria, mas benleu pas contra sa selectivitat. E benleu que, per n\u00f2stra patz interiora e n\u00f2stra santat mentala, lo silenci e l&#8217;oblidan\u00e7a son daus uns c\u00f2ps necessaris, indispensables&#8230;<\/p>\n<p>Veiqu\u00ed mos raives. Impudic e pretensi\u00f3s, te balhe \u00e7\u00f2 que degun balha jamai. Aur\u00e0s pas mon autobiografia, mas aur\u00e0s mos raives. Tots los que ai pogut sauvar. Un autor balha ben totjorn a sos legeires \u00e7\u00f2 que son esperit a enginhat, ses ben de mon semblant ? E ben, mos raives, quo es ben mon esperit que los a enginhats, parier que mos romans, mos contes, mos poemas. Mielhs benleu, dins lo raive, l&#8217;esperit se fot dau possible e de l&#8217;impossible, de la rason e de la desrason&#8230; Es liure sens convencions, sens estructuras impausadas per las usan\u00e7as. L&#8217;esperit v\u00f2la, plana, cor, marcha, se t\u00f2r\u00e7, pissa, caga&#8230; sens censura. Vai de la rason a la folia, de la poesia a la merda, de las nivols a la brauda&#8230;<\/p>\n<p><a title=\"Darreir los uelhs (prumiera partida) \/ Lo Leberaubre N\u00b026\" href=\"http:\/\/www.libraria-occitana.org\/all-products\/darreir-los-uelhs-prumiera-partida-lo-leberaubre-n26\"><em>Darreir los uelhs<\/em> t\u00f2me 1<\/a><br \/>\n<a title=\"Darreir los uelhs (tresesma partida) \/ Lo Leberaubre N\u00b030\" href=\"http:\/\/www.libraria-occitana.org\/all-products\/darreir-los-uelhs-tresesma-partida-lo-leberaubre-n30\"><em>Darreir los uelhs<\/em> t\u00f2me 3<\/a><\/p>\n<p><strong>Lo Leberaubre, \u00ab\u00a0Per balhar de las rai\u00e7 au leberon e far corre l&#8217;aubre la nuech\u00a0\u00bb<\/strong><br \/>\nRevue de litt\u00e9rature occitane c\u00e9l\u00e9brant les noces du mythe et de l&#8217;absurde au chevet d&#8217;une bonne fontaine sans d\u00e9dicace. Vit le jour en 1975.<\/p>\n","protected":false},"excerpt":{"rendered":"<p>\u00c7\u00f2 que as entre tas mans, legeire, coma disi\u00e1 l&#8217;autre, quo es un libre de bona fe. Enfin, de bona fe&#8230; si ai saubut&#8230; si ai pogut&#8230; si quo es possible&#8230; Ai benleu chausit de dire o de pas dire, mas pas conscientament, coma vas veire. Ai luchat contra la volatilitat de la mem\u00f2ria, mas [&hellip;]<\/p>\n","protected":false},"featured_media":20549,"template":"","meta":{"_acf_changed":false,"_genesis_hide_title":false,"_genesis_hide_breadcrumbs":false,"_genesis_hide_singular_image":false,"_genesis_hide_footer_widgets":false,"_genesis_custom_body_class":"","_genesis_custom_post_class":"","_genesis_layout":""},"product_brand":[],"product_cat":[7133,7175,7187],"product_tag":[],"class_list":{"0":"post-27631","1":"product","2":"type-product","3":"status-publish","4":"has-post-thumbnail","6":"product_cat-libres-oc","7":"product_cat-literatura-oc","8":"product_cat-temonhatges-memoris-oc","9":"pa_auteur-chapduelh-micheu-oc","10":"pa_editeur-literatura-e-cultura-populara-lemosinas-oc","11":"pa_langue-occitan-oc","12":"pa_langue-occitan-lemosin-oc","13":"entry","15":"first","16":"outofstock","17":"shipping-taxable","18":"purchasable","19":"product-type-simple"},"acf":[],"_links":{"self":[{"href":"https:\/\/www.libraria-occitana.org\/oc\/wp-json\/wp\/v2\/product\/27631","targetHints":{"allow":["GET"]}}],"collection":[{"href":"https:\/\/www.libraria-occitana.org\/oc\/wp-json\/wp\/v2\/product"}],"about":[{"href":"https:\/\/www.libraria-occitana.org\/oc\/wp-json\/wp\/v2\/types\/product"}],"wp:featuredmedia":[{"embeddable":true,"href":"https:\/\/www.libraria-occitana.org\/oc\/wp-json\/wp\/v2\/media\/20549"}],"wp:attachment":[{"href":"https:\/\/www.libraria-occitana.org\/oc\/wp-json\/wp\/v2\/media?parent=27631"}],"wp:term":[{"taxonomy":"product_brand","embeddable":true,"href":"https:\/\/www.libraria-occitana.org\/oc\/wp-json\/wp\/v2\/product_brand?post=27631"},{"taxonomy":"product_cat","embeddable":true,"href":"https:\/\/www.libraria-occitana.org\/oc\/wp-json\/wp\/v2\/product_cat?post=27631"},{"taxonomy":"product_tag","embeddable":true,"href":"https:\/\/www.libraria-occitana.org\/oc\/wp-json\/wp\/v2\/product_tag?post=27631"}],"curies":[{"name":"wp","href":"https:\/\/api.w.org\/{rel}","templated":true}]}}