{"id":27632,"date":"2003-09-01T09:49:55","date_gmt":"2003-09-01T08:49:55","guid":{"rendered":"http:\/\/www.libraria-occitana.org\/all-products\/aime-lacapelle-tome-3-poules-rebelles?lang=oc"},"modified":"2024-07-04T00:02:22","modified_gmt":"2024-07-03T22:02:22","slug":"aime-lacapelle-tome-3-poules-rebelles","status":"publish","type":"product","link":"https:\/\/www.libraria-occitana.org\/oc\/produch\/aime-lacapelle-tome-3-poules-rebelles\/","title":{"rendered":"Aim\u00e9 Lacapelle Tome 3 : Poules rebelles"},"content":{"rendered":"<p>Aim\u00e9 Lacapelle, agriculteur du Tarn, est le meilleur \u00e9l\u00e9ment de la police agricole, un as du BIT (Bureau d&#8217;Investigation Tarnais), corps d&#8217;\u00e9lite dot\u00e9 de tracteurs, charg\u00e9 de surveiller les campagnes du Sud-Ouest afin d&#8217;\u00e9viter la d\u00e9rive et les mauvaises choses de la ville.<\/p>\n<p><strong>Sommaire :<\/strong><br \/>\n&#8211; Aim\u00e9 et le rrude boy<br \/>\n&#8211; Traduit du passereau<br \/>\n&#8211; Aim\u00e9 contre le groupe Pi<br \/>\n&#8211; Le th\u00e9or\u00e8me du cong\u00e9lo<br \/>\n&#8211; Le rallye Ferguson<br \/>\n&#8211; Aim\u00e9 \u00e0 l&#8217;Hyperm\u00e9gatop<br \/>\n&#8211; Le ch\u00e2teau des oisifs rriches<br \/>\n&#8211; Aim\u00e9 passe en prrime-time<br \/>\n&#8211; Le mambo des hormones<\/p>\n","protected":false},"excerpt":{"rendered":"<p>Aim\u00e9 Lacapelle, agriculteur du Tarn, est le meilleur \u00e9l\u00e9ment de la police agricole, un as du BIT (Bureau d&#8217;Investigation Tarnais), corps d&#8217;\u00e9lite dot\u00e9 de tracteurs, charg\u00e9 de surveiller les campagnes du Sud-Ouest afin d&#8217;\u00e9viter la d\u00e9rive et les mauvaises choses de la ville. Sommaire : &#8211; Aim\u00e9 et le rrude boy &#8211; Traduit du passereau [&hellip;]<\/p>\n","protected":false},"featured_media":36598,"template":"","meta":{"_acf_changed":false,"_genesis_hide_title":false,"_genesis_hide_breadcrumbs":false,"_genesis_hide_singular_image":false,"_genesis_hide_footer_widgets":false,"_genesis_custom_body_class":"","_genesis_custom_post_class":"","_genesis_layout":""},"product_brand":[],"product_cat":[7169,7165,7133],"product_tag":[],"class_list":{"0":"post-27632","1":"product","2":"type-product","3":"status-publish","4":"has-post-thumbnail","6":"product_cat-benda-dessenhada-oc","7":"product_cat-jounessa-bd-umor","8":"product_cat-libres-oc","9":"pa_auteur-ferri-jean-yves-fr-oc","10":"pa_editeur-fluide-glacial-oc","11":"pa_langue-francais-oc","12":"entry","14":"first","15":"outofstock","16":"shipping-taxable","17":"purchasable","18":"product-type-simple"},"acf":[],"_links":{"self":[{"href":"https:\/\/www.libraria-occitana.org\/oc\/wp-json\/wp\/v2\/product\/27632","targetHints":{"allow":["GET"]}}],"collection":[{"href":"https:\/\/www.libraria-occitana.org\/oc\/wp-json\/wp\/v2\/product"}],"about":[{"href":"https:\/\/www.libraria-occitana.org\/oc\/wp-json\/wp\/v2\/types\/product"}],"wp:featuredmedia":[{"embeddable":true,"href":"https:\/\/www.libraria-occitana.org\/oc\/wp-json\/wp\/v2\/media\/36598"}],"wp:attachment":[{"href":"https:\/\/www.libraria-occitana.org\/oc\/wp-json\/wp\/v2\/media?parent=27632"}],"wp:term":[{"taxonomy":"product_brand","embeddable":true,"href":"https:\/\/www.libraria-occitana.org\/oc\/wp-json\/wp\/v2\/product_brand?post=27632"},{"taxonomy":"product_cat","embeddable":true,"href":"https:\/\/www.libraria-occitana.org\/oc\/wp-json\/wp\/v2\/product_cat?post=27632"},{"taxonomy":"product_tag","embeddable":true,"href":"https:\/\/www.libraria-occitana.org\/oc\/wp-json\/wp\/v2\/product_tag?post=27632"}],"curies":[{"name":"wp","href":"https:\/\/api.w.org\/{rel}","templated":true}]}}