{"id":27633,"date":"2003-09-01T09:07:11","date_gmt":"2003-09-01T08:07:11","guid":{"rendered":"http:\/\/www.libraria-occitana.org\/all-products\/atlas-des-langues-du-monde-une-pluralite-fragile?lang=oc"},"modified":"2020-06-11T10:04:51","modified_gmt":"2020-06-11T08:04:51","slug":"atlas-des-langues-du-monde-une-pluralite-fragile","status":"publish","type":"product","link":"https:\/\/www.libraria-occitana.org\/oc\/produch\/atlas-des-langues-du-monde-une-pluralite-fragile\/","title":{"rendered":"Atlas des langues du monde : Une pluralit\u00e9 fragile"},"content":{"rendered":"<p>Plus de 6 000 langues coexistent dans le monde. O\u00f9 sont-elles parl\u00e9es ? Par combien de personnes ? Depuis quand ? Quelles relations entretiennent-elles entre elles ?<\/p>\n<p>L&#8217;<em>Atlas des langues du monde<\/em> se propose de r\u00e9pondre \u00e0 ces questions en pr\u00e9sentant clairement, non seulement la r\u00e9partition g\u00e9ographique, historique et d\u00e9mographique des langues, mais aussi leur d\u00e9veloppement et leur d\u00e9clin, mettant ainsi en avant l&#8217;enjeu g\u00e9opolitique de ces ph\u00e9nom\u00e8nes.<\/p>\n<p>\u00c0 l&#8217;heure o\u00f9 la biodiversit\u00e9 est enfin consid\u00e9r\u00e9e comme devant \u00eatre prot\u00e9g\u00e9e, la diversit\u00e9 des cultures humaines fond\u00e9es sur la multiplicit\u00e9 des patrimoines linguistiques, \u00e9difi\u00e9s au cours des mill\u00e9naires, ne devrait-elle pas, de m\u00eame, \u00eatre prise en compte et mieux pr\u00e9serv\u00e9e ?<\/p>\n<p>Les cartes et graphiques, r\u00e9alis\u00e9s \u00e0 partir des sources les plus s\u00e9rieuses et les plus r\u00e9centes, ainsi que les textes concis et clairs qui les accompagnent montrent combien la vari\u00e9t\u00e9 des usages linguistiques peut \u00eatre consid\u00e9r\u00e9e comme essentielle pour l&#8217;avenir de l&#8217;humanit\u00e9<\/p>\n","protected":false},"excerpt":{"rendered":"<p>Plus de 6 000 langues coexistent dans le monde. O\u00f9 sont-elles parl\u00e9es ? Par combien de personnes ? Depuis quand ? Quelles relations entretiennent-elles entre elles ? L&#8217;Atlas des langues du monde se propose de r\u00e9pondre \u00e0 ces questions en pr\u00e9sentant clairement, non seulement la r\u00e9partition g\u00e9ographique, historique et d\u00e9mographique des langues, mais aussi leur [&hellip;]<\/p>\n","protected":false},"featured_media":36601,"template":"","meta":{"_acf_changed":false,"_genesis_hide_title":false,"_genesis_hide_breadcrumbs":false,"_genesis_hide_singular_image":false,"_genesis_hide_footer_widgets":false,"_genesis_custom_body_class":"","_genesis_custom_post_class":"","_genesis_layout":""},"product_brand":[],"product_cat":[7153,7149,7133],"product_tag":[],"class_list":{"0":"post-27633","1":"product","2":"type-product","3":"status-publish","4":"has-post-thumbnail","6":"product_cat-geografia-oc","7":"product_cat-istoria-geografia-oc","8":"product_cat-libres-oc","9":"pa_auteur-breton-roland-oc","10":"pa_editeur-autrement-oc","11":"pa_illustrateur-mazoyer-krystyna-oc","12":"pa_langue-francais-oc","13":"entry","15":"first","16":"outofstock","17":"shipping-taxable","18":"purchasable","19":"product-type-simple"},"acf":[],"_links":{"self":[{"href":"https:\/\/www.libraria-occitana.org\/oc\/wp-json\/wp\/v2\/product\/27633","targetHints":{"allow":["GET"]}}],"collection":[{"href":"https:\/\/www.libraria-occitana.org\/oc\/wp-json\/wp\/v2\/product"}],"about":[{"href":"https:\/\/www.libraria-occitana.org\/oc\/wp-json\/wp\/v2\/types\/product"}],"wp:featuredmedia":[{"embeddable":true,"href":"https:\/\/www.libraria-occitana.org\/oc\/wp-json\/wp\/v2\/media\/36601"}],"wp:attachment":[{"href":"https:\/\/www.libraria-occitana.org\/oc\/wp-json\/wp\/v2\/media?parent=27633"}],"wp:term":[{"taxonomy":"product_brand","embeddable":true,"href":"https:\/\/www.libraria-occitana.org\/oc\/wp-json\/wp\/v2\/product_brand?post=27633"},{"taxonomy":"product_cat","embeddable":true,"href":"https:\/\/www.libraria-occitana.org\/oc\/wp-json\/wp\/v2\/product_cat?post=27633"},{"taxonomy":"product_tag","embeddable":true,"href":"https:\/\/www.libraria-occitana.org\/oc\/wp-json\/wp\/v2\/product_tag?post=27633"}],"curies":[{"name":"wp","href":"https:\/\/api.w.org\/{rel}","templated":true}]}}