{"id":27635,"date":"2003-07-01T13:14:18","date_gmt":"2003-07-01T11:14:18","guid":{"rendered":"http:\/\/www.libraria-occitana.org\/all-products\/des-langues-plein-les-poches-les-langues-de-france?lang=oc"},"modified":"2024-07-04T00:14:13","modified_gmt":"2024-07-03T22:14:13","slug":"des-langues-plein-les-poches-les-langues-de-france","status":"publish","type":"product","link":"https:\/\/www.libraria-occitana.org\/oc\/produch\/des-langues-plein-les-poches-les-langues-de-france\/","title":{"rendered":"Des langues plein les poches : Les langues de France"},"content":{"rendered":"<p>\u00c0 c\u00f4t\u00e9 du fran\u00e7ais, des langues r\u00e9gionales ou minoritaires sont, par tradition, pratiqu\u00e9es dans notre pays. Quelles sont ces autres langues de France ? O\u00f9 sont-elles utilis\u00e9es ? Depuis quand et par qui ?<\/p>\n<p><strong>Au sommaire :<\/strong><br \/>\n1. Langues de France (langues r\u00e9gionales ou minoritaires \u2013 des langues \u00e0 sauvegarder \u2013 une charte europ\u00e9enne \u2013 apprendre une langue r\u00e9gionale),<br \/>\n2. Les langues r\u00e9gionales (une vrai richesse \u2013 de la m\u00e9tropole \u00e0 l\u2019outre-mer \u2013 langues r\u00e9gionales en p\u00e9ril \u2013 le renouveau du 20e si\u00e8cle \u2013 l\u2019alsacien \u2013 le basque \u2013 le breton \u2013 le catalan \u2013 le corse \u2013 le flamand \u2013 le francoprovencal \u2013 les langues d\u2019o\u00efl \u2013 l\u2019occitan \u2013 les cr\u00e9oles \u2013 les langues kanak \u2013 le tahitien),<br \/>\n3. Les langues non territoriales (Venues d\u2019ailleurs\u2026- l\u2019arm\u00e9nien occidental \u2013 l\u2019arabe maghr\u00e9bin \u2013 le berb\u00e8re \u2013 le yiddish \u2013 le jud\u00e9o-espagnol \u2013 le romani)<\/p>\n<p><strong>Niveau :<\/strong> Fin primaire \/ Coll\u00e8ge<\/p>\n","protected":false},"excerpt":{"rendered":"<p>\u00c0 c\u00f4t\u00e9 du fran\u00e7ais, des langues r\u00e9gionales ou minoritaires sont, par tradition, pratiqu\u00e9es dans notre pays. Quelles sont ces autres langues de France ? O\u00f9 sont-elles utilis\u00e9es ? Depuis quand et par qui ? Au sommaire : 1. Langues de France (langues r\u00e9gionales ou minoritaires \u2013 des langues \u00e0 sauvegarder \u2013 une charte europ\u00e9enne \u2013 [&hellip;]<\/p>\n","protected":false},"featured_media":27636,"template":"","meta":{"_acf_changed":false,"_genesis_hide_title":false,"_genesis_hide_breadcrumbs":false,"_genesis_hide_singular_image":false,"_genesis_hide_footer_widgets":false,"_genesis_custom_body_class":"","_genesis_custom_post_class":"","_genesis_layout":""},"product_brand":[],"product_cat":[7133,7203],"product_tag":[],"class_list":{"0":"post-27635","1":"product","2":"type-product","3":"status-publish","4":"has-post-thumbnail","6":"product_cat-libres-oc","7":"product_cat-politica-sociologia-actualitat-oc","8":"pa_auteur-collectiu-oc-2","9":"pa_editeur-le-moutard-oc","10":"pa_langue-francais-oc","11":"entry","13":"first","14":"outofstock","15":"shipping-taxable","16":"purchasable","17":"product-type-simple"},"acf":[],"_links":{"self":[{"href":"https:\/\/www.libraria-occitana.org\/oc\/wp-json\/wp\/v2\/product\/27635","targetHints":{"allow":["GET"]}}],"collection":[{"href":"https:\/\/www.libraria-occitana.org\/oc\/wp-json\/wp\/v2\/product"}],"about":[{"href":"https:\/\/www.libraria-occitana.org\/oc\/wp-json\/wp\/v2\/types\/product"}],"wp:featuredmedia":[{"embeddable":true,"href":"https:\/\/www.libraria-occitana.org\/oc\/wp-json\/wp\/v2\/media\/27636"}],"wp:attachment":[{"href":"https:\/\/www.libraria-occitana.org\/oc\/wp-json\/wp\/v2\/media?parent=27635"}],"wp:term":[{"taxonomy":"product_brand","embeddable":true,"href":"https:\/\/www.libraria-occitana.org\/oc\/wp-json\/wp\/v2\/product_brand?post=27635"},{"taxonomy":"product_cat","embeddable":true,"href":"https:\/\/www.libraria-occitana.org\/oc\/wp-json\/wp\/v2\/product_cat?post=27635"},{"taxonomy":"product_tag","embeddable":true,"href":"https:\/\/www.libraria-occitana.org\/oc\/wp-json\/wp\/v2\/product_tag?post=27635"}],"curies":[{"name":"wp","href":"https:\/\/api.w.org\/{rel}","templated":true}]}}