{"id":27637,"date":"2003-07-01T12:21:54","date_gmt":"2003-07-01T10:21:54","guid":{"rendered":"http:\/\/www.libraria-occitana.org\/all-products\/lois-dau-lemosin-pitit-paisan-dau-secle-xix?lang=oc"},"modified":"2026-04-19T20:16:36","modified_gmt":"2026-04-19T18:16:36","slug":"lois-dau-lemosin-pitit-paisan-dau-secle-xix","status":"publish","type":"product","link":"https:\/\/www.libraria-occitana.org\/oc\/produch\/lois-dau-lemosin-pitit-paisan-dau-secle-xix\/","title":{"rendered":"Lo\u00eds dau Lemosin : Pitit paisan dau secle XIX"},"content":{"rendered":"<p><em>\u201cMonsur sent Mar\u00e7au\u201d es lo mestre sent dau Lemosin. Dempuei beleu mila ans, tots los set ans, son bon chasteu d\u2019a Lem\u00f2tges li fai festa, de m\u00f2stra mai de procession \u2013 las Ostensions -, que li permenen per las vias sas relicas dins un chap d\u2019argent. Mas siaja-t-eu tan ben onrat, es rangassier lo sent Mar\u00e7au : que lo desries, gara ! vai nejar lo pa\u00eds ! E te damorara mas de li tornar permenar son chap d\u2019argent per far baissar l\u2019aigas !<\/em><\/p>\n<p>La vie au fil des saisons d\u2019un petit paysan limousin du XIXe si\u00e8cle.<\/p>\n<p>La premi\u00e8re version de l\u2019album, par Maurice Robert, \u00e9dit\u00e9e en 1972, eut un franc succ\u00e8s. Cette nouvelle \u00e9dition sur papier glac\u00e9 est pr\u00e9sent\u00e9e dans la graphie occitane courante.<\/p>\n<p>Traduction fran\u00e7aise en fin d\u2019ouvrage.<\/p>\n","protected":false},"excerpt":{"rendered":"<p>\u201cMonsur sent Mar\u00e7au\u201d es lo mestre sent dau Lemosin. Dempuei beleu mila ans, tots los set ans, son bon chasteu d\u2019a Lem\u00f2tges li fai festa, de m\u00f2stra mai de procession \u2013 las Ostensions -, que li permenen per las vias sas relicas dins un chap d\u2019argent. Mas siaja-t-eu tan ben onrat, es rangassier lo sent [&hellip;]<\/p>\n","protected":false},"featured_media":36604,"template":"","meta":{"_acf_changed":false,"_genesis_hide_title":false,"_genesis_hide_breadcrumbs":false,"_genesis_hide_singular_image":false,"_genesis_hide_footer_widgets":false,"_genesis_custom_body_class":"","_genesis_custom_post_class":"","_genesis_layout":""},"product_brand":[],"product_cat":[7167,7165,7133],"product_tag":[],"class_list":{"0":"post-27637","1":"product","2":"type-product","3":"status-publish","4":"has-post-thumbnail","6":"product_cat-ados-oc","7":"product_cat-jounessa-bd-umor","8":"product_cat-libres-oc","9":"pa_auteur-combi-bernat-oc","10":"pa_auteur-fauchier-frances-oc","11":"pa_auteur-fornier-andriva-paula-oc","12":"pa_auteur-melhau-jan-dau-fr-oc","13":"pa_editeur-flammarion-oc","14":"pa_illustrateur-angeli-may-oc","15":"pa_langue-occitan-lemosin-oc","16":"pa_langue-occitan-francais-oc","17":"entry","19":"first","20":"instock","21":"shipping-taxable","22":"purchasable","23":"product-type-simple"},"acf":[],"_links":{"self":[{"href":"https:\/\/www.libraria-occitana.org\/oc\/wp-json\/wp\/v2\/product\/27637","targetHints":{"allow":["GET"]}}],"collection":[{"href":"https:\/\/www.libraria-occitana.org\/oc\/wp-json\/wp\/v2\/product"}],"about":[{"href":"https:\/\/www.libraria-occitana.org\/oc\/wp-json\/wp\/v2\/types\/product"}],"wp:featuredmedia":[{"embeddable":true,"href":"https:\/\/www.libraria-occitana.org\/oc\/wp-json\/wp\/v2\/media\/36604"}],"wp:attachment":[{"href":"https:\/\/www.libraria-occitana.org\/oc\/wp-json\/wp\/v2\/media?parent=27637"}],"wp:term":[{"taxonomy":"product_brand","embeddable":true,"href":"https:\/\/www.libraria-occitana.org\/oc\/wp-json\/wp\/v2\/product_brand?post=27637"},{"taxonomy":"product_cat","embeddable":true,"href":"https:\/\/www.libraria-occitana.org\/oc\/wp-json\/wp\/v2\/product_cat?post=27637"},{"taxonomy":"product_tag","embeddable":true,"href":"https:\/\/www.libraria-occitana.org\/oc\/wp-json\/wp\/v2\/product_tag?post=27637"}],"curies":[{"name":"wp","href":"https:\/\/api.w.org\/{rel}","templated":true}]}}