{"id":27640,"date":"2003-02-01T11:52:56","date_gmt":"2003-02-01T10:52:56","guid":{"rendered":"http:\/\/www.libraria-occitana.org\/all-products\/lo-corbatas-roge-verd-paradis-vi2?lang=oc"},"modified":"2026-04-16T23:16:44","modified_gmt":"2026-04-16T21:16:44","slug":"lo-corbatas-roge-verd-paradis-vi2","status":"publish","type":"product","link":"https:\/\/www.libraria-occitana.org\/oc\/produch\/lo-corbatas-roge-verd-paradis-vi2\/","title":{"rendered":"Lo corbat\u00e0s roge (Verd Parad\u00eds VI)"},"content":{"rendered":"<p><em>Lo Corbat\u00e0s roge<\/em> representa, dins sa version originala d&#8217;\u00f2c, lo sieisen volum de <em>Verd Parad\u00eds<\/em>. Los legeires de Max Roqueta i tornar\u00e0n trobar, a lor cima, totas las votz ja presentas dins los volums precedents, aqu\u00ed recampadas dins un ramelet de t\u00e8mas e de composicions narrativas a l&#8217;enc\u00f2p plan div\u00e8rsas e totas fortament sageladas per una qu\u00e8sta pari\u00e8ra dels ressons infinits de la paraula e de sas cargas sempre renoveladas d&#8217;umanitat.<\/p>\n<p>Del raconte \u00ab\u00a0chin\u00e9s\u00a0\u00bb\u00a0dels tempses classics (\u00ab\u00a0Lo corbat\u00e0s roge\u00a0\u00bb) que balha son t\u00edtol al libre fins a las evocacions de las garrigas del pa\u00eds d&#8217;Argeli\u00e8rs (las pr\u00f2sas meditativas dels \u00ab\u00a0Des\u00e8rts dau mond\u00a0\u00bb e dels \u00ab\u00a0Des\u00e8rts dau s\u00f2mi\u00a0\u00bb), son, dins lor ample e lors restontiments, totas las dimensions d&#8217;un univ\u00e8rs d&#8217;escritura excepcional que se p\u00f2t embra\u00e7ar.<\/p>\n<p><em><a title=\"Verd parad\u00eds (I)\" href=\"http:\/\/www.libraria-occitana.org\/all-products\/verd-paradis-i\">Verd Parad\u00eds I<\/a><\/em>\u00a0(agostat &#8211; \u00e9puis\u00e9 &#8211; out of print)<em><br \/>\n<a href=\"http:\/\/www.libraria-occitana.org\/produit\/verd-paradis-ii\/\">Verd Parad\u00eds II<\/a><\/em><br \/>\n<em>Verd Parad\u00eds III &#8211; Lo grand teatre de Dieu <\/em>(agostat &#8211; \u00e9puis\u00e9 &#8211; out of print)<br \/>\n<em>Verd Parad\u00eds IV &#8211; L&#8217;u\u00f2lh dau cat <\/em>(agostat &#8211; \u00e9puis\u00e9 &#8211; out of print)<br \/>\n<em><a title=\"Las Canas de Mid\u00e0s (Verd Parad\u00eds V)\" href=\"http:\/\/www.libraria-occitana.org\/all-products\/las-canas-de-midas-verd-paradis-v\">Verd Parad\u00eds V &#8211; Las Canas de Mid\u00e0s<\/a><\/em><em><br \/>\n<\/em><\/p>\n","protected":false},"excerpt":{"rendered":"<p>Lo Corbat\u00e0s roge representa, dins sa version originala d&#8217;\u00f2c, lo sieisen volum de Verd Parad\u00eds. Los legeires de Max Roqueta i tornar\u00e0n trobar, a lor cima, totas las votz ja presentas dins los volums precedents, aqu\u00ed recampadas dins un ramelet de t\u00e8mas e de composicions narrativas a l&#8217;enc\u00f2p plan div\u00e8rsas e totas fortament sageladas per [&hellip;]<\/p>\n","protected":false},"featured_media":27641,"template":"","meta":{"_acf_changed":false,"_genesis_hide_title":false,"_genesis_hide_breadcrumbs":false,"_genesis_hide_singular_image":false,"_genesis_hide_footer_widgets":false,"_genesis_custom_body_class":"","_genesis_custom_post_class":"","_genesis_layout":""},"product_brand":[],"product_cat":[7133,7175,7183],"product_tag":[],"class_list":{"0":"post-27640","1":"product","2":"type-product","3":"status-publish","4":"has-post-thumbnail","6":"product_cat-libres-oc","7":"product_cat-literatura-oc","8":"product_cat-romans-novelas-oc","9":"pa_auteur-roqueta-max-oc","10":"pa_editeur-trabucaire-oc","11":"pa_langue-occitan-oc","12":"pa_langue-occitan-lengadocian-oc","13":"entry","15":"first","16":"outofstock","17":"shipping-taxable","18":"purchasable","19":"product-type-simple"},"acf":[],"_links":{"self":[{"href":"https:\/\/www.libraria-occitana.org\/oc\/wp-json\/wp\/v2\/product\/27640","targetHints":{"allow":["GET"]}}],"collection":[{"href":"https:\/\/www.libraria-occitana.org\/oc\/wp-json\/wp\/v2\/product"}],"about":[{"href":"https:\/\/www.libraria-occitana.org\/oc\/wp-json\/wp\/v2\/types\/product"}],"wp:featuredmedia":[{"embeddable":true,"href":"https:\/\/www.libraria-occitana.org\/oc\/wp-json\/wp\/v2\/media\/27641"}],"wp:attachment":[{"href":"https:\/\/www.libraria-occitana.org\/oc\/wp-json\/wp\/v2\/media?parent=27640"}],"wp:term":[{"taxonomy":"product_brand","embeddable":true,"href":"https:\/\/www.libraria-occitana.org\/oc\/wp-json\/wp\/v2\/product_brand?post=27640"},{"taxonomy":"product_cat","embeddable":true,"href":"https:\/\/www.libraria-occitana.org\/oc\/wp-json\/wp\/v2\/product_cat?post=27640"},{"taxonomy":"product_tag","embeddable":true,"href":"https:\/\/www.libraria-occitana.org\/oc\/wp-json\/wp\/v2\/product_tag?post=27640"}],"curies":[{"name":"wp","href":"https:\/\/api.w.org\/{rel}","templated":true}]}}