{"id":27656,"date":"2002-09-01T16:47:49","date_gmt":"2002-09-01T15:47:49","guid":{"rendered":"http:\/\/www.libraria-occitana.org\/all-products\/anthologie-de-lecrit-dromois-de-langue-doc-volume-i-iie-xviiie-siecles?lang=oc"},"modified":"2026-04-26T01:41:39","modified_gmt":"2026-04-25T23:41:39","slug":"anthologie-de-lecrit-dromois-de-langue-doc-volume-i-iie-xviiie-siecles","status":"publish","type":"product","link":"https:\/\/www.libraria-occitana.org\/oc\/produch\/anthologie-de-lecrit-dromois-de-langue-doc-volume-i-iie-xviiie-siecles\/","title":{"rendered":"Anthologie de l&#8217;\u00e9crit dr\u00f4mois de langue d&#8217;oc Volume I : XIIe-XVIIIe si\u00e8cles"},"content":{"rendered":"<p style=\"text-align: left;\">Qui s&#8217;imaginait que la Dr\u00f4me et l&#8217;Is\u00e8re pour une petite part \u00e9taient aussi bien pourvues en troubadours ? Sans doute pouvait-on citer ais\u00e9ment la Comtesse de Die ou Falquet de Romans, qui a fait l&#8217;objet d&#8217;une \u00e9dition relativement r\u00e9cente.<\/p>\n<p>Mais les autres, une bonne douzaine, qu&#8217;ils soient de Valence, d&#8217;Eurre, d&#8217;Aurel, de Saint-Donat ou de Vienne&#8230;, simples jongleurs ou grands seigneurs, connus par un seul texte ou par une oeuvre importante, qui pouvait se vanter d&#8217;en donner seulement la liste ? [&#8230;]<\/p>\n<p>Chartes, censiers, comptes ou d\u00e9lib\u00e9rations consulaires, terriers, testament, inventaires&#8230;, ces textes sont d&#8217;une extr\u00eame diversit\u00e9 et pour cette raison la mise en relation que permet cette publication sera d&#8217;un grand secours pour tous ceux qui s&#8217;int\u00e9ressent \u00e0 l&#8217;histoire de ce d\u00e9partement. Mais ils rendront aussi de grands services aux linguistes qui, \u00e0 condition d&#8217;interpr\u00e9ter convenablement et avec prudence les donn\u00e9es graphiques et les habitudes des scribes, auront entre les mains de bons outils pour tenter de conna\u00eetre l&#8217;\u00e9tat et l&#8217;\u00e9volution de la langue d&#8217;oc usuelle de cette r\u00e9gion au Moyen \u00c2ge, dans son unit\u00e9 et dans sa diversit\u00e9.<\/p>\n<p>C&#8217;est dire que cette anthologie deviendra tr\u00e8s vite un instrument irrempla\u00e7able pour tous ceux qui voudront l&#8217;utiliser pour d\u00e9velopper des recherches d&#8217;ordre historique ou linguistique sur cette r\u00e9gion, mais d&#8217;abord pour les Dr\u00f4mois soucieux de prendre conscience et possession de leur patrimoine culturel et de promouvoir la langue et la culture occitanes.<\/p>\n<p style=\"text-align: right;\">Jean-Claude Bouvier, professeur \u00e9m\u00e9rite \u00e0 l&#8217;Universit\u00e9 de Provence<\/p>\n<p><a href=\"https:\/\/www.libraria-occitana.org\/produit\/anthologie-de-lecrit-dromois-de-langue-doc-volume-ii-xixe-xxe-siecles\/\"><em>Anthologie de l\u2019\u00e9crit dr\u00f4mois de langue d\u2019oc Volume II : XIXe-XXe si\u00e8cles<\/em><\/a><\/p>\n","protected":false},"excerpt":{"rendered":"<p>Qui s&#8217;imaginait que la Dr\u00f4me et l&#8217;Is\u00e8re pour une petite part \u00e9taient aussi bien pourvues en troubadours ? Sans doute pouvait-on citer ais\u00e9ment la Comtesse de Die ou Falquet de Romans, qui a fait l&#8217;objet d&#8217;une \u00e9dition relativement r\u00e9cente. Mais les autres, une bonne douzaine, qu&#8217;ils soient de Valence, d&#8217;Eurre, d&#8217;Aurel, de Saint-Donat ou de [&hellip;]<\/p>\n","protected":false},"featured_media":36616,"template":"","meta":{"_acf_changed":false,"_genesis_hide_title":false,"_genesis_hide_breadcrumbs":false,"_genesis_hide_singular_image":false,"_genesis_hide_footer_widgets":false,"_genesis_custom_body_class":"","_genesis_custom_post_class":"","_genesis_layout":""},"product_brand":[],"product_cat":[7189,7133,7175],"product_tag":[],"class_list":{"0":"post-27656","1":"product","2":"type-product","3":"status-publish","4":"has-post-thumbnail","6":"product_cat-estudis-literaris-oc","7":"product_cat-libres-oc","8":"product_cat-literatura-oc","9":"pa_auteur-rixte-jean-claude-oc","10":"pa_editeur-ieo-daufinat-provenca-terra-doc-oc","11":"pa_langue-francais-oc","12":"entry","14":"first","15":"instock","16":"shipping-taxable","17":"purchasable","18":"product-type-simple"},"acf":[],"_links":{"self":[{"href":"https:\/\/www.libraria-occitana.org\/oc\/wp-json\/wp\/v2\/product\/27656","targetHints":{"allow":["GET"]}}],"collection":[{"href":"https:\/\/www.libraria-occitana.org\/oc\/wp-json\/wp\/v2\/product"}],"about":[{"href":"https:\/\/www.libraria-occitana.org\/oc\/wp-json\/wp\/v2\/types\/product"}],"wp:featuredmedia":[{"embeddable":true,"href":"https:\/\/www.libraria-occitana.org\/oc\/wp-json\/wp\/v2\/media\/36616"}],"wp:attachment":[{"href":"https:\/\/www.libraria-occitana.org\/oc\/wp-json\/wp\/v2\/media?parent=27656"}],"wp:term":[{"taxonomy":"product_brand","embeddable":true,"href":"https:\/\/www.libraria-occitana.org\/oc\/wp-json\/wp\/v2\/product_brand?post=27656"},{"taxonomy":"product_cat","embeddable":true,"href":"https:\/\/www.libraria-occitana.org\/oc\/wp-json\/wp\/v2\/product_cat?post=27656"},{"taxonomy":"product_tag","embeddable":true,"href":"https:\/\/www.libraria-occitana.org\/oc\/wp-json\/wp\/v2\/product_tag?post=27656"}],"curies":[{"name":"wp","href":"https:\/\/api.w.org\/{rel}","templated":true}]}}