{"id":27661,"date":"2004-10-01T16:53:35","date_gmt":"2004-10-01T15:53:35","guid":{"rendered":"http:\/\/www.libraria-occitana.org\/all-products\/anthologie-de-lecrit-dromois-de-langue-doc-volume-ii-xixe-xxe-siecles?lang=oc"},"modified":"2026-04-25T23:01:11","modified_gmt":"2026-04-25T21:01:11","slug":"anthologie-de-lecrit-dromois-de-langue-doc-volume-ii-xixe-xxe-siecles","status":"publish","type":"product","link":"https:\/\/www.libraria-occitana.org\/oc\/produch\/anthologie-de-lecrit-dromois-de-langue-doc-volume-ii-xixe-xxe-siecles\/","title":{"rendered":"Anthologie de l&#8217;\u00e9crit dr\u00f4mois de langue d&#8217;oc Volume II : XIXe-XXe si\u00e8cles"},"content":{"rendered":"<p>L&#8217;auteur est rest\u00e9 fid\u00e8le \u00e0 ses principes : il ne s\u00e9lectionne pas en fonction de ses propres go\u00fbts &#8211; que l&#8217;on suppose pourtant excellents -, mais cherche plut\u00f4t \u00e0 donner un tableau de l&#8217;\u00e9crit d&#8217;oc en Dr\u00f4me dans toutes ses dimensions. Il ne dresse pas le c\u00e9notaphe des Bons Auteurs, c&#8217;est-\u00e0-dire de ceux qui ont r\u00eav\u00e9 de se voir reconna\u00eetre comme tels dans les si\u00e8cles des si\u00e8cles. Il fait toute leur place aux modestes, aux obscurs, aux fous de la langue qui ont moins voulu entrer dans les manuels que satisfaire, sur le papier, leur amour du parler de leur lieu. Ce qui ne veut pas dire qu&#8217;ils soient illisibles pour quiconque n&#8217;est pas du m\u00eame lieu, ou alors dialectologue de m\u00e9tier. [&#8230;]<\/p>\n<p style=\"text-align: left;\">Seul un travail de terrain, comme celui-ci, peut mettre \u00e0 jour la r\u00e9alit\u00e9 de ce qui constitue le paysage occitan de telle ou telle r\u00e9gion. Ce que nous savons de la litt\u00e9rature d&#8217;oc, au fond, risque fort de n&#8217;\u00eatre que la partie visible d&#8217;un iceberg qui plonge bien plus profond. Le travail de Jean-claude Rixte nous permet de plonger, pour un d\u00e9partement du moins, en dessous de la surface, et de comprendre que, partout, des d\u00e9couvertes sont encore possibles.<\/p>\n<p style=\"text-align: right;\">Philippe Martel, CNRS &#8211; Universit\u00e9 de Montpellier<\/p>\n<p><em><a href=\"https:\/\/www.libraria-occitana.org\/produit\/anthologie-de-lecrit-dromois-de-langue-doc-volume-i-iie-xviiie-siecles\/\">Anthologie de l\u2019\u00e9crit dr\u00f4mois de langue d\u2019oc Volume I : XIIe-XVIIIe si\u00e8cles<\/a><\/em><\/p>\n","protected":false},"excerpt":{"rendered":"<p>L&#8217;auteur est rest\u00e9 fid\u00e8le \u00e0 ses principes : il ne s\u00e9lectionne pas en fonction de ses propres go\u00fbts &#8211; que l&#8217;on suppose pourtant excellents -, mais cherche plut\u00f4t \u00e0 donner un tableau de l&#8217;\u00e9crit d&#8217;oc en Dr\u00f4me dans toutes ses dimensions. Il ne dresse pas le c\u00e9notaphe des Bons Auteurs, c&#8217;est-\u00e0-dire de ceux qui ont [&hellip;]<\/p>\n","protected":false},"featured_media":36577,"template":"","meta":{"_acf_changed":false,"_genesis_hide_title":false,"_genesis_hide_breadcrumbs":false,"_genesis_hide_singular_image":false,"_genesis_hide_footer_widgets":false,"_genesis_custom_body_class":"","_genesis_custom_post_class":"","_genesis_layout":""},"product_brand":[],"product_cat":[7189,7133,7175],"product_tag":[],"class_list":{"0":"post-27661","1":"product","2":"type-product","3":"status-publish","4":"has-post-thumbnail","6":"product_cat-estudis-literaris-oc","7":"product_cat-libres-oc","8":"product_cat-literatura-oc","9":"pa_auteur-rixte-jean-claude-oc","10":"pa_editeur-ieo-daufinat-provenca-terra-doc-oc","11":"pa_langue-francais-oc","12":"entry","14":"first","15":"instock","16":"shipping-taxable","17":"purchasable","18":"product-type-simple"},"acf":[],"_links":{"self":[{"href":"https:\/\/www.libraria-occitana.org\/oc\/wp-json\/wp\/v2\/product\/27661","targetHints":{"allow":["GET"]}}],"collection":[{"href":"https:\/\/www.libraria-occitana.org\/oc\/wp-json\/wp\/v2\/product"}],"about":[{"href":"https:\/\/www.libraria-occitana.org\/oc\/wp-json\/wp\/v2\/types\/product"}],"wp:featuredmedia":[{"embeddable":true,"href":"https:\/\/www.libraria-occitana.org\/oc\/wp-json\/wp\/v2\/media\/36577"}],"wp:attachment":[{"href":"https:\/\/www.libraria-occitana.org\/oc\/wp-json\/wp\/v2\/media?parent=27661"}],"wp:term":[{"taxonomy":"product_brand","embeddable":true,"href":"https:\/\/www.libraria-occitana.org\/oc\/wp-json\/wp\/v2\/product_brand?post=27661"},{"taxonomy":"product_cat","embeddable":true,"href":"https:\/\/www.libraria-occitana.org\/oc\/wp-json\/wp\/v2\/product_cat?post=27661"},{"taxonomy":"product_tag","embeddable":true,"href":"https:\/\/www.libraria-occitana.org\/oc\/wp-json\/wp\/v2\/product_tag?post=27661"}],"curies":[{"name":"wp","href":"https:\/\/api.w.org\/{rel}","templated":true}]}}