{"id":27665,"date":"2004-09-01T18:37:08","date_gmt":"2004-09-01T17:37:08","guid":{"rendered":"http:\/\/www.libraria-occitana.org\/all-products\/50-activites-en-occitan-languedocien-au-cycle-2-libre-cd-cdrom?lang=oc"},"modified":"2026-04-29T06:21:08","modified_gmt":"2026-04-29T04:21:08","slug":"50-activites-en-occitan-languedocien-au-cycle-2-libre-cd-cdrom","status":"publish","type":"product","link":"https:\/\/www.libraria-occitana.org\/oc\/produch\/50-activites-en-occitan-languedocien-au-cycle-2-libre-cd-cdrom\/","title":{"rendered":"50 activit\u00e9s en occitan languedocien au cycle 2 (libre + CD + CDrom)"},"content":{"rendered":"<p><em>50 activit\u00e9s en occitan au cycle 2<\/em> s&#8217;adresse \u00e0 tous les enseignants de l&#8217;\u00e9cole primaire, qu&#8217;ils soient ou non occitanophones.<\/p>\n<p>L&#8217;auteur a s\u00e9lectionn\u00e9, en fonction de crit\u00e8res linguistiques pr\u00e9cis, un \u00e9chantillon de comptines, de chansons, de jeux dialogu\u00e9s, d&#8217;expressions, de petits contes rythm\u00e9s du patrimoine r\u00e9gional et propose d&#8217;exploiter cette litt\u00e9rature populaire afin de &#8220;prendre langue&#8221; par le biais d&#8217;activit\u00e9s ludiques adapt\u00e9es \u00e0 l&#8217;\u00e2ge des \u00e9l\u00e8ves du cycle 2.<\/p>\n<p>Apr\u00e8s avoir chant\u00e9, dans\u00e9, jou\u00e9, dit et racont\u00e9 en occitan, un dernier chapitre propose neuf petites sayn\u00e8tes de cr\u00e9ation. Ces histoires &#8220;\u00e0 vivre&#8221; privil\u00e9gient les activit\u00e9s d&#8217;\u00e9change et de communication que l&#8217;enseignant peut animer \u00e0 partir des nombreuses illustrations du c\u00e9d\u00e9rom.<\/p>\n<p>Chacune des 50 fiches du livre est s\u00e9quenc\u00e9e et modulable selon le niveau de la classe (GS\/CP\/CE1). Les textes en occitan languedocien enregistr\u00e9s sur le CD audio sont accompagn\u00e9s de leur traduction en fran\u00e7ais et de leur prononciation transcrite en alphabet phon\u00e9tique international.<\/p>\n<p>Sur le c\u00e9d\u00e9rom, l&#8217;enseignant trouvera, pour chaque unit\u00e9, des illustrations et des cartes en couleurs \u00e0 imprimer afin de conduire les activit\u00e9s propos\u00e9es, de donner des supports aux \u00e9l\u00e8ves et de peupler la classe des personnages du livre.<\/p>\n","protected":false},"excerpt":{"rendered":"<p>50 activit\u00e9s en occitan au cycle 2 s&#8217;adresse \u00e0 tous les enseignants de l&#8217;\u00e9cole primaire, qu&#8217;ils soient ou non occitanophones. L&#8217;auteur a s\u00e9lectionn\u00e9, en fonction de crit\u00e8res linguistiques pr\u00e9cis, un \u00e9chantillon de comptines, de chansons, de jeux dialogu\u00e9s, d&#8217;expressions, de petits contes rythm\u00e9s du patrimoine r\u00e9gional et propose d&#8217;exploiter cette litt\u00e9rature populaire afin de &#8220;prendre [&hellip;]<\/p>\n","protected":false},"featured_media":36580,"template":"","meta":{"_acf_changed":false,"_genesis_hide_title":false,"_genesis_hide_breadcrumbs":false,"_genesis_hide_singular_image":false,"_genesis_hide_footer_widgets":false,"_genesis_custom_body_class":"","_genesis_custom_post_class":"","_genesis_layout":""},"product_brand":[],"product_cat":[7137,7145,7133],"product_tag":[],"class_list":{"0":"post-27665","1":"product","2":"type-product","3":"status-publish","4":"has-post-thumbnail","6":"product_cat-diccionaris-lenga-escolar-oc","7":"product_cat-escolar-pedagogia-oc","8":"product_cat-libres-oc","9":"pa_auteur-floutard-alain-oc","10":"pa_editeur-crdp-midi-pyrenees-oc","11":"pa_langue-francais-oc","12":"pa_langue-occitan-oc","13":"pa_langue-occitan-lengadocian-oc","14":"entry","16":"first","17":"outofstock","18":"shipping-taxable","19":"purchasable","20":"product-type-simple"},"acf":[],"_links":{"self":[{"href":"https:\/\/www.libraria-occitana.org\/oc\/wp-json\/wp\/v2\/product\/27665","targetHints":{"allow":["GET"]}}],"collection":[{"href":"https:\/\/www.libraria-occitana.org\/oc\/wp-json\/wp\/v2\/product"}],"about":[{"href":"https:\/\/www.libraria-occitana.org\/oc\/wp-json\/wp\/v2\/types\/product"}],"wp:featuredmedia":[{"embeddable":true,"href":"https:\/\/www.libraria-occitana.org\/oc\/wp-json\/wp\/v2\/media\/36580"}],"wp:attachment":[{"href":"https:\/\/www.libraria-occitana.org\/oc\/wp-json\/wp\/v2\/media?parent=27665"}],"wp:term":[{"taxonomy":"product_brand","embeddable":true,"href":"https:\/\/www.libraria-occitana.org\/oc\/wp-json\/wp\/v2\/product_brand?post=27665"},{"taxonomy":"product_cat","embeddable":true,"href":"https:\/\/www.libraria-occitana.org\/oc\/wp-json\/wp\/v2\/product_cat?post=27665"},{"taxonomy":"product_tag","embeddable":true,"href":"https:\/\/www.libraria-occitana.org\/oc\/wp-json\/wp\/v2\/product_tag?post=27665"}],"curies":[{"name":"wp","href":"https:\/\/api.w.org\/{rel}","templated":true}]}}