{"id":27666,"date":"2004-05-01T15:52:54","date_gmt":"2004-05-01T14:52:54","guid":{"rendered":"http:\/\/www.libraria-occitana.org\/all-products\/petit-theatre-desamour-dins-los-uelhs-de-la-coeta-del-pavon?lang=oc"},"modified":"2026-04-26T00:16:49","modified_gmt":"2026-04-25T22:16:49","slug":"petit-theatre-desamour-dins-los-uelhs-de-la-coeta-del-pavon","status":"publish","type":"product","link":"https:\/\/www.libraria-occitana.org\/oc\/produch\/petit-theatre-desamour-dins-los-uelhs-de-la-coeta-del-pavon\/","title":{"rendered":"Petit th\u00e9\u00e2tre d\u00e9samour : Dins los u\u00e8lhs de la coeta del pavon"},"content":{"rendered":"<p>Texte occitan et traduction fran\u00e7aise.<\/p>\n<p>Douze dessins de Michel Dumas, d\u00e9licats et subtils (mais non pas mi\u00e8vres !), exprimant un riche univers onirique par divers outils graphiques.<\/p>\n<p>Art figuratif, art de la miniature, art de la composition par collages, recours non gratuits, en son fond et ses marges, au texte imprim\u00e9, \u0153uvre originale, d\u2019un \u00e9chevel\u00e9 ma\u00eetris\u00e9, forte en sa discr\u00e9tion, belle. Et en vis-\u00e0-vis, en occitan avec traduction fran\u00e7aise, quelques phrases, les petits textes sibyllins de Teresa Canet, ajoutant au myst\u00e8re sous leur descriptive apparence de belle et bonne interpr\u00e9tation.<\/p>\n<p><strong>Colleccion \u00ab Au mot son imatge \u00bb :<\/strong><br \/>\nCes livres de grand format (20,5 \u00d7 30,5 cm), en cahiers libres de 8 pages, sous pochette \u00e0 rabats, allient vraiment le texte \u00e0 l\u2019image, soit que l\u2019image vienne illustrer le texte, soit que le texte vienne argumenter l\u2019image.<\/p>\n","protected":false},"excerpt":{"rendered":"<p>Texte occitan et traduction fran\u00e7aise. Douze dessins de Michel Dumas, d\u00e9licats et subtils (mais non pas mi\u00e8vres !), exprimant un riche univers onirique par divers outils graphiques. Art figuratif, art de la miniature, art de la composition par collages, recours non gratuits, en son fond et ses marges, au texte imprim\u00e9, \u0153uvre originale, d\u2019un \u00e9chevel\u00e9 [&hellip;]<\/p>\n","protected":false},"featured_media":27667,"template":"","meta":{"_acf_changed":false,"_genesis_hide_title":false,"_genesis_hide_breadcrumbs":false,"_genesis_hide_singular_image":false,"_genesis_hide_footer_widgets":false,"_genesis_custom_body_class":"","_genesis_custom_post_class":"","_genesis_layout":""},"product_brand":[],"product_cat":[7133,7175,7181],"product_tag":[],"class_list":{"0":"post-27666","1":"product","2":"type-product","3":"status-publish","4":"has-post-thumbnail","6":"product_cat-libres-oc","7":"product_cat-literatura-oc","8":"product_cat-poesia-oc","9":"pa_auteur-canet-teresa-oc","10":"pa_editeur-lo-chamin-de-sent-jaume-oc","11":"pa_illustrateur-dumas-michel-oc","12":"pa_langue-occitan-lengadocian-oc","13":"pa_langue-occitan-francais-oc","14":"entry","16":"first","17":"instock","18":"shipping-taxable","19":"purchasable","20":"product-type-simple"},"acf":[],"_links":{"self":[{"href":"https:\/\/www.libraria-occitana.org\/oc\/wp-json\/wp\/v2\/product\/27666","targetHints":{"allow":["GET"]}}],"collection":[{"href":"https:\/\/www.libraria-occitana.org\/oc\/wp-json\/wp\/v2\/product"}],"about":[{"href":"https:\/\/www.libraria-occitana.org\/oc\/wp-json\/wp\/v2\/types\/product"}],"wp:featuredmedia":[{"embeddable":true,"href":"https:\/\/www.libraria-occitana.org\/oc\/wp-json\/wp\/v2\/media\/27667"}],"wp:attachment":[{"href":"https:\/\/www.libraria-occitana.org\/oc\/wp-json\/wp\/v2\/media?parent=27666"}],"wp:term":[{"taxonomy":"product_brand","embeddable":true,"href":"https:\/\/www.libraria-occitana.org\/oc\/wp-json\/wp\/v2\/product_brand?post=27666"},{"taxonomy":"product_cat","embeddable":true,"href":"https:\/\/www.libraria-occitana.org\/oc\/wp-json\/wp\/v2\/product_cat?post=27666"},{"taxonomy":"product_tag","embeddable":true,"href":"https:\/\/www.libraria-occitana.org\/oc\/wp-json\/wp\/v2\/product_tag?post=27666"}],"curies":[{"name":"wp","href":"https:\/\/api.w.org\/{rel}","templated":true}]}}